{"id":855,"date":"2021-04-22T23:23:39","date_gmt":"2021-04-22T21:23:39","guid":{"rendered":"https:\/\/smaat.2n-tech.com\/?page_id=855"},"modified":"2023-07-10T11:10:20","modified_gmt":"2023-07-10T09:10:20","slug":"debitmetre-electromagnetique","status":"publish","type":"page","link":"https:\/\/www.smaat-techniques.com\/en\/debitmetre-electromagnetique\/","title":{"rendered":"D\u00e9bitm\u00e8tre \u00e9lectromagn\u00e9tique"},"content":{"rendered":"<div class=\"flex_column av_one_fourth  flex_column_div av-zero-column-padding first  avia-builder-el-0  el_before_av_one_fourth  avia-builder-el-first\" style='border-radius:0px; '><p><section class=\"av_textblock_section\"  itemscope=\"itemscope\" itemtype=\"https:\/\/schema.org\/CreativeWork\" ><div class='avia_textblock'   itemprop=\"text\" ><p><a href=\"https:\/\/www.smaat-techniques.com\/en\/nos-produits\/\">Tous nos produits<\/a><\/p>\n<\/div><\/section><br \/>\n<section class=\"av_textblock_section\"  itemscope=\"itemscope\" itemtype=\"https:\/\/schema.org\/CreativeWork\" ><div class='avia_textblock'   itemprop=\"text\" ><p><a href=\"https:\/\/www.smaat-techniques.com\/en\/debitmetre-electromagnetique\/\">D\u00e9bitm\u00e8tre \u00e9lectromagn\u00e9tique<\/a><\/p>\n<\/div><\/section><br \/>\n<section class=\"av_textblock_section\"  itemscope=\"itemscope\" itemtype=\"https:\/\/schema.org\/CreativeWork\" ><div class='avia_textblock'   itemprop=\"text\" ><p><a href=\"https:\/\/www.smaat-techniques.com\/en\/transmetteur-de-pression-differentiel\/\">Transmetteur de pression diff\u00e9rentiel<\/a><\/p>\n<\/div><\/section><br \/>\n<section class=\"av_textblock_section\"  itemscope=\"itemscope\" itemtype=\"https:\/\/schema.org\/CreativeWork\" ><div class='avia_textblock'   itemprop=\"text\" ><p><a href=\"https:\/\/www.smaat-techniques.com\/en\/transmetteur-de-pression\/\">Transmetteur de pression<\/a><\/p>\n<\/div><\/section><br \/>\n<section class=\"av_textblock_section\"  itemscope=\"itemscope\" itemtype=\"https:\/\/schema.org\/CreativeWork\" ><div class='avia_textblock'   itemprop=\"text\" ><p><a href=\"https:\/\/www.smaat-techniques.com\/en\/debitmetre-vortex\/\">D\u00e9bitm\u00e8tre vortex<\/a><\/p>\n<\/div><\/section><br \/>\n<section class=\"av_textblock_section\"  itemscope=\"itemscope\" itemtype=\"https:\/\/schema.org\/CreativeWork\" ><div class='avia_textblock'   itemprop=\"text\" ><p><a href=\"https:\/\/www.smaat-techniques.com\/en\/niveau-par-ultrason\/\">Niveau par ultrason<\/a><\/p>\n<\/div><\/section><br \/>\n<section class=\"av_textblock_section\"  itemscope=\"itemscope\" itemtype=\"https:\/\/schema.org\/CreativeWork\" ><div class='avia_textblock'   itemprop=\"text\" ><p><a href=\"https:\/\/www.smaat-techniques.com\/en\/instrument-hydrologique\/\"><span class=\"VIiyi\" lang=\"fr\"><span class=\"JLqJ4b ChMk0b\" data-language-for-alternatives=\"fr\" data-language-to-translate-into=\"zh-CN\" data-phrase-index=\"0\">Instrument hydrologique<\/span><\/span><\/a><\/p>\n<\/div><\/section><\/p><\/div>\n<div class=\"flex_column av_one_fourth  flex_column_div av-zero-column-padding   avia-builder-el-8  el_after_av_one_fourth  el_before_av_one_fourth\" style='border-radius:0px; '><p><div  class='avia-image-container  av-styling-    avia-builder-el-9  el_before_av_textblock  avia-builder-el-first  avia-align-center'  itemprop=\"image\" itemscope=\"itemscope\" itemtype=\"https:\/\/schema.org\/ImageObject\"  ><div class='avia-image-container-inner'><div class='avia-image-overlay-wrap'><a href='https:\/\/www.smaat-techniques.com\/en\/debitmetre-electromagnetique-integre\/' class='avia_image'  ><img decoding=\"async\" width=\"200\" height=\"300\" class='wp-image-1430 avia-img-lazy-loading-not-1430 avia_image' src=\"https:\/\/www.smaat-techniques.com\/wp-content\/uploads\/2021\/05\/FLODEM-100-F\u6cd5\u5170\u578b\u7535\u78c1\u6d41\u91cf\u8ba1-200x300.jpg\" alt='FLODEM-100 d\u00e9bitm\u00e8tre \u00e9lectromagn\u00e8tique SMAAT' title='FLODEM-100 d\u00e9bitm\u00e8tre \u00e9lectromagn\u00e8tique SMAAT'  itemprop=\"thumbnailUrl\" srcset=\"https:\/\/www.smaat-techniques.com\/wp-content\/uploads\/2021\/05\/FLODEM-100-F\u6cd5\u5170\u578b\u7535\u78c1\u6d41\u91cf\u8ba1-200x300.jpg 200w, https:\/\/www.smaat-techniques.com\/wp-content\/uploads\/2021\/05\/FLODEM-100-F\u6cd5\u5170\u578b\u7535\u78c1\u6d41\u91cf\u8ba1-686x1030.jpg 686w, https:\/\/www.smaat-techniques.com\/wp-content\/uploads\/2021\/05\/FLODEM-100-F\u6cd5\u5170\u578b\u7535\u78c1\u6d41\u91cf\u8ba1-768x1152.jpg 768w, https:\/\/www.smaat-techniques.com\/wp-content\/uploads\/2021\/05\/FLODEM-100-F\u6cd5\u5170\u578b\u7535\u78c1\u6d41\u91cf\u8ba1-1024x1536.jpg 1024w, https:\/\/www.smaat-techniques.com\/wp-content\/uploads\/2021\/05\/FLODEM-100-F\u6cd5\u5170\u578b\u7535\u78c1\u6d41\u91cf\u8ba1-8x12.jpg 8w, https:\/\/www.smaat-techniques.com\/wp-content\/uploads\/2021\/05\/FLODEM-100-F\u6cd5\u5170\u578b\u7535\u78c1\u6d41\u91cf\u8ba1-1000x1500.jpg 1000w, https:\/\/www.smaat-techniques.com\/wp-content\/uploads\/2021\/05\/FLODEM-100-F\u6cd5\u5170\u578b\u7535\u78c1\u6d41\u91cf\u8ba1-470x705.jpg 470w, https:\/\/www.smaat-techniques.com\/wp-content\/uploads\/2021\/05\/FLODEM-100-F\u6cd5\u5170\u578b\u7535\u78c1\u6d41\u91cf\u8ba1.jpg 1181w\" sizes=\"(max-width: 200px) 100vw, 200px\" \/><\/a><\/div><\/div><\/div><br \/>\n<section class=\"av_textblock_section\"  itemscope=\"itemscope\" itemtype=\"https:\/\/schema.org\/CreativeWork\" ><div class='avia_textblock'   itemprop=\"text\" ><p style=\"text-align: center;\"><a href=\"https:\/\/www.smaat-techniques.com\/en\/debitmetre-electromagnetique-integre\/\">D\u00e9bitm\u00e8tre \u00e9lectromagn\u00e9tique int\u00e9gr\u00e9<\/a><\/p>\n<\/div><\/section><br \/>\n<div  class='avia-image-container  av-styling-    avia-builder-el-11  el_after_av_textblock  el_before_av_textblock  avia-align-center'  itemprop=\"image\" itemscope=\"itemscope\" itemtype=\"https:\/\/schema.org\/ImageObject\"  ><div class='avia-image-container-inner'><div class='avia-image-overlay-wrap'><a href='https:\/\/www.smaat-techniques.com\/en\/debitmetre-electromagnetique-enfichable\/' class='avia_image'  ><img decoding=\"async\" width=\"200\" height=\"300\" class='wp-image-1435 avia-img-lazy-loading-not-1435 avia_image' src=\"https:\/\/www.smaat-techniques.com\/wp-content\/uploads\/2021\/05\/FLODEM-100-\u63d2\u5165\u5f0f\u7535\u78c1\u6d41\u91cf\u8ba1-200x300.jpg\" alt='FLODEM-100 d\u00e9bitm\u00e8tre \u00e9lectromagn\u00e8tique \u00e0 ins\u00e9rer SMAAT' title='FLODEM-100 d\u00e9bitm\u00e8tre \u00e9lectromagn\u00e8tique \u00e0 ins\u00e9rer SMAAT'  itemprop=\"thumbnailUrl\" srcset=\"https:\/\/www.smaat-techniques.com\/wp-content\/uploads\/2021\/05\/FLODEM-100-\u63d2\u5165\u5f0f\u7535\u78c1\u6d41\u91cf\u8ba1-200x300.jpg 200w, https:\/\/www.smaat-techniques.com\/wp-content\/uploads\/2021\/05\/FLODEM-100-\u63d2\u5165\u5f0f\u7535\u78c1\u6d41\u91cf\u8ba1-686x1030.jpg 686w, https:\/\/www.smaat-techniques.com\/wp-content\/uploads\/2021\/05\/FLODEM-100-\u63d2\u5165\u5f0f\u7535\u78c1\u6d41\u91cf\u8ba1-768x1152.jpg 768w, https:\/\/www.smaat-techniques.com\/wp-content\/uploads\/2021\/05\/FLODEM-100-\u63d2\u5165\u5f0f\u7535\u78c1\u6d41\u91cf\u8ba1-1024x1536.jpg 1024w, https:\/\/www.smaat-techniques.com\/wp-content\/uploads\/2021\/05\/FLODEM-100-\u63d2\u5165\u5f0f\u7535\u78c1\u6d41\u91cf\u8ba1-8x12.jpg 8w, https:\/\/www.smaat-techniques.com\/wp-content\/uploads\/2021\/05\/FLODEM-100-\u63d2\u5165\u5f0f\u7535\u78c1\u6d41\u91cf\u8ba1-1000x1500.jpg 1000w, https:\/\/www.smaat-techniques.com\/wp-content\/uploads\/2021\/05\/FLODEM-100-\u63d2\u5165\u5f0f\u7535\u78c1\u6d41\u91cf\u8ba1-470x705.jpg 470w, https:\/\/www.smaat-techniques.com\/wp-content\/uploads\/2021\/05\/FLODEM-100-\u63d2\u5165\u5f0f\u7535\u78c1\u6d41\u91cf\u8ba1.jpg 1181w\" sizes=\"(max-width: 200px) 100vw, 200px\" \/><\/a><\/div><\/div><\/div><br \/>\n<section class=\"av_textblock_section\"  itemscope=\"itemscope\" itemtype=\"https:\/\/schema.org\/CreativeWork\" ><div class='avia_textblock'   itemprop=\"text\" ><p style=\"text-align: center;\"><a href=\"https:\/\/www.smaat-techniques.com\/en\/debitmetre-electromagnetique-enfichable\/\">D\u00e9bitm\u00e8tre \u00e9lectromagn\u00e9tique enfichable<\/a><\/p>\n<\/div><\/section><\/p><\/div>\n<div class=\"flex_column av_one_fourth  flex_column_div av-zero-column-padding   avia-builder-el-13  el_after_av_one_fourth  el_before_av_one_fourth\" style='border-radius:0px; '><p><div  class='avia-image-container  av-styling-    avia-builder-el-14  el_before_av_textblock  avia-builder-el-first  avia-align-center'  itemprop=\"image\" itemscope=\"itemscope\" itemtype=\"https:\/\/schema.org\/ImageObject\"  ><div class='avia-image-container-inner'><div class='avia-image-overlay-wrap'><a href='https:\/\/www.smaat-techniques.com\/en\/debitmetre-electromagnetique-a-pince\/' class='avia_image'  ><img decoding=\"async\" width=\"200\" height=\"300\" class='wp-image-1432 avia-img-lazy-loading-not-1432 avia_image' src=\"https:\/\/www.smaat-techniques.com\/wp-content\/uploads\/2021\/05\/FLODEM-100-I-\u5361\u7b8d\u5f0f\u7535\u78c1\u6d41\u91cf\u8ba1-200x300.jpg\" alt='FLODEM-100-I d\u00e9bitm\u00e8tre \u00e9lectromagn\u00e8tique \u00e0 pince SMAAT' title='FLODEM-100-I d\u00e9bitm\u00e8tre \u00e9lectromagn\u00e8tique \u00e0 pince SMAAT'  itemprop=\"thumbnailUrl\" srcset=\"https:\/\/www.smaat-techniques.com\/wp-content\/uploads\/2021\/05\/FLODEM-100-I-\u5361\u7b8d\u5f0f\u7535\u78c1\u6d41\u91cf\u8ba1-200x300.jpg 200w, https:\/\/www.smaat-techniques.com\/wp-content\/uploads\/2021\/05\/FLODEM-100-I-\u5361\u7b8d\u5f0f\u7535\u78c1\u6d41\u91cf\u8ba1-686x1030.jpg 686w, https:\/\/www.smaat-techniques.com\/wp-content\/uploads\/2021\/05\/FLODEM-100-I-\u5361\u7b8d\u5f0f\u7535\u78c1\u6d41\u91cf\u8ba1-768x1152.jpg 768w, https:\/\/www.smaat-techniques.com\/wp-content\/uploads\/2021\/05\/FLODEM-100-I-\u5361\u7b8d\u5f0f\u7535\u78c1\u6d41\u91cf\u8ba1-1024x1536.jpg 1024w, https:\/\/www.smaat-techniques.com\/wp-content\/uploads\/2021\/05\/FLODEM-100-I-\u5361\u7b8d\u5f0f\u7535\u78c1\u6d41\u91cf\u8ba1-8x12.jpg 8w, https:\/\/www.smaat-techniques.com\/wp-content\/uploads\/2021\/05\/FLODEM-100-I-\u5361\u7b8d\u5f0f\u7535\u78c1\u6d41\u91cf\u8ba1-1000x1500.jpg 1000w, https:\/\/www.smaat-techniques.com\/wp-content\/uploads\/2021\/05\/FLODEM-100-I-\u5361\u7b8d\u5f0f\u7535\u78c1\u6d41\u91cf\u8ba1-470x705.jpg 470w, https:\/\/www.smaat-techniques.com\/wp-content\/uploads\/2021\/05\/FLODEM-100-I-\u5361\u7b8d\u5f0f\u7535\u78c1\u6d41\u91cf\u8ba1.jpg 1181w\" sizes=\"(max-width: 200px) 100vw, 200px\" \/><\/a><\/div><\/div><\/div><br \/>\n<section class=\"av_textblock_section\"  itemscope=\"itemscope\" itemtype=\"https:\/\/schema.org\/CreativeWork\" ><div class='avia_textblock'   itemprop=\"text\" ><p style=\"text-align: center;\"><a href=\"https:\/\/www.smaat-techniques.com\/en\/debitmetre-electromagnetique-a-pince\/\">D\u00e9bitm\u00e8tre \u00e9lectromagn\u00e9tique \u00e0 pince<\/a><\/p>\n<\/div><\/section><br \/>\n<div  class='avia-image-container  av-styling-    avia-builder-el-16  el_after_av_textblock  el_before_av_textblock  avia-align-center'  itemprop=\"image\" itemscope=\"itemscope\" itemtype=\"https:\/\/schema.org\/ImageObject\"  ><div class='avia-image-container-inner'><div class='avia-image-overlay-wrap'><a href='https:\/\/www.smaat-techniques.com\/en\/debitmetre-electromagnetique-deporte\/' class='avia_image'  ><img decoding=\"async\" width=\"200\" height=\"300\" class='wp-image-1436 avia-img-lazy-loading-not-1436 avia_image' src=\"https:\/\/www.smaat-techniques.com\/wp-content\/uploads\/2021\/05\/FLODEM-100-F\u5206\u4f53\u578b\u7535\u78c1\u6d41\u91cf\u8ba1-200x300.jpg\" alt='FLODEM-100-F d\u00e9bitm\u00e8tre \u00e9lectromagn\u00e8tique d\u00e9port\u00e9 SMAAT' title='FLODEM-100-F d\u00e9bitm\u00e8tre \u00e9lectromagn\u00e8tique d\u00e9port\u00e9 SMAAT'  itemprop=\"thumbnailUrl\" srcset=\"https:\/\/www.smaat-techniques.com\/wp-content\/uploads\/2021\/05\/FLODEM-100-F\u5206\u4f53\u578b\u7535\u78c1\u6d41\u91cf\u8ba1-200x300.jpg 200w, https:\/\/www.smaat-techniques.com\/wp-content\/uploads\/2021\/05\/FLODEM-100-F\u5206\u4f53\u578b\u7535\u78c1\u6d41\u91cf\u8ba1-686x1030.jpg 686w, https:\/\/www.smaat-techniques.com\/wp-content\/uploads\/2021\/05\/FLODEM-100-F\u5206\u4f53\u578b\u7535\u78c1\u6d41\u91cf\u8ba1-768x1152.jpg 768w, https:\/\/www.smaat-techniques.com\/wp-content\/uploads\/2021\/05\/FLODEM-100-F\u5206\u4f53\u578b\u7535\u78c1\u6d41\u91cf\u8ba1-1024x1536.jpg 1024w, https:\/\/www.smaat-techniques.com\/wp-content\/uploads\/2021\/05\/FLODEM-100-F\u5206\u4f53\u578b\u7535\u78c1\u6d41\u91cf\u8ba1-8x12.jpg 8w, https:\/\/www.smaat-techniques.com\/wp-content\/uploads\/2021\/05\/FLODEM-100-F\u5206\u4f53\u578b\u7535\u78c1\u6d41\u91cf\u8ba1-1000x1500.jpg 1000w, https:\/\/www.smaat-techniques.com\/wp-content\/uploads\/2021\/05\/FLODEM-100-F\u5206\u4f53\u578b\u7535\u78c1\u6d41\u91cf\u8ba1-470x705.jpg 470w, https:\/\/www.smaat-techniques.com\/wp-content\/uploads\/2021\/05\/FLODEM-100-F\u5206\u4f53\u578b\u7535\u78c1\u6d41\u91cf\u8ba1.jpg 1181w\" sizes=\"(max-width: 200px) 100vw, 200px\" \/><\/a><\/div><\/div><\/div><br \/>\n<section class=\"av_textblock_section\"  itemscope=\"itemscope\" itemtype=\"https:\/\/schema.org\/CreativeWork\" ><div class='avia_textblock'   itemprop=\"text\" ><p style=\"text-align: center;\"><a href=\"https:\/\/www.smaat-techniques.com\/en\/debitmetre-electromagnetique-deporte\/\">D\u00e9bitm\u00e8tre \u00e9lectromagn\u00e9tique d\u00e9port\u00e9<\/a><\/p>\n<\/div><\/section><\/p><\/div>\n<div class=\"flex_column av_one_fourth  flex_column_div av-zero-column-padding   avia-builder-el-18  el_after_av_one_fourth  avia-builder-el-last\" style='border-radius:0px; '><p><div  class='avia-image-container  av-styling-circle    avia-builder-el-19  el_before_av_textblock  avia-builder-el-first  avia-align-center'  itemprop=\"image\" itemscope=\"itemscope\" itemtype=\"https:\/\/schema.org\/ImageObject\"  ><div class='avia-image-container-inner'><div class='avia-image-overlay-wrap'><a href='https:\/\/www.smaat-techniques.com\/en\/debitmetre-electromagnetique-a-inserer-entre-brides\/' class='avia_image'  ><img decoding=\"async\" width=\"200\" height=\"300\" class='wp-image-1434 avia-img-lazy-loading-not-1434 avia_image' src=\"https:\/\/www.smaat-techniques.com\/wp-content\/uploads\/2021\/05\/FLODEM-100-C\u5939\u6301\u578b\u7535\u78c1\u6d41\u91cf\u8ba1-200x300.jpg\" alt='FLODEM-100-C d\u00e9bitm\u00e8tre \u00e9lectromagn\u00e8tique \u00e0 serrer SMAAT' title='FLODEM-100-C d\u00e9bitm\u00e8tre \u00e9lectromagn\u00e8tique \u00e0 serrer SMAAT'  itemprop=\"thumbnailUrl\" srcset=\"https:\/\/www.smaat-techniques.com\/wp-content\/uploads\/2021\/05\/FLODEM-100-C\u5939\u6301\u578b\u7535\u78c1\u6d41\u91cf\u8ba1-200x300.jpg 200w, https:\/\/www.smaat-techniques.com\/wp-content\/uploads\/2021\/05\/FLODEM-100-C\u5939\u6301\u578b\u7535\u78c1\u6d41\u91cf\u8ba1-686x1030.jpg 686w, https:\/\/www.smaat-techniques.com\/wp-content\/uploads\/2021\/05\/FLODEM-100-C\u5939\u6301\u578b\u7535\u78c1\u6d41\u91cf\u8ba1-768x1152.jpg 768w, https:\/\/www.smaat-techniques.com\/wp-content\/uploads\/2021\/05\/FLODEM-100-C\u5939\u6301\u578b\u7535\u78c1\u6d41\u91cf\u8ba1-1024x1536.jpg 1024w, https:\/\/www.smaat-techniques.com\/wp-content\/uploads\/2021\/05\/FLODEM-100-C\u5939\u6301\u578b\u7535\u78c1\u6d41\u91cf\u8ba1-8x12.jpg 8w, https:\/\/www.smaat-techniques.com\/wp-content\/uploads\/2021\/05\/FLODEM-100-C\u5939\u6301\u578b\u7535\u78c1\u6d41\u91cf\u8ba1-1000x1500.jpg 1000w, https:\/\/www.smaat-techniques.com\/wp-content\/uploads\/2021\/05\/FLODEM-100-C\u5939\u6301\u578b\u7535\u78c1\u6d41\u91cf\u8ba1-470x705.jpg 470w, https:\/\/www.smaat-techniques.com\/wp-content\/uploads\/2021\/05\/FLODEM-100-C\u5939\u6301\u578b\u7535\u78c1\u6d41\u91cf\u8ba1.jpg 1181w\" sizes=\"(max-width: 200px) 100vw, 200px\" \/><\/a><\/div><\/div><\/div><br \/>\n<section class=\"av_textblock_section\"  itemscope=\"itemscope\" itemtype=\"https:\/\/schema.org\/CreativeWork\" ><div class='avia_textblock'   itemprop=\"text\" ><p style=\"text-align: center;\"><a href=\"https:\/\/www.smaat-techniques.com\/en\/debitmetre-electromagnetique-a-inserer-entre-brides\/\">D\u00e9bitm\u00e8tre \u00e9lectromagn\u00e9tique \u00e0 ins\u00e9rer entre brides<\/a><\/p>\n<\/div><\/section><\/p><\/div>","protected":false},"excerpt":{"rendered":"","protected":false},"author":1,"featured_media":0,"parent":0,"menu_order":0,"comment_status":"closed","ping_status":"closed","template":"","meta":{"footnotes":""},"class_list":["post-855","page","type-page","status-publish","hentry"],"yoast_head":"<!-- This site is optimized with the Yoast SEO plugin v27.6 - https:\/\/yoast.com\/product\/yoast-seo-wordpress\/ -->\n<title>D\u00e9bitm\u00e8tre \u00e9lectromagn\u00e9tique - Smaat Techniques<\/title>\n<meta name=\"robots\" content=\"index, follow, max-snippet:-1, max-image-preview:large, max-video-preview:-1\" \/>\n<link rel=\"canonical\" href=\"https:\/\/www.smaat-techniques.com\/en\/debitmetre-electromagnetique\/\" \/>\n<meta property=\"og:locale\" content=\"en_GB\" \/>\n<meta property=\"og:type\" content=\"article\" \/>\n<meta property=\"og:title\" content=\"D\u00e9bitm\u00e8tre \u00e9lectromagn\u00e9tique - Smaat Techniques\" \/>\n<meta property=\"og:url\" content=\"https:\/\/www.smaat-techniques.com\/en\/debitmetre-electromagnetique\/\" \/>\n<meta property=\"og:site_name\" content=\"Smaat Techniques\" \/>\n<meta property=\"article:modified_time\" content=\"2023-07-10T09:10:20+00:00\" \/>\n<meta name=\"twitter:card\" content=\"summary_large_image\" \/>\n<meta name=\"twitter:label1\" content=\"Estimated reading time\" \/>\n\t<meta name=\"twitter:data1\" content=\"7 minutes\" \/>\n<script type=\"application\/ld+json\" class=\"yoast-schema-graph\">{\"@context\":\"https:\\\/\\\/schema.org\",\"@graph\":[{\"@type\":[\"WebPage\",\"ItemPage\"],\"@id\":\"https:\\\/\\\/www.smaat-techniques.com\\\/debitmetre-electromagnetique\\\/\",\"url\":\"https:\\\/\\\/www.smaat-techniques.com\\\/debitmetre-electromagnetique\\\/\",\"name\":\"D\u00e9bitm\u00e8tre \u00e9lectromagn\u00e9tique - Smaat Techniques\",\"isPartOf\":{\"@id\":\"https:\\\/\\\/www.smaat-techniques.com\\\/#website\"},\"datePublished\":\"2021-04-22T21:23:39+00:00\",\"dateModified\":\"2023-07-10T09:10:20+00:00\",\"breadcrumb\":{\"@id\":\"https:\\\/\\\/www.smaat-techniques.com\\\/debitmetre-electromagnetique\\\/#breadcrumb\"},\"inLanguage\":\"en-GB\",\"potentialAction\":[{\"@type\":\"ReadAction\",\"target\":[\"https:\\\/\\\/www.smaat-techniques.com\\\/debitmetre-electromagnetique\\\/\"]}]},{\"@type\":\"BreadcrumbList\",\"@id\":\"https:\\\/\\\/www.smaat-techniques.com\\\/debitmetre-electromagnetique\\\/#breadcrumb\",\"itemListElement\":[{\"@type\":\"ListItem\",\"position\":1,\"name\":\"Accueil\",\"item\":\"https:\\\/\\\/www.smaat-techniques.com\\\/home\\\/\"},{\"@type\":\"ListItem\",\"position\":2,\"name\":\"D\u00e9bitm\u00e8tre \u00e9lectromagn\u00e9tique\"}]},{\"@type\":\"WebSite\",\"@id\":\"https:\\\/\\\/www.smaat-techniques.com\\\/#website\",\"url\":\"https:\\\/\\\/www.smaat-techniques.com\\\/\",\"name\":\"Smaat Techniques\",\"description\":\"Appareils de mesure et de contr\u00f4le\",\"potentialAction\":[{\"@type\":\"SearchAction\",\"target\":{\"@type\":\"EntryPoint\",\"urlTemplate\":\"https:\\\/\\\/www.smaat-techniques.com\\\/?s={search_term_string}\"},\"query-input\":{\"@type\":\"PropertyValueSpecification\",\"valueRequired\":true,\"valueName\":\"search_term_string\"}}],\"inLanguage\":\"en-GB\"}]}<\/script>\n<!-- \/ Yoast SEO plugin. -->","yoast_head_json":{"title":"D\u00e9bitm\u00e8tre \u00e9lectromagn\u00e9tique - Smaat Techniques","robots":{"index":"index","follow":"follow","max-snippet":"max-snippet:-1","max-image-preview":"max-image-preview:large","max-video-preview":"max-video-preview:-1"},"canonical":"https:\/\/www.smaat-techniques.com\/en\/debitmetre-electromagnetique\/","og_locale":"en_GB","og_type":"article","og_title":"D\u00e9bitm\u00e8tre \u00e9lectromagn\u00e9tique - Smaat Techniques","og_url":"https:\/\/www.smaat-techniques.com\/en\/debitmetre-electromagnetique\/","og_site_name":"Smaat Techniques","article_modified_time":"2023-07-10T09:10:20+00:00","twitter_card":"summary_large_image","twitter_misc":{"Estimated reading time":"7 minutes"},"schema":{"@context":"https:\/\/schema.org","@graph":[{"@type":["WebPage","ItemPage"],"@id":"https:\/\/www.smaat-techniques.com\/debitmetre-electromagnetique\/","url":"https:\/\/www.smaat-techniques.com\/debitmetre-electromagnetique\/","name":"D\u00e9bitm\u00e8tre \u00e9lectromagn\u00e9tique - Smaat Techniques","isPartOf":{"@id":"https:\/\/www.smaat-techniques.com\/#website"},"datePublished":"2021-04-22T21:23:39+00:00","dateModified":"2023-07-10T09:10:20+00:00","breadcrumb":{"@id":"https:\/\/www.smaat-techniques.com\/debitmetre-electromagnetique\/#breadcrumb"},"inLanguage":"en-GB","potentialAction":[{"@type":"ReadAction","target":["https:\/\/www.smaat-techniques.com\/debitmetre-electromagnetique\/"]}]},{"@type":"BreadcrumbList","@id":"https:\/\/www.smaat-techniques.com\/debitmetre-electromagnetique\/#breadcrumb","itemListElement":[{"@type":"ListItem","position":1,"name":"Accueil","item":"https:\/\/www.smaat-techniques.com\/home\/"},{"@type":"ListItem","position":2,"name":"D\u00e9bitm\u00e8tre \u00e9lectromagn\u00e9tique"}]},{"@type":"WebSite","@id":"https:\/\/www.smaat-techniques.com\/#website","url":"https:\/\/www.smaat-techniques.com\/","name":"Smaat Techniques","description":"Appareils de mesure et de contr\u00f4le","potentialAction":[{"@type":"SearchAction","target":{"@type":"EntryPoint","urlTemplate":"https:\/\/www.smaat-techniques.com\/?s={search_term_string}"},"query-input":{"@type":"PropertyValueSpecification","valueRequired":true,"valueName":"search_term_string"}}],"inLanguage":"en-GB"}]}},"_links":{"self":[{"href":"https:\/\/www.smaat-techniques.com\/en\/wp-json\/wp\/v2\/pages\/855","targetHints":{"allow":["GET"]}}],"collection":[{"href":"https:\/\/www.smaat-techniques.com\/en\/wp-json\/wp\/v2\/pages"}],"about":[{"href":"https:\/\/www.smaat-techniques.com\/en\/wp-json\/wp\/v2\/types\/page"}],"author":[{"embeddable":true,"href":"https:\/\/www.smaat-techniques.com\/en\/wp-json\/wp\/v2\/users\/1"}],"replies":[{"embeddable":true,"href":"https:\/\/www.smaat-techniques.com\/en\/wp-json\/wp\/v2\/comments?post=855"}],"version-history":[{"count":57,"href":"https:\/\/www.smaat-techniques.com\/en\/wp-json\/wp\/v2\/pages\/855\/revisions"}],"predecessor-version":[{"id":1741,"href":"https:\/\/www.smaat-techniques.com\/en\/wp-json\/wp\/v2\/pages\/855\/revisions\/1741"}],"wp:attachment":[{"href":"https:\/\/www.smaat-techniques.com\/en\/wp-json\/wp\/v2\/media?parent=855"}],"curies":[{"name":"wp","href":"https:\/\/api.w.org\/{rel}","templated":true}]}}