{"id":801,"date":"2021-04-20T21:17:47","date_gmt":"2021-04-20T19:17:47","guid":{"rendered":"https:\/\/smaat.2n-tech.com\/?page_id=801"},"modified":"2025-01-31T11:25:05","modified_gmt":"2025-01-31T09:25:05","slug":"home","status":"publish","type":"page","link":"https:\/\/www.smaat-techniques.com\/en\/","title":{"rendered":"accueil"},"content":{"rendered":"<div class=\"flex_column av_one_fourth  flex_column_div av-zero-column-padding first  avia-builder-el-0  el_before_av_two_third  avia-builder-el-first\" style='border-radius:0px; '><section class=\"av_textblock_section\"  itemscope=\"itemscope\" itemtype=\"https:\/\/schema.org\/CreativeWork\" ><div class='avia_textblock'   itemprop=\"text\" ><h5>Tous nos produits<\/h5>\n<\/div><\/section><br \/>\n<section class=\"av_textblock_section\"  itemscope=\"itemscope\" itemtype=\"https:\/\/schema.org\/CreativeWork\" ><div class='avia_textblock'   itemprop=\"text\" ><p><a href=\"https:\/\/www.smaat-techniques.com\/en\/debitmetre-electromagnetique\/\">D\u00e9bitm\u00e8tre \u00e9lectromagn\u00e9tique<\/a><\/p>\n<\/div><\/section><br \/>\n<section class=\"av_textblock_section\"  itemscope=\"itemscope\" itemtype=\"https:\/\/schema.org\/CreativeWork\" ><div class='avia_textblock'   itemprop=\"text\" ><p><a href=\"https:\/\/www.smaat-techniques.com\/en\/transmetteur-de-pression\/\">Transmetteur de pression<\/a><\/p>\n<\/div><\/section><br \/>\n<section class=\"av_textblock_section\"  itemscope=\"itemscope\" itemtype=\"https:\/\/schema.org\/CreativeWork\" ><div class='avia_textblock'   itemprop=\"text\" ><p><a href=\"https:\/\/www.smaat-techniques.com\/en\/transmetteur-de-pression-differentiel\/\">Transmetteur de pression diff\u00e9rentiel<\/a><\/p>\n<\/div><\/section><br \/>\n<section class=\"av_textblock_section\"  itemscope=\"itemscope\" itemtype=\"https:\/\/schema.org\/CreativeWork\" ><div class='avia_textblock'   itemprop=\"text\" ><p><a href=\"https:\/\/www.smaat-techniques.com\/en\/debitmetre-vortex\/\">D\u00e9bitm\u00e8tre vortex<\/a><\/p>\n<\/div><\/section><br \/>\n<section class=\"av_textblock_section\"  itemscope=\"itemscope\" itemtype=\"https:\/\/schema.org\/CreativeWork\" ><div class='avia_textblock'   itemprop=\"text\" ><p><a href=\"https:\/\/www.smaat-techniques.com\/en\/niveau-par-ultrason\/\">Niveau par ultrason<\/a><\/p>\n<\/div><\/section><br \/>\n<section class=\"av_textblock_section\"  itemscope=\"itemscope\" itemtype=\"https:\/\/schema.org\/CreativeWork\" ><div class='avia_textblock'   itemprop=\"text\" ><p><a href=\"https:\/\/www.smaat-techniques.com\/en\/instrument-hydrologique\/\"><span class=\"VIiyi\" lang=\"fr\"><span class=\"JLqJ4b ChMk0b\" data-language-for-alternatives=\"fr\" data-language-to-translate-into=\"zh-CN\" data-phrase-index=\"0\">Instrument hydrologique<\/span><\/span><\/a><\/p>\n<\/div><\/section><\/p><\/div>\n<div class=\"flex_column av_two_third  flex_column_div av-zero-column-padding   avia-builder-el-8  el_after_av_one_fourth  el_before_av_textblock\" style='border-radius:0px; '><section class=\"av_textblock_section\"  itemscope=\"itemscope\" itemtype=\"https:\/\/schema.org\/CreativeWork\" ><div class='avia_textblock'   itemprop=\"text\" ><h2 style=\"text-align: center;\"><span style=\"color: #808080;\">\u00c9quipez-vous bien, \u00e9quipez-vous Smaat !<\/span><\/h2>\n<\/div><\/section><br \/>\n<div  class='avia-image-container  av-styling-    avia-builder-el-10  el_after_av_textblock  el_before_av_hr  avia-align-center'  itemprop=\"image\" itemscope=\"itemscope\" itemtype=\"https:\/\/schema.org\/ImageObject\"  ><div class='avia-image-container-inner'><div class='avia-image-overlay-wrap'><img decoding=\"async\" class='wp-image-1857 avia-img-lazy-loading-not-1857 avia_image' src=\"https:\/\/www.smaat-techniques.com\/wp-content\/uploads\/2021\/06\/photo-accueil-3-845x684.jpg\" alt='SMAAT TECHNIQUES SAS' title='SMAAT TECHNIQUES SAS' height=\"684\" width=\"845\"  itemprop=\"thumbnailUrl\" srcset=\"https:\/\/www.smaat-techniques.com\/wp-content\/uploads\/2021\/06\/photo-accueil-3-845x684.jpg 845w, https:\/\/www.smaat-techniques.com\/wp-content\/uploads\/2021\/06\/photo-accueil-3-14x12.jpg 14w, https:\/\/www.smaat-techniques.com\/wp-content\/uploads\/2021\/06\/photo-accueil-3-495x400.jpg 495w\" sizes=\"(max-width: 845px) 100vw, 845px\" \/><\/div><\/div><\/div><br \/>\n<div   class='hr hr-default   avia-builder-el-11  el_after_av_image  el_before_av_textblock'><span class='hr-inner' ><span class='hr-inner-style'><\/span><\/span><\/div><br \/>\n<section class=\"av_textblock_section\"  itemscope=\"itemscope\" itemtype=\"https:\/\/schema.org\/CreativeWork\" ><div class='avia_textblock'   itemprop=\"text\" ><h4 style=\"text-align: center;\">Pour un devis gratuit, veuillez nous contacter par mail :<\/h4>\n<h4 style=\"text-align: center;\">contact@smaat-techniques.com<\/h4>\n<h4 style=\"text-align: center;\">ou par t\u00e9l\u00e9phone au 06 72 12 34 92<\/h4>\n<h4 style=\"text-align: center;\">Nous reviendrons vers vous dans les meilleurs d\u00e9lais.<\/h4>\n<\/div><\/section><br \/>\n<div   class='hr hr-default   avia-builder-el-13  el_after_av_textblock  avia-builder-el-last'><span class='hr-inner' ><span class='hr-inner-style'><\/span><\/span><\/div><\/p><\/div>\n<section class=\"av_textblock_section\"  itemscope=\"itemscope\" itemtype=\"https:\/\/schema.org\/CreativeWork\" ><div class='avia_textblock'   itemprop=\"text\" ><h2 class=\"wp-block-heading has-text-align-center wp-block-heading\" style=\"text-align: center;\">Ils nous font confiance<\/h2>\n<\/div><\/section>\n<div   data-size='no scaling'  data-lightbox_size='large'  data-animation='slide'  data-conditional_play=''  data-ids='1967,1969'  data-video_counter='0'  data-autoplay='true'  data-bg_slider='false'  data-slide_height=''  data-handle='av_slideshow'  data-interval='5'  data-class=' avia-builder-el-15  el_after_av_textblock  el_before_av_video  '  data-el_id=''  data-css_id=''  data-scroll_down=''  data-control_layout='av-control-default'  data-custom_markup=''  data-perma_caption=''  data-autoplay_stopper=''  data-image_attachment=''  data-min_height='0px'  data-lazy_loading='disabled'  class='avia-slideshow avia-slideshow-1  av-control-default av-default-height-applied avia-slideshow-no scaling av_slideshow  avia-builder-el-15  el_after_av_textblock  el_before_av_video   avia-slide-slider'  itemprop=\"image\" itemscope=\"itemscope\" itemtype=\"https:\/\/schema.org\/ImageObject\" ><ul class='avia-slideshow-inner' style='padding-bottom: 8.7658989343417%;' ><li  class='slide-1' ><div data-rel='slideshow-1' class='avia-slide-wrap'   ><img decoding=\"async\" class=\"wp-image-1967 avia-img-lazy-loading-not-1967\"  src=\"https:\/\/www.smaat-techniques.com\/wp-content\/uploads\/2023\/12\/logo-transparent-1.png\" width=\"2909\" height=\"255\" title='logo - transparent 1' alt=''  itemprop=\"thumbnailUrl\" srcset=\"https:\/\/www.smaat-techniques.com\/wp-content\/uploads\/2023\/12\/logo-transparent-1.png 2909w, https:\/\/www.smaat-techniques.com\/wp-content\/uploads\/2023\/12\/logo-transparent-1-300x26.png 300w, https:\/\/www.smaat-techniques.com\/wp-content\/uploads\/2023\/12\/logo-transparent-1-1030x90.png 1030w, https:\/\/www.smaat-techniques.com\/wp-content\/uploads\/2023\/12\/logo-transparent-1-768x67.png 768w, https:\/\/www.smaat-techniques.com\/wp-content\/uploads\/2023\/12\/logo-transparent-1-1536x135.png 1536w, https:\/\/www.smaat-techniques.com\/wp-content\/uploads\/2023\/12\/logo-transparent-1-2048x180.png 2048w, https:\/\/www.smaat-techniques.com\/wp-content\/uploads\/2023\/12\/logo-transparent-1-18x2.png 18w, https:\/\/www.smaat-techniques.com\/wp-content\/uploads\/2023\/12\/logo-transparent-1-1500x131.png 1500w, https:\/\/www.smaat-techniques.com\/wp-content\/uploads\/2023\/12\/logo-transparent-1-705x62.png 705w\" sizes=\"(max-width: 2909px) 100vw, 2909px\" \/><\/div><\/li><li  class='slide-2' ><div data-rel='slideshow-1' class='avia-slide-wrap'   ><img decoding=\"async\" class=\"wp-image-1969 avia-img-lazy-loading-not-1969\"  src=\"https:\/\/www.smaat-techniques.com\/wp-content\/uploads\/2023\/12\/logo-transparent-2-1.png\" width=\"2910\" height=\"255\" title='logo - transparent 2' alt=''  itemprop=\"thumbnailUrl\" srcset=\"https:\/\/www.smaat-techniques.com\/wp-content\/uploads\/2023\/12\/logo-transparent-2-1.png 2910w, https:\/\/www.smaat-techniques.com\/wp-content\/uploads\/2023\/12\/logo-transparent-2-1-300x26.png 300w, https:\/\/www.smaat-techniques.com\/wp-content\/uploads\/2023\/12\/logo-transparent-2-1-1030x90.png 1030w, https:\/\/www.smaat-techniques.com\/wp-content\/uploads\/2023\/12\/logo-transparent-2-1-768x67.png 768w, https:\/\/www.smaat-techniques.com\/wp-content\/uploads\/2023\/12\/logo-transparent-2-1-1536x135.png 1536w, https:\/\/www.smaat-techniques.com\/wp-content\/uploads\/2023\/12\/logo-transparent-2-1-2048x179.png 2048w, https:\/\/www.smaat-techniques.com\/wp-content\/uploads\/2023\/12\/logo-transparent-2-1-18x2.png 18w, https:\/\/www.smaat-techniques.com\/wp-content\/uploads\/2023\/12\/logo-transparent-2-1-1500x131.png 1500w, https:\/\/www.smaat-techniques.com\/wp-content\/uploads\/2023\/12\/logo-transparent-2-1-705x62.png 705w\" sizes=\"(max-width: 2910px) 100vw, 2910px\" \/><\/div><\/li><\/ul><div class='avia-slideshow-arrows avia-slideshow-controls'><a href='#prev' class='prev-slide' aria-hidden='true' data-av_icon='\ue87c' data-av_iconfont='entypo-fontello'>Previous<\/a><a href='#next' class='next-slide' aria-hidden='true' data-av_icon='\ue87d' data-av_iconfont='entypo-fontello'>Next<\/a><\/div><div class='avia-slideshow-dots avia-slideshow-controls'><a href='#1' class='goto-slide active' >1<\/a><a href='#2' class='goto-slide' >2<\/a><\/div><\/div>\n<div  class='avia-video avia-video-16-9 avia-video-html5'   itemprop=\"video\" itemtype=\"https:\/\/schema.org\/VideoObject\"  data-original_url='https:\/\/www.smaat-techniques.com\/wp-content\/uploads\/2025\/01\/17162_1738157231.mp4' ><video class='avia_video'    preload=\"auto\"  controls id='player_801_272200325_2045316943'><source src=\"https:\/\/www.smaat-techniques.com\/wp-content\/uploads\/2025\/01\/17162_1738157231.mp4\" type=\"video\/mp4\" \/><\/video><\/div>\n<div  class='avia-video avia-video-16:9   av-lazyload-immediate  av-lazyload-video-embed'   itemprop=\"video\" itemtype=\"https:\/\/schema.org\/VideoObject\"  data-original_url='https:\/\/' ><script type='text\/html' class='av-video-tmpl'><a href=\"https:\/\/\">https:\/\/<\/a><\/script><div class='av-click-to-play-overlay'><div class=\"avia_playpause_icon\"><\/div><\/div><\/div>\n<div  class='avia-video avia-video-16:9   av-lazyload-immediate  av-lazyload-video-embed'   itemprop=\"video\" itemtype=\"https:\/\/schema.org\/VideoObject\"  data-original_url='https:\/\/' ><script type='text\/html' class='av-video-tmpl'><a href=\"https:\/\/\">https:\/\/<\/a><\/script><div class='av-click-to-play-overlay'><div class=\"avia_playpause_icon\"><\/div><\/div><\/div>\n<div  class='avia-video avia-video-16:9   av-lazyload-immediate  av-lazyload-video-embed'   itemprop=\"video\" itemtype=\"https:\/\/schema.org\/VideoObject\"  data-original_url='https:\/\/' ><script type='text\/html' class='av-video-tmpl'><a href=\"https:\/\/\">https:\/\/<\/a><\/script><div class='av-click-to-play-overlay'><div class=\"avia_playpause_icon\"><\/div><\/div><\/div>","protected":false},"excerpt":{"rendered":"","protected":false},"author":1,"featured_media":0,"parent":0,"menu_order":0,"comment_status":"closed","ping_status":"closed","template":"","meta":{"footnotes":""},"class_list":["post-801","page","type-page","status-publish","hentry"],"yoast_head":"<!-- This site is optimized with the Yoast SEO plugin v27.5 - https:\/\/yoast.com\/product\/yoast-seo-wordpress\/ -->\n<title>accueil - Smaat Techniques<\/title>\n<meta name=\"robots\" content=\"index, follow, max-snippet:-1, max-image-preview:large, max-video-preview:-1\" \/>\n<link rel=\"canonical\" href=\"https:\/\/www.smaat-techniques.com\/en\/home\/\" \/>\n<meta property=\"og:locale\" content=\"en_GB\" \/>\n<meta property=\"og:type\" content=\"article\" \/>\n<meta property=\"og:title\" content=\"accueil - Smaat Techniques\" \/>\n<meta property=\"og:url\" content=\"https:\/\/www.smaat-techniques.com\/en\/home\/\" \/>\n<meta property=\"og:site_name\" content=\"Smaat Techniques\" \/>\n<meta property=\"article:modified_time\" content=\"2025-01-31T09:25:05+00:00\" \/>\n<meta name=\"twitter:card\" content=\"summary_large_image\" \/>\n<meta name=\"twitter:label1\" content=\"Estimated reading time\" \/>\n\t<meta name=\"twitter:data1\" content=\"2 minutes\" \/>\n<script type=\"application\/ld+json\" class=\"yoast-schema-graph\">{\"@context\":\"https:\\\/\\\/schema.org\",\"@graph\":[{\"@type\":\"WebPage\",\"@id\":\"https:\\\/\\\/www.smaat-techniques.com\\\/home\\\/\",\"url\":\"https:\\\/\\\/www.smaat-techniques.com\\\/home\\\/\",\"name\":\"accueil - Smaat Techniques\",\"isPartOf\":{\"@id\":\"https:\\\/\\\/www.smaat-techniques.com\\\/#website\"},\"datePublished\":\"2021-04-20T19:17:47+00:00\",\"dateModified\":\"2025-01-31T09:25:05+00:00\",\"breadcrumb\":{\"@id\":\"https:\\\/\\\/www.smaat-techniques.com\\\/home\\\/#breadcrumb\"},\"inLanguage\":\"en-GB\",\"potentialAction\":[{\"@type\":\"ReadAction\",\"target\":[\"https:\\\/\\\/www.smaat-techniques.com\\\/home\\\/\"]}]},{\"@type\":\"BreadcrumbList\",\"@id\":\"https:\\\/\\\/www.smaat-techniques.com\\\/home\\\/#breadcrumb\",\"itemListElement\":[{\"@type\":\"ListItem\",\"position\":1,\"name\":\"Accueil\",\"item\":\"https:\\\/\\\/www.smaat-techniques.com\\\/home\\\/\"},{\"@type\":\"ListItem\",\"position\":2,\"name\":\"accueil\"}]},{\"@type\":\"WebSite\",\"@id\":\"https:\\\/\\\/www.smaat-techniques.com\\\/#website\",\"url\":\"https:\\\/\\\/www.smaat-techniques.com\\\/\",\"name\":\"Smaat Techniques\",\"description\":\"Appareils de mesure et de contr\u00f4le\",\"potentialAction\":[{\"@type\":\"SearchAction\",\"target\":{\"@type\":\"EntryPoint\",\"urlTemplate\":\"https:\\\/\\\/www.smaat-techniques.com\\\/?s={search_term_string}\"},\"query-input\":{\"@type\":\"PropertyValueSpecification\",\"valueRequired\":true,\"valueName\":\"search_term_string\"}}],\"inLanguage\":\"en-GB\"}]}<\/script>\n<!-- \/ Yoast SEO plugin. -->","yoast_head_json":{"title":"accueil - Smaat Techniques","robots":{"index":"index","follow":"follow","max-snippet":"max-snippet:-1","max-image-preview":"max-image-preview:large","max-video-preview":"max-video-preview:-1"},"canonical":"https:\/\/www.smaat-techniques.com\/en\/home\/","og_locale":"en_GB","og_type":"article","og_title":"accueil - Smaat Techniques","og_url":"https:\/\/www.smaat-techniques.com\/en\/home\/","og_site_name":"Smaat Techniques","article_modified_time":"2025-01-31T09:25:05+00:00","twitter_card":"summary_large_image","twitter_misc":{"Estimated reading time":"2 minutes"},"schema":{"@context":"https:\/\/schema.org","@graph":[{"@type":"WebPage","@id":"https:\/\/www.smaat-techniques.com\/home\/","url":"https:\/\/www.smaat-techniques.com\/home\/","name":"accueil - Smaat Techniques","isPartOf":{"@id":"https:\/\/www.smaat-techniques.com\/#website"},"datePublished":"2021-04-20T19:17:47+00:00","dateModified":"2025-01-31T09:25:05+00:00","breadcrumb":{"@id":"https:\/\/www.smaat-techniques.com\/home\/#breadcrumb"},"inLanguage":"en-GB","potentialAction":[{"@type":"ReadAction","target":["https:\/\/www.smaat-techniques.com\/home\/"]}]},{"@type":"BreadcrumbList","@id":"https:\/\/www.smaat-techniques.com\/home\/#breadcrumb","itemListElement":[{"@type":"ListItem","position":1,"name":"Accueil","item":"https:\/\/www.smaat-techniques.com\/home\/"},{"@type":"ListItem","position":2,"name":"accueil"}]},{"@type":"WebSite","@id":"https:\/\/www.smaat-techniques.com\/#website","url":"https:\/\/www.smaat-techniques.com\/","name":"Smaat Techniques","description":"Appareils de mesure et de contr\u00f4le","potentialAction":[{"@type":"SearchAction","target":{"@type":"EntryPoint","urlTemplate":"https:\/\/www.smaat-techniques.com\/?s={search_term_string}"},"query-input":{"@type":"PropertyValueSpecification","valueRequired":true,"valueName":"search_term_string"}}],"inLanguage":"en-GB"}]}},"_links":{"self":[{"href":"https:\/\/www.smaat-techniques.com\/en\/wp-json\/wp\/v2\/pages\/801","targetHints":{"allow":["GET"]}}],"collection":[{"href":"https:\/\/www.smaat-techniques.com\/en\/wp-json\/wp\/v2\/pages"}],"about":[{"href":"https:\/\/www.smaat-techniques.com\/en\/wp-json\/wp\/v2\/types\/page"}],"author":[{"embeddable":true,"href":"https:\/\/www.smaat-techniques.com\/en\/wp-json\/wp\/v2\/users\/1"}],"replies":[{"embeddable":true,"href":"https:\/\/www.smaat-techniques.com\/en\/wp-json\/wp\/v2\/comments?post=801"}],"version-history":[{"count":51,"href":"https:\/\/www.smaat-techniques.com\/en\/wp-json\/wp\/v2\/pages\/801\/revisions"}],"predecessor-version":[{"id":1978,"href":"https:\/\/www.smaat-techniques.com\/en\/wp-json\/wp\/v2\/pages\/801\/revisions\/1978"}],"wp:attachment":[{"href":"https:\/\/www.smaat-techniques.com\/en\/wp-json\/wp\/v2\/media?parent=801"}],"curies":[{"name":"wp","href":"https:\/\/api.w.org\/{rel}","templated":true}]}}