{"id":1758,"date":"2021-05-27T14:43:47","date_gmt":"2021-05-27T12:43:47","guid":{"rendered":"https:\/\/smaat.2n-tech.com\/?page_id=1758"},"modified":"2021-05-27T14:45:45","modified_gmt":"2021-05-27T12:45:45","slug":"debitmetre-vortex-a-bride-dv100-f-ht","status":"publish","type":"page","link":"https:\/\/www.smaat-techniques.com\/en\/debitmetre-vortex-a-bride-dv100-f-ht\/","title":{"rendered":"D\u00e9bitm\u00e8tre vortex \u00e0 bride DV100-F HT"},"content":{"rendered":"<div class=\"flex_column av_one_fourth  flex_column_div av-zero-column-padding first  avia-builder-el-0  el_before_av_one_third  avia-builder-el-first\" style='border-radius:0px; '><p><section class=\"av_textblock_section\"  itemscope=\"itemscope\" itemtype=\"https:\/\/schema.org\/CreativeWork\" ><div class='avia_textblock'   itemprop=\"text\" ><p><a href=\"https:\/\/www.smaat-techniques.com\/en\/nos-produits\/\">Tous nos produits<\/a><\/p>\n<\/div><\/section><br \/>\n<section class=\"av_textblock_section\"  itemscope=\"itemscope\" itemtype=\"https:\/\/schema.org\/CreativeWork\" ><div class='avia_textblock'   itemprop=\"text\" ><p><a href=\"https:\/\/www.smaat-techniques.com\/en\/debitmetre-electromagnetique\/\">D\u00e9bitm\u00e8tre \u00e9lectromagn\u00e9tique<\/a><\/p>\n<\/div><\/section><br \/>\n<section class=\"av_textblock_section\"  itemscope=\"itemscope\" itemtype=\"https:\/\/schema.org\/CreativeWork\" ><div class='avia_textblock'   itemprop=\"text\" ><p><a href=\"https:\/\/www.smaat-techniques.com\/en\/transmetteur-de-pression-differentiel\/\">Transmetteur de pression diff\u00e9rentiel<\/a><\/p>\n<\/div><\/section><br \/>\n<section class=\"av_textblock_section\"  itemscope=\"itemscope\" itemtype=\"https:\/\/schema.org\/CreativeWork\" ><div class='avia_textblock'   itemprop=\"text\" ><p><a href=\"https:\/\/www.smaat-techniques.com\/en\/transmetteur-de-pression\/\">Transmetteur de pression<\/a><\/p>\n<\/div><\/section><br \/>\n<section class=\"av_textblock_section\"  itemscope=\"itemscope\" itemtype=\"https:\/\/schema.org\/CreativeWork\" ><div class='avia_textblock'   itemprop=\"text\" ><p><a href=\"https:\/\/www.smaat-techniques.com\/en\/debitmetre-vortex\/\">D\u00e9bitm\u00e8tre vortex<\/a><\/p>\n<\/div><\/section><br \/>\n<section class=\"av_textblock_section\"  itemscope=\"itemscope\" itemtype=\"https:\/\/schema.org\/CreativeWork\" ><div class='avia_textblock'   itemprop=\"text\" ><p><a href=\"https:\/\/www.smaat-techniques.com\/en\/niveau-par-ultrason\/\">Niveau par ultrason<\/a><\/p>\n<\/div><\/section><br \/>\n<section class=\"av_textblock_section\"  itemscope=\"itemscope\" itemtype=\"https:\/\/schema.org\/CreativeWork\" ><div class='avia_textblock'   itemprop=\"text\" ><p><a href=\"https:\/\/www.smaat-techniques.com\/en\/instrument-hydrologique\/\"><span class=\"VIiyi\" lang=\"fr\"><span class=\"JLqJ4b ChMk0b\" data-language-for-alternatives=\"fr\" data-language-to-translate-into=\"zh-CN\" data-phrase-index=\"0\">Instrument hydrologique<\/span><\/span><\/a><\/p>\n<\/div><\/section><\/p><\/div>\n<div class=\"flex_column av_one_third  flex_column_div av-zero-column-padding   avia-builder-el-8  el_after_av_one_fourth  el_before_av_one_third\" style='border-radius:0px; '><div  class='avia-gallery  avia-gallery-1 avia_lazyload avia-gallery-animate avia_animate_when_visible  avia-builder-el-9  avia-builder-el-no-sibling'  itemprop=\"image\" itemscope=\"itemscope\" itemtype=\"https:\/\/schema.org\/ImageObject\" ><a class='avia-gallery-big fakeLightbox lightbox avia-gallery-big-crop-thumb' href='https:\/\/www.smaat-techniques.com\/wp-content\/uploads\/2021\/05\/DV100-F-\u6cd5\u5170\u5f0f\u9ad8\u6e29\u9ad8\u538b\u6da1\u8857-1030x1030.jpg'  data-onclick='1' title='DV100-F d\u00e9bitm\u00e8tre vortex SMAAT' ><span class='avia-gallery-big-inner'  itemprop=\"thumbnailUrl\" ><img decoding=\"async\" class=\"wp-image-1746 avia-img-lazy-loading-not-1746\"  width=\"705\" height=\"705\" src=\"https:\/\/www.smaat-techniques.com\/wp-content\/uploads\/2021\/05\/DV100-F-\u6cd5\u5170\u5f0f\u9ad8\u6e29\u9ad8\u538b\u6da1\u8857-705x705.jpg\" title='DV100-F d\u00e9bitm\u00e8tre vortex SMAAT' alt='DV100-F d\u00e9bitm\u00e8tre vortex SMAAT' srcset=\"https:\/\/www.smaat-techniques.com\/wp-content\/uploads\/2021\/05\/DV100-F-\u6cd5\u5170\u5f0f\u9ad8\u6e29\u9ad8\u538b\u6da1\u8857-705x705.jpg 705w, https:\/\/www.smaat-techniques.com\/wp-content\/uploads\/2021\/05\/DV100-F-\u6cd5\u5170\u5f0f\u9ad8\u6e29\u9ad8\u538b\u6da1\u8857-300x300.jpg 300w, https:\/\/www.smaat-techniques.com\/wp-content\/uploads\/2021\/05\/DV100-F-\u6cd5\u5170\u5f0f\u9ad8\u6e29\u9ad8\u538b\u6da1\u8857-1030x1030.jpg 1030w, https:\/\/www.smaat-techniques.com\/wp-content\/uploads\/2021\/05\/DV100-F-\u6cd5\u5170\u5f0f\u9ad8\u6e29\u9ad8\u538b\u6da1\u8857-80x80.jpg 80w, https:\/\/www.smaat-techniques.com\/wp-content\/uploads\/2021\/05\/DV100-F-\u6cd5\u5170\u5f0f\u9ad8\u6e29\u9ad8\u538b\u6da1\u8857-768x768.jpg 768w, https:\/\/www.smaat-techniques.com\/wp-content\/uploads\/2021\/05\/DV100-F-\u6cd5\u5170\u5f0f\u9ad8\u6e29\u9ad8\u538b\u6da1\u8857-1536x1536.jpg 1536w, https:\/\/www.smaat-techniques.com\/wp-content\/uploads\/2021\/05\/DV100-F-\u6cd5\u5170\u5f0f\u9ad8\u6e29\u9ad8\u538b\u6da1\u8857-2048x2048.jpg 2048w, https:\/\/www.smaat-techniques.com\/wp-content\/uploads\/2021\/05\/DV100-F-\u6cd5\u5170\u5f0f\u9ad8\u6e29\u9ad8\u538b\u6da1\u8857-12x12.jpg 12w, https:\/\/www.smaat-techniques.com\/wp-content\/uploads\/2021\/05\/DV100-F-\u6cd5\u5170\u5f0f\u9ad8\u6e29\u9ad8\u538b\u6da1\u8857-36x36.jpg 36w, https:\/\/www.smaat-techniques.com\/wp-content\/uploads\/2021\/05\/DV100-F-\u6cd5\u5170\u5f0f\u9ad8\u6e29\u9ad8\u538b\u6da1\u8857-180x180.jpg 180w, https:\/\/www.smaat-techniques.com\/wp-content\/uploads\/2021\/05\/DV100-F-\u6cd5\u5170\u5f0f\u9ad8\u6e29\u9ad8\u538b\u6da1\u8857-1500x1500.jpg 1500w\" sizes=\"(max-width: 705px) 100vw, 705px\" \/><\/span><\/a><div class='avia-gallery-thumb'> <a href='https:\/\/www.smaat-techniques.com\/wp-content\/uploads\/2021\/05\/DV100-F-\u6cd5\u5170\u5f0f\u9ad8\u6e29\u9ad8\u538b\u6da1\u8857-1030x1030.jpg' data-rel='gallery-1' data-prev-img='https:\/\/www.smaat-techniques.com\/wp-content\/uploads\/2021\/05\/DV100-F-\u6cd5\u5170\u5f0f\u9ad8\u6e29\u9ad8\u538b\u6da1\u8857-705x705.jpg' class='first_thumb lightbox' data-onclick='1' title='DV100-F d\u00e9bitm\u00e8tre vortex SMAAT'  itemprop=\"thumbnailUrl\"  ><img decoding=\"async\" class=\"wp-image-1746 avia-img-lazy-loading-not-1746\"   src=\"https:\/\/www.smaat-techniques.com\/wp-content\/uploads\/2021\/05\/DV100-F-\u6cd5\u5170\u5f0f\u9ad8\u6e29\u9ad8\u538b\u6da1\u8857-845x684.jpg\" width=\"845\" height=\"684\"  title='DV100-F d\u00e9bitm\u00e8tre vortex SMAAT' alt='DV100-F d\u00e9bitm\u00e8tre vortex SMAAT' srcset=\"https:\/\/www.smaat-techniques.com\/wp-content\/uploads\/2021\/05\/DV100-F-\u6cd5\u5170\u5f0f\u9ad8\u6e29\u9ad8\u538b\u6da1\u8857-845x684.jpg 845w, https:\/\/www.smaat-techniques.com\/wp-content\/uploads\/2021\/05\/DV100-F-\u6cd5\u5170\u5f0f\u9ad8\u6e29\u9ad8\u538b\u6da1\u8857-495x400.jpg 495w\" sizes=\"(max-width: 845px) 100vw, 845px\" \/><\/a><\/div><\/div><\/div>\n<div class=\"flex_column av_one_third  flex_column_div av-zero-column-padding   avia-builder-el-10  el_after_av_one_third  el_before_av_one_fourth\" style='border-radius:0px; '><section class=\"av_textblock_section\"  itemscope=\"itemscope\" itemtype=\"https:\/\/schema.org\/CreativeWork\" ><div class='avia_textblock'   itemprop=\"text\" ><h3>D\u00e9bitm\u00e8tre vortex \u00e0 bride DV100-F \u00e0 haute temp\u00e9rature<\/h3>\n<table class=\"fk-propTable\" cellspacing=\"0\" cellpadding=\"0\">\n<tbody>\n<tr>\n<td class=\"propName g_minor\" title=\"\u7c7b\u578b\" valign=\"top\">Type<\/td>\n<td class=\"propValue g_minor\" valign=\"top\">D\u00e9bitm\u00e8tre vortex<\/td>\n<\/tr>\n<tr>\n<td class=\"propName g_minor\" title=\"\u89c4\u683c\" valign=\"top\">Sp\u00e9cification<\/td>\n<td class=\"propValue g_minor\" valign=\"top\">DN10~DN300<\/td>\n<\/tr>\n<tr>\n<td class=\"propName g_minor\" title=\"\u6750\u8d28\" valign=\"top\">Mat\u00e9riel<\/td>\n<td class=\"propValue g_minor\" valign=\"top\">Bo\u00eetier en fonte d&rsquo;aluminium<\/p>\n<p>Capteur au choix selon besoin<\/td>\n<\/tr>\n<tr>\n<td class=\"propName g_minor\" title=\"\u989c\u8272\" valign=\"top\">Couleur<\/td>\n<td class=\"propValue g_minor\" valign=\"top\">Personnalisable<\/td>\n<\/tr>\n<tr>\n<td class=\"propName g_minor\" title=\"\u54c1\u724c\" valign=\"top\">Marque<\/td>\n<td class=\"propValue g_minor\" valign=\"top\">Smaat<\/td>\n<\/tr>\n<tr>\n<td class=\"propName g_minor\" title=\"\u578b\u53f7\" valign=\"top\">Mod\u00e8le<\/td>\n<td class=\"propValue g_minor\" valign=\"top\">DV100-F HT<\/td>\n<\/tr>\n<\/tbody>\n<\/table>\n<\/div><\/section><\/div><div class=\"flex_column av_one_fourth  flex_column_div av-zero-column-padding first  avia-builder-el-12  el_after_av_one_third  el_before_av_two_third  column-top-margin\" style='border-radius:0px; '><\/div><\/p>\n<div class=\"flex_column av_two_third  flex_column_div av-zero-column-padding   avia-builder-el-13  el_after_av_one_fourth  avia-builder-el-last  column-top-margin\" style='border-radius:0px; '><div  class=\"tabcontainer   top_tab   avia-builder-el-14  avia-builder-el-no-sibling\" role=\"tablist\">\n\n<section class=\"av_tab_section\"  itemscope=\"itemscope\" itemtype=\"https:\/\/schema.org\/CreativeWork\" ><div aria-controls=\"tab-id-1-content\" role=\"tab\" tabindex=\"0\" data-fake-id=\"#tab-id-1\" class=\"tab active_tab\"  itemprop=\"headline\" >Sp\u00e9cification<\/div>\n<div id=\"tab-id-1-content\" class=\"tab_content active_tab_content\" aria-hidden=\"false\">\n<div class=\"tab_inner_content invers-color\"  itemprop=\"text\" >\n<div id=\"centerTopForms\" class=\"column forms mainForms centerTopForms\">\n<div id=\"module14\" class=\"form form14 formStyle44 fk-proDetaliModuleStyle\" title=\"\" data-scrollbar=\"0\" data-animations-id=\"14\">\n<div class=\"formMiddle formMiddle14\">\n<div class=\"formMiddleCenter formMiddleCenter14\">\n<div class=\"formMiddleContent formMiddleContent14 fk-formContentOtherPadding\">\n<div class=\"J_productDetail productDetail fk-pdStyleColor_0 pdStyle5 pd_J\">\n<div class=\"detailInfo\">\n<div id=\"centerTopForms\" class=\"column forms mainForms centerTopForms\">\n<div id=\"module14\" class=\"form form14 formStyle44 fk-proDetaliModuleStyle\" title=\"\" data-scrollbar=\"0\" data-animations-id=\"14\">\n<div class=\"formMiddle formMiddle14\">\n<div class=\"formMiddleCenter formMiddleCenter14\">\n<div class=\"formMiddleContent formMiddleContent14 fk-formContentOtherPadding\">\n<div class=\"J_productDetail productDetail fk-pdStyleColor_0 pdStyle5 pd_J\">\n<div class=\"detailInfo\">\n<div id=\"centerTopForms\" class=\"column forms mainForms centerTopForms\">\n<div id=\"module14\" class=\"form form14 formStyle44 fk-proDetaliModuleStyle\" title=\"\" data-scrollbar=\"0\" data-animations-id=\"14\">\n<div class=\"formMiddle formMiddle14\">\n<div class=\"formMiddleCenter formMiddleCenter14\">\n<div class=\"formMiddleContent formMiddleContent14 fk-formContentOtherPadding\">\n<div class=\"J_productDetail productDetail fk-pdStyleColor_0 pdStyle5 pd_J\">\n<div class=\"detailInfo\">Le d\u00e9bitm\u00e8tre \u00e0 vortex s\u00e9rie DV 100 se base sur l\u2019effet de Karman (c&rsquo;est-\u00e0-dire la g\u00e9n\u00e9ration de tourbillons). Quand le fluide arrive sur un corps non profil\u00e9, il se divise en cr\u00e9ant de petits tourbillons (vortex altern\u00e9s) qui g\u00e9n\u00e8rent des zones de pressions variables d\u00e9tect\u00e9es par un capteur. La fr\u00e9quence de ces vortex est directement li\u00e9e \u00e0 la vitesse du fluide.<\/div>\n<div class=\"detailInfo\">La s\u00e9rie DV 100 sert \u00e0 mesurer le d\u00e9bit du liquide et du gaz, y compris la vapeur (satur\u00e9e ou sur-r\u00e9chauff\u00e9e). Elle a montr\u00e9e son excellente fiabilit\u00e9 dans les transactions commerciales.<\/div>\n<div><\/div>\n<div><\/div>\n<div>\n<table width=\"523\">\n<tbody>\n<tr>\n<td width=\"185\"><\/td>\n<td width=\"338\"><\/td>\n<\/tr>\n<tr>\n<td colspan=\"2\">PARAMETRES TECHNIQUES DEBITMETRE SERIE DV100<\/td>\n<\/tr>\n<tr>\n<td><\/td>\n<td><\/td>\n<\/tr>\n<tr>\n<td>Proc\u00e9d\u00e9s<\/td>\n<td>Gaz<\/td>\n<\/tr>\n<tr>\n<td><\/td>\n<td>Liquide (mais le liquide en plusieurs phases est \u00e0 \u00e9viter)<\/td>\n<\/tr>\n<tr>\n<td>Diam\u00e8tre<\/td>\n<td>DN25 \u00e0 DN300<\/td>\n<\/tr>\n<tr>\n<td>Pr\u00e9cision<\/td>\n<td>Gaz : \u00b11%*; \u00b11,5%<\/td>\n<\/tr>\n<tr>\n<td><\/td>\n<td>Liquide : \u00b11%<\/td>\n<\/tr>\n<tr>\n<td>R\u00e9p\u00e9tabilit\u00e9<\/td>\n<td>Gaz : 0,5%<\/td>\n<\/tr>\n<tr>\n<td><\/td>\n<td>Liquide : 0,33%<\/td>\n<\/tr>\n<tr>\n<td>Plage de mesure<\/td>\n<td>Gaz : 7 \u00e0 40 m\/s<\/td>\n<\/tr>\n<tr>\n<td><\/td>\n<td>Liquide : 0,7 \u00e0 7 m\/s<\/td>\n<\/tr>\n<tr>\n<td>Pression<\/td>\n<td>16 bars par d\u00e9faut, d&rsquo;autres pression sur demande<\/td>\n<\/tr>\n<tr>\n<td>Temp\u00e9rature du process<\/td>\n<td>Standard : -40 \u00e0 250 \u00b0C<\/td>\n<\/tr>\n<tr>\n<td><\/td>\n<td>Pour haute temp\u00e9rature : 100 \u00e0 350 \u00b0C<\/td>\n<\/tr>\n<tr>\n<td>Raccordement process<\/td>\n<td>Entre brides, \u00e0 brides, \u00e0 visser, \u00e0 ins\u00e9rer au choix<\/td>\n<\/tr>\n<tr>\n<td>Alimentation \u00e9lectrique<\/td>\n<td>12VCC, 24VCC<\/td>\n<\/tr>\n<tr>\n<td><\/td>\n<td>24VCC<\/td>\n<\/tr>\n<tr>\n<td><\/td>\n<td>Batteries 3,6V en lithium<\/td>\n<\/tr>\n<tr>\n<td>Signal de sortie<\/td>\n<td>4 &#8211; 20 mA, pulse, Modbus RS485<\/td>\n<\/tr>\n<tr>\n<td>Connexion \u00e9lectrique<\/td>\n<td>Presse-\u00e9toupe M20*1,5<\/td>\n<\/tr>\n<tr>\n<td>Protection<\/td>\n<td>IP65<\/td>\n<\/tr>\n<tr>\n<td>ATEX<\/td>\n<td>Exia II CT6<\/td>\n<\/tr>\n<tr>\n<td><\/td>\n<td>Exd II BT4<\/td>\n<\/tr>\n<\/tbody>\n<\/table>\n<\/div>\n<\/div>\n<\/div>\n<\/div>\n<\/div>\n<\/div>\n<\/div>\n<div class=\"containerFormsCenterMiddle J_containerFormsCenterMiddle\">\n<div class=\"clearfloat\"><\/div>\n<\/div>\n<\/div>\n<\/div>\n<\/div>\n<\/div>\n<\/div>\n<\/div>\n<\/div>\n<div class=\"containerFormsCenterMiddle J_containerFormsCenterMiddle\">\n<div class=\"clearfloat\"><\/div>\n<\/div>\n<\/div>\n<\/div>\n<\/div>\n<\/div>\n<\/div>\n<\/div>\n<\/div>\n<div class=\"containerFormsCenterMiddle J_containerFormsCenterMiddle\">\n<div class=\"clearfloat\"><\/div>\n<\/div>\n\n<\/div>\n<\/div>\n<\/section>\n\n<section class=\"av_tab_section\"  itemscope=\"itemscope\" itemtype=\"https:\/\/schema.org\/CreativeWork\" ><div aria-controls=\"tab-id-2-content\" role=\"tab\" tabindex=\"0\" data-fake-id=\"#tab-id-2\" class=\"tab\"  itemprop=\"headline\" >Documentation<\/div>\n<div id=\"tab-id-2-content\" class=\"tab_content\" aria-hidden=\"true\">\n<div class=\"tab_inner_content invers-color\"  itemprop=\"text\" >\n<p>Documentation \u00e0 t\u00e9l\u00e9charger<\/p>\n<p><a href=\"https:\/\/www.smaat-techniques.com\/wp-content\/uploads\/2021\/04\/Debitmetre-a-Vortex-DV-100.pdf\" target=\"_blank\" rel=\"noopener\">Debitmetre-a-Vortex-DV-100.pdf<\/a><\/p>\n\n<\/div>\n<\/div>\n<\/section>\n\n<\/div><\/div>","protected":false},"excerpt":{"rendered":"","protected":false},"author":1,"featured_media":0,"parent":0,"menu_order":0,"comment_status":"closed","ping_status":"closed","template":"","meta":{"footnotes":""},"class_list":["post-1758","page","type-page","status-publish","hentry"],"yoast_head":"<!-- This site is optimized with the Yoast SEO plugin v27.4 - https:\/\/yoast.com\/product\/yoast-seo-wordpress\/ -->\n<title>D\u00e9bitm\u00e8tre vortex \u00e0 bride DV100-F HT - Smaat Techniques<\/title>\n<meta name=\"robots\" content=\"index, follow, max-snippet:-1, max-image-preview:large, max-video-preview:-1\" \/>\n<link rel=\"canonical\" href=\"https:\/\/www.smaat-techniques.com\/en\/debitmetre-vortex-a-bride-dv100-f-ht\/\" \/>\n<meta property=\"og:locale\" content=\"en_GB\" \/>\n<meta property=\"og:type\" content=\"article\" \/>\n<meta property=\"og:title\" content=\"D\u00e9bitm\u00e8tre vortex \u00e0 bride DV100-F HT - Smaat Techniques\" \/>\n<meta property=\"og:url\" content=\"https:\/\/www.smaat-techniques.com\/en\/debitmetre-vortex-a-bride-dv100-f-ht\/\" \/>\n<meta property=\"og:site_name\" content=\"Smaat Techniques\" \/>\n<meta property=\"article:modified_time\" content=\"2021-05-27T12:45:45+00:00\" \/>\n<meta name=\"twitter:card\" content=\"summary_large_image\" \/>\n<meta name=\"twitter:label1\" content=\"Estimated reading time\" \/>\n\t<meta name=\"twitter:data1\" content=\"6 minutes\" \/>\n<script type=\"application\/ld+json\" class=\"yoast-schema-graph\">{\"@context\":\"https:\\\/\\\/schema.org\",\"@graph\":[{\"@type\":\"WebPage\",\"@id\":\"https:\\\/\\\/www.smaat-techniques.com\\\/debitmetre-vortex-a-bride-dv100-f-ht\\\/\",\"url\":\"https:\\\/\\\/www.smaat-techniques.com\\\/debitmetre-vortex-a-bride-dv100-f-ht\\\/\",\"name\":\"D\u00e9bitm\u00e8tre vortex \u00e0 bride DV100-F HT - Smaat Techniques\",\"isPartOf\":{\"@id\":\"https:\\\/\\\/www.smaat-techniques.com\\\/#website\"},\"datePublished\":\"2021-05-27T12:43:47+00:00\",\"dateModified\":\"2021-05-27T12:45:45+00:00\",\"breadcrumb\":{\"@id\":\"https:\\\/\\\/www.smaat-techniques.com\\\/debitmetre-vortex-a-bride-dv100-f-ht\\\/#breadcrumb\"},\"inLanguage\":\"en-GB\",\"potentialAction\":[{\"@type\":\"ReadAction\",\"target\":[\"https:\\\/\\\/www.smaat-techniques.com\\\/debitmetre-vortex-a-bride-dv100-f-ht\\\/\"]}]},{\"@type\":\"BreadcrumbList\",\"@id\":\"https:\\\/\\\/www.smaat-techniques.com\\\/debitmetre-vortex-a-bride-dv100-f-ht\\\/#breadcrumb\",\"itemListElement\":[{\"@type\":\"ListItem\",\"position\":1,\"name\":\"Accueil\",\"item\":\"https:\\\/\\\/www.smaat-techniques.com\\\/home\\\/\"},{\"@type\":\"ListItem\",\"position\":2,\"name\":\"D\u00e9bitm\u00e8tre vortex \u00e0 bride DV100-F HT\"}]},{\"@type\":\"WebSite\",\"@id\":\"https:\\\/\\\/www.smaat-techniques.com\\\/#website\",\"url\":\"https:\\\/\\\/www.smaat-techniques.com\\\/\",\"name\":\"Smaat Techniques\",\"description\":\"Appareils de mesure et de contr\u00f4le\",\"potentialAction\":[{\"@type\":\"SearchAction\",\"target\":{\"@type\":\"EntryPoint\",\"urlTemplate\":\"https:\\\/\\\/www.smaat-techniques.com\\\/?s={search_term_string}\"},\"query-input\":{\"@type\":\"PropertyValueSpecification\",\"valueRequired\":true,\"valueName\":\"search_term_string\"}}],\"inLanguage\":\"en-GB\"}]}<\/script>\n<!-- \/ Yoast SEO plugin. -->","yoast_head_json":{"title":"D\u00e9bitm\u00e8tre vortex \u00e0 bride DV100-F HT - Smaat Techniques","robots":{"index":"index","follow":"follow","max-snippet":"max-snippet:-1","max-image-preview":"max-image-preview:large","max-video-preview":"max-video-preview:-1"},"canonical":"https:\/\/www.smaat-techniques.com\/en\/debitmetre-vortex-a-bride-dv100-f-ht\/","og_locale":"en_GB","og_type":"article","og_title":"D\u00e9bitm\u00e8tre vortex \u00e0 bride DV100-F HT - Smaat Techniques","og_url":"https:\/\/www.smaat-techniques.com\/en\/debitmetre-vortex-a-bride-dv100-f-ht\/","og_site_name":"Smaat Techniques","article_modified_time":"2021-05-27T12:45:45+00:00","twitter_card":"summary_large_image","twitter_misc":{"Estimated reading time":"6 minutes"},"schema":{"@context":"https:\/\/schema.org","@graph":[{"@type":"WebPage","@id":"https:\/\/www.smaat-techniques.com\/debitmetre-vortex-a-bride-dv100-f-ht\/","url":"https:\/\/www.smaat-techniques.com\/debitmetre-vortex-a-bride-dv100-f-ht\/","name":"D\u00e9bitm\u00e8tre vortex \u00e0 bride DV100-F HT - Smaat Techniques","isPartOf":{"@id":"https:\/\/www.smaat-techniques.com\/#website"},"datePublished":"2021-05-27T12:43:47+00:00","dateModified":"2021-05-27T12:45:45+00:00","breadcrumb":{"@id":"https:\/\/www.smaat-techniques.com\/debitmetre-vortex-a-bride-dv100-f-ht\/#breadcrumb"},"inLanguage":"en-GB","potentialAction":[{"@type":"ReadAction","target":["https:\/\/www.smaat-techniques.com\/debitmetre-vortex-a-bride-dv100-f-ht\/"]}]},{"@type":"BreadcrumbList","@id":"https:\/\/www.smaat-techniques.com\/debitmetre-vortex-a-bride-dv100-f-ht\/#breadcrumb","itemListElement":[{"@type":"ListItem","position":1,"name":"Accueil","item":"https:\/\/www.smaat-techniques.com\/home\/"},{"@type":"ListItem","position":2,"name":"D\u00e9bitm\u00e8tre vortex \u00e0 bride DV100-F HT"}]},{"@type":"WebSite","@id":"https:\/\/www.smaat-techniques.com\/#website","url":"https:\/\/www.smaat-techniques.com\/","name":"Smaat Techniques","description":"Appareils de mesure et de contr\u00f4le","potentialAction":[{"@type":"SearchAction","target":{"@type":"EntryPoint","urlTemplate":"https:\/\/www.smaat-techniques.com\/?s={search_term_string}"},"query-input":{"@type":"PropertyValueSpecification","valueRequired":true,"valueName":"search_term_string"}}],"inLanguage":"en-GB"}]}},"_links":{"self":[{"href":"https:\/\/www.smaat-techniques.com\/en\/wp-json\/wp\/v2\/pages\/1758","targetHints":{"allow":["GET"]}}],"collection":[{"href":"https:\/\/www.smaat-techniques.com\/en\/wp-json\/wp\/v2\/pages"}],"about":[{"href":"https:\/\/www.smaat-techniques.com\/en\/wp-json\/wp\/v2\/types\/page"}],"author":[{"embeddable":true,"href":"https:\/\/www.smaat-techniques.com\/en\/wp-json\/wp\/v2\/users\/1"}],"replies":[{"embeddable":true,"href":"https:\/\/www.smaat-techniques.com\/en\/wp-json\/wp\/v2\/comments?post=1758"}],"version-history":[{"count":2,"href":"https:\/\/www.smaat-techniques.com\/en\/wp-json\/wp\/v2\/pages\/1758\/revisions"}],"predecessor-version":[{"id":1762,"href":"https:\/\/www.smaat-techniques.com\/en\/wp-json\/wp\/v2\/pages\/1758\/revisions\/1762"}],"wp:attachment":[{"href":"https:\/\/www.smaat-techniques.com\/en\/wp-json\/wp\/v2\/media?parent=1758"}],"curies":[{"name":"wp","href":"https:\/\/api.w.org\/{rel}","templated":true}]}}