{"id":1654,"date":"2021-05-26T23:18:43","date_gmt":"2021-05-26T21:18:43","guid":{"rendered":"https:\/\/smaat.2n-tech.com\/?page_id=1654"},"modified":"2021-05-28T09:43:46","modified_gmt":"2021-05-28T07:43:46","slug":"transmetteur-de-pression-prep300","status":"publish","type":"page","link":"https:\/\/www.smaat-techniques.com\/en\/transmetteur-de-pression-prep300\/","title":{"rendered":"transmetteur de pression PREP300"},"content":{"rendered":"<div class=\"flex_column av_one_fourth  flex_column_div av-zero-column-padding first  avia-builder-el-0  el_before_av_one_third  avia-builder-el-first\" style='border-radius:0px; '><p><section class=\"av_textblock_section\"  itemscope=\"itemscope\" itemtype=\"https:\/\/schema.org\/CreativeWork\" ><div class='avia_textblock'   itemprop=\"text\" ><p><a href=\"https:\/\/www.smaat-techniques.com\/en\/nos-produits\/\">Tous nos produits<\/a><\/p>\n<\/div><\/section><br \/>\n<section class=\"av_textblock_section\"  itemscope=\"itemscope\" itemtype=\"https:\/\/schema.org\/CreativeWork\" ><div class='avia_textblock'   itemprop=\"text\" ><p><a href=\"https:\/\/www.smaat-techniques.com\/en\/debitmetre-electromagnetique\/\">D\u00e9bitm\u00e8tre \u00e9lectromagn\u00e9tique<\/a><\/p>\n<\/div><\/section><br \/>\n<section class=\"av_textblock_section\"  itemscope=\"itemscope\" itemtype=\"https:\/\/schema.org\/CreativeWork\" ><div class='avia_textblock'   itemprop=\"text\" ><p><a href=\"https:\/\/www.smaat-techniques.com\/en\/transmetteur-de-pression-differentiel\/\">Transmetteur de pression diff\u00e9rentiel<\/a><\/p>\n<\/div><\/section><br \/>\n<section class=\"av_textblock_section\"  itemscope=\"itemscope\" itemtype=\"https:\/\/schema.org\/CreativeWork\" ><div class='avia_textblock'   itemprop=\"text\" ><p><a href=\"https:\/\/www.smaat-techniques.com\/en\/transmetteur-de-pression\/\">Transmetteur de pression<\/a><\/p>\n<\/div><\/section><br \/>\n<section class=\"av_textblock_section\"  itemscope=\"itemscope\" itemtype=\"https:\/\/schema.org\/CreativeWork\" ><div class='avia_textblock'   itemprop=\"text\" ><p><a href=\"https:\/\/www.smaat-techniques.com\/en\/debitmetre-vortex\/\">D\u00e9bitm\u00e8tre vortex<\/a><\/p>\n<\/div><\/section><br \/>\n<section class=\"av_textblock_section\"  itemscope=\"itemscope\" itemtype=\"https:\/\/schema.org\/CreativeWork\" ><div class='avia_textblock'   itemprop=\"text\" ><p><a href=\"https:\/\/www.smaat-techniques.com\/en\/niveau-par-ultrason\/\">Niveau par ultrason<\/a><\/p>\n<\/div><\/section><br \/>\n<section class=\"av_textblock_section\"  itemscope=\"itemscope\" itemtype=\"https:\/\/schema.org\/CreativeWork\" ><div class='avia_textblock'   itemprop=\"text\" ><p><a href=\"https:\/\/www.smaat-techniques.com\/en\/instrument-hydrologique\/\"><span class=\"VIiyi\" lang=\"fr\"><span class=\"JLqJ4b ChMk0b\" data-language-for-alternatives=\"fr\" data-language-to-translate-into=\"zh-CN\" data-phrase-index=\"0\">Instrument hydrologique<\/span><\/span><\/a><\/p>\n<\/div><\/section><\/p><\/div>\n<div class=\"flex_column av_one_third  flex_column_div av-zero-column-padding   avia-builder-el-8  el_after_av_one_fourth  el_before_av_one_third\" style='border-radius:0px; '><div  class='avia-gallery  avia-gallery-1 avia_lazyload avia-gallery-animate avia_animate_when_visible  avia-builder-el-9  avia-builder-el-no-sibling'  itemprop=\"image\" itemscope=\"itemscope\" itemtype=\"https:\/\/schema.org\/ImageObject\" ><a class='avia-gallery-big fakeLightbox lightbox avia-gallery-big-crop-thumb' href='https:\/\/www.smaat-techniques.com\/wp-content\/uploads\/2021\/05\/PREP300-4-1030x830.jpg'  data-onclick='1' title='PREP300 SMAAT' ><span class='avia-gallery-big-inner'  itemprop=\"thumbnailUrl\" ><img decoding=\"async\" class=\"wp-image-1657 avia-img-lazy-loading-not-1657\"  width=\"495\" height=\"400\" src=\"https:\/\/www.smaat-techniques.com\/wp-content\/uploads\/2021\/05\/PREP300-4-495x400.jpg\" title='PREP300 SMAAT' alt='PREP300 SMAAT' srcset=\"https:\/\/www.smaat-techniques.com\/wp-content\/uploads\/2021\/05\/PREP300-4-495x400.jpg 495w, https:\/\/www.smaat-techniques.com\/wp-content\/uploads\/2021\/05\/PREP300-4-300x242.jpg 300w, https:\/\/www.smaat-techniques.com\/wp-content\/uploads\/2021\/05\/PREP300-4-1030x830.jpg 1030w, https:\/\/www.smaat-techniques.com\/wp-content\/uploads\/2021\/05\/PREP300-4-768x619.jpg 768w, https:\/\/www.smaat-techniques.com\/wp-content\/uploads\/2021\/05\/PREP300-4-16x12.jpg 16w, https:\/\/www.smaat-techniques.com\/wp-content\/uploads\/2021\/05\/PREP300-4-845x684.jpg 845w, https:\/\/www.smaat-techniques.com\/wp-content\/uploads\/2021\/05\/PREP300-4-705x568.jpg 705w, https:\/\/www.smaat-techniques.com\/wp-content\/uploads\/2021\/05\/PREP300-4.jpg 1237w\" sizes=\"(max-width: 495px) 100vw, 495px\" \/><\/span><\/a><div class='avia-gallery-thumb'> <a href='https:\/\/www.smaat-techniques.com\/wp-content\/uploads\/2021\/05\/PREP300-4-1030x830.jpg' data-rel='gallery-1' data-prev-img='https:\/\/www.smaat-techniques.com\/wp-content\/uploads\/2021\/05\/PREP300-4-495x400.jpg' class='first_thumb lightbox' data-onclick='1' title='PREP300 SMAAT'  itemprop=\"thumbnailUrl\"  ><img decoding=\"async\" class=\"wp-image-1657 avia-img-lazy-loading-not-1657\"   src=\"https:\/\/www.smaat-techniques.com\/wp-content\/uploads\/2021\/05\/PREP300-4-495x400.jpg\" width=\"495\" height=\"400\"  title='PREP300 SMAAT' alt='PREP300 SMAAT' srcset=\"https:\/\/www.smaat-techniques.com\/wp-content\/uploads\/2021\/05\/PREP300-4-495x400.jpg 495w, https:\/\/www.smaat-techniques.com\/wp-content\/uploads\/2021\/05\/PREP300-4-300x242.jpg 300w, https:\/\/www.smaat-techniques.com\/wp-content\/uploads\/2021\/05\/PREP300-4-1030x830.jpg 1030w, https:\/\/www.smaat-techniques.com\/wp-content\/uploads\/2021\/05\/PREP300-4-768x619.jpg 768w, https:\/\/www.smaat-techniques.com\/wp-content\/uploads\/2021\/05\/PREP300-4-16x12.jpg 16w, https:\/\/www.smaat-techniques.com\/wp-content\/uploads\/2021\/05\/PREP300-4-845x684.jpg 845w, https:\/\/www.smaat-techniques.com\/wp-content\/uploads\/2021\/05\/PREP300-4-705x568.jpg 705w, https:\/\/www.smaat-techniques.com\/wp-content\/uploads\/2021\/05\/PREP300-4.jpg 1237w\" sizes=\"(max-width: 495px) 100vw, 495px\" \/><\/a> <a href='https:\/\/www.smaat-techniques.com\/wp-content\/uploads\/2021\/05\/PREP300-1-1.jpg' data-rel='gallery-1' data-prev-img='https:\/\/www.smaat-techniques.com\/wp-content\/uploads\/2021\/05\/PREP300-1-1-495x400.jpg' class='lightbox' data-onclick='2' title='PREP300 SMAAT'  itemprop=\"thumbnailUrl\"  ><img decoding=\"async\" class=\"wp-image-1655 avia-img-lazy-loading-not-1655\"   src=\"https:\/\/www.smaat-techniques.com\/wp-content\/uploads\/2021\/05\/PREP300-1-1-495x400.jpg\" width=\"495\" height=\"400\"  title='PREP300 SMAAT' alt='PREP300 SMAAT' srcset=\"https:\/\/www.smaat-techniques.com\/wp-content\/uploads\/2021\/05\/PREP300-1-1-495x400.jpg 495w, https:\/\/www.smaat-techniques.com\/wp-content\/uploads\/2021\/05\/PREP300-1-1-845x684.jpg 845w\" sizes=\"(max-width: 495px) 100vw, 495px\" \/><\/a> <a href='https:\/\/www.smaat-techniques.com\/wp-content\/uploads\/2021\/05\/PREP300-2.jpg' data-rel='gallery-1' data-prev-img='https:\/\/www.smaat-techniques.com\/wp-content\/uploads\/2021\/05\/PREP300-2-495x400.jpg' class='lightbox' data-onclick='3' title='PREP300 SMAAT'  itemprop=\"thumbnailUrl\"  ><img decoding=\"async\" class=\"wp-image-1656 avia-img-lazy-loading-not-1656\"   src=\"https:\/\/www.smaat-techniques.com\/wp-content\/uploads\/2021\/05\/PREP300-2-495x400.jpg\" width=\"495\" height=\"400\"  title='PREP300 SMAAT' alt='PREP300 SMAAT' srcset=\"https:\/\/www.smaat-techniques.com\/wp-content\/uploads\/2021\/05\/PREP300-2-495x400.jpg 495w, https:\/\/www.smaat-techniques.com\/wp-content\/uploads\/2021\/05\/PREP300-2-845x684.jpg 845w\" sizes=\"(max-width: 495px) 100vw, 495px\" \/><\/a> <a href='https:\/\/www.smaat-techniques.com\/wp-content\/uploads\/2021\/05\/PREP300-6-833x1030.jpg' data-rel='gallery-1' data-prev-img='https:\/\/www.smaat-techniques.com\/wp-content\/uploads\/2021\/05\/PREP300-6-495x400.jpg' class='lightbox' data-onclick='4' title='hdrpl'  itemprop=\"thumbnailUrl\"  ><img decoding=\"async\" class=\"wp-image-1658 avia-img-lazy-loading-not-1658\"  data-avia-tooltip='hdrpl' src=\"https:\/\/www.smaat-techniques.com\/wp-content\/uploads\/2021\/05\/PREP300-6-495x400.jpg\" width=\"495\" height=\"400\"  title='PREP300 SMAAT' alt='PREP300 SMAAT' srcset=\"https:\/\/www.smaat-techniques.com\/wp-content\/uploads\/2021\/05\/PREP300-6-495x400.jpg 495w, https:\/\/www.smaat-techniques.com\/wp-content\/uploads\/2021\/05\/PREP300-6-845x684.jpg 845w\" sizes=\"(max-width: 495px) 100vw, 495px\" \/><\/a><\/div><\/div><\/div>\n<div class=\"flex_column av_one_third  flex_column_div av-zero-column-padding   avia-builder-el-10  el_after_av_one_third  el_before_av_one_fourth\" style='border-radius:0px; '><section class=\"av_textblock_section\"  itemscope=\"itemscope\" itemtype=\"https:\/\/schema.org\/CreativeWork\" ><div class='avia_textblock'   itemprop=\"text\" ><h3><span style=\"color: #000000;\"><strong>Transmetteur de niveau pi\u00e9zor\u00e9sistif PREP300<\/strong><\/span><\/h3>\n<table>\n<tbody>\n<tr>\n<td><span style=\"color: #000000;\">Tpye<\/span><\/td>\n<td><span style=\"color: #000000;\"><span style=\"color: #000000;\">Transmetteur de pressi<\/span><\/span>on<span style=\"color: #000000;\"> pi\u00e9zor\u00e9sistif<\/span><\/td>\n<\/tr>\n<tr>\n<td><span style=\"color: #000000;\">Mod\u00e8le<\/span><\/td>\n<td><span style=\"color: #000000;\">Compact<\/span><\/td>\n<\/tr>\n<tr>\n<td><span style=\"color: #000000;\">Mat\u00e9riel<\/span><\/td>\n<td><span style=\"color: #000000;\">Capteur en inox<\/span><\/td>\n<\/tr>\n<tr>\n<td><span style=\"color: #000000;\">Couleur<\/span><\/td>\n<td><span style=\"color: #000000;\">Personnalisable<\/span><\/td>\n<\/tr>\n<tr>\n<td><span style=\"color: #000000;\">Marque<\/span><\/td>\n<td><span style=\"color: #000000;\">SMAAT<\/span><\/td>\n<\/tr>\n<tr>\n<td><span style=\"color: #000000;\">Mod\u00e8le<\/span><\/td>\n<td><span style=\"color: #000000;\">PREP300<\/span><\/td>\n<\/tr>\n<\/tbody>\n<\/table>\n<\/div><\/section><\/div>\n<div class=\"flex_column av_one_fourth  flex_column_div av-zero-column-padding first  avia-builder-el-12  el_after_av_one_third  el_before_av_two_third  column-top-margin\" style='border-radius:0px; '><\/div>\n<div class=\"flex_column av_two_third  flex_column_div av-zero-column-padding   avia-builder-el-13  el_after_av_one_fourth  avia-builder-el-last  column-top-margin\" style='border-radius:0px; '><div  class=\"tabcontainer   top_tab   avia-builder-el-14  avia-builder-el-no-sibling\" role=\"tablist\">\n\n<section class=\"av_tab_section\"  itemscope=\"itemscope\" itemtype=\"https:\/\/schema.org\/CreativeWork\" ><div aria-controls=\"tab-id-1-content\" role=\"tab\" tabindex=\"0\" data-fake-id=\"#tab-id-1\" class=\"tab active_tab\"  itemprop=\"headline\" >Sp\u00e9cification<\/div>\n<div id=\"tab-id-1-content\" class=\"tab_content active_tab_content\" aria-hidden=\"false\">\n<div class=\"tab_inner_content invers-color\"  itemprop=\"text\" >\n<div id=\"centerTopForms\" class=\"column forms mainForms centerTopForms\">\n<div id=\"module14\" class=\"form form14 formStyle44 fk-proDetaliModuleStyle\" title=\"\" data-scrollbar=\"0\" data-animations-id=\"14\">\n<div class=\"formMiddle formMiddle14\">\n<div class=\"formMiddleCenter formMiddleCenter14\">\n<div class=\"formMiddleContent formMiddleContent14 fk-formContentOtherPadding\">\n<div class=\"J_productDetail productDetail fk-pdStyleColor_0 pdStyle5 pd_J\">\n<div class=\"detailInfo\">\n<div id=\"centerTopForms\" class=\"column forms mainForms centerTopForms\">\n<div id=\"module14\" class=\"form form14 formStyle44 fk-proDetaliModuleStyle\" title=\"\" data-scrollbar=\"0\" data-animations-id=\"14\">\n<div class=\"formMiddle formMiddle14\">\n<div class=\"formMiddleCenter formMiddleCenter14\">\n<div class=\"formMiddleContent formMiddleContent14 fk-formContentOtherPadding\">\n<div class=\"J_productDetail productDetail fk-pdStyleColor_0 pdStyle5 pd_J\">\n<div class=\"detailInfo\">\n<table id=\"picParametersTable\" class=\"detailInfoTable\" cellspacing=\"0\" cellpadding=\"0\">\n<tbody>\n<tr>\n<td class=\"detailInfoTd\">Les transmetteurs de pression PREP 300 sont bas\u00e9s sur le principe de mesure Pi\u00e9zor\u00e9sistance au silicium. Adopt\u00e9 une technologie avanc\u00e9e de micro-processeur et de communication num\u00e9rique, en appliquant le principe que la pression statique est proportionnelle \u00e0 la profondeur du niveau de liquide, le transmetteur convertit le signal millivolt du capteur en un signal de courant et de tension. Ensuite communique avec PC, instrument de contr\u00f4le ou affichage, afin de r\u00e9aliser une r\u00e9gulation automatique industrielle.<\/p>\n<table width=\"636\">\n<tbody>\n<tr>\n<td width=\"269\">\n<h5>Item<\/h5>\n<\/td>\n<td width=\"367\">\n<h5>Param\u00e8tre<\/h5>\n<\/td>\n<\/tr>\n<tr>\n<td width=\"269\">Echelle de mesure<\/td>\n<td width=\"367\">-100KPa ~ 0-20KPa ~ 100MPa<\/td>\n<\/tr>\n<tr>\n<td width=\"269\">Type de mesure<\/td>\n<td width=\"367\">Pression relative, absolue et dans un endroit \u00e9tanch\u00e9it\u00e9<\/td>\n<\/tr>\n<tr>\n<td width=\"269\">Pr\u00e9cision<\/td>\n<td width=\"367\">0.25%, 0.5%<\/td>\n<\/tr>\n<tr>\n<td width=\"269\">Stabilit\u00e9 \u00e0 long terme<\/td>\n<td width=\"367\">0.2% par an<\/td>\n<\/tr>\n<tr>\n<td width=\"269\">Plage de t\u00e9mperature du produit<\/td>\n<td width=\"367\">-25\u00b0C &#8211; 85\u00b0C<\/td>\n<\/tr>\n<tr>\n<td width=\"269\">Alimentation \u00e9l\u00e9ctrique<\/td>\n<td width=\"367\">9 &#8211; 36VDC<\/td>\n<\/tr>\n<tr>\n<td width=\"269\">Signal de sortie<\/td>\n<td width=\"367\">4-20mA, Hart, 1-5V<\/td>\n<\/tr>\n<tr>\n<td width=\"269\">Connection \u00e9l\u00e9ctrique<\/td>\n<td width=\"367\">Choix selon besoin<\/td>\n<\/tr>\n<tr>\n<td width=\"269\">Indice de protection<\/td>\n<td width=\"367\">IP65<\/td>\n<\/tr>\n<tr>\n<td width=\"269\">Afficheur<\/td>\n<td width=\"367\">Afficheur num\u00e9rique si besoin<\/td>\n<\/tr>\n<tr>\n<td width=\"269\">Protection Atex<\/td>\n<td width=\"367\">Ex ia IIC T6, Exd IIB T4<\/td>\n<\/tr>\n<tr>\n<td width=\"269\">Mat\u00e9riel<\/td>\n<td width=\"367\">Capteur en Inox<\/td>\n<\/tr>\n<\/tbody>\n<\/table>\n<\/td>\n<\/tr>\n<\/tbody>\n<\/table>\n<\/div>\n<\/div>\n<\/div>\n<\/div>\n<\/div>\n<\/div>\n<\/div>\n<div class=\"containerFormsCenterMiddle J_containerFormsCenterMiddle\">\n<div class=\"clearfloat\"><\/div>\n<\/div>\n<\/div>\n<\/div>\n<\/div>\n<\/div>\n<\/div>\n<\/div>\n<\/div>\n<div class=\"containerFormsCenterMiddle J_containerFormsCenterMiddle\">\n<div class=\"clearfloat\"><\/div>\n<\/div>\n\n<\/div>\n<\/div>\n<\/section>\n\n<section class=\"av_tab_section\"  itemscope=\"itemscope\" itemtype=\"https:\/\/schema.org\/CreativeWork\" ><div aria-controls=\"tab-id-2-content\" role=\"tab\" tabindex=\"0\" data-fake-id=\"#tab-id-2\" class=\"tab\"  itemprop=\"headline\" >Documentation<\/div>\n<div id=\"tab-id-2-content\" class=\"tab_content\" aria-hidden=\"true\">\n<div class=\"tab_inner_content invers-color\"  itemprop=\"text\" >\n<p>Documentation \u00e0 t\u00e9l\u00e9charger<\/p>\n<p><a href=\"https:\/\/www.smaat-techniques.com\/wp-content\/uploads\/2021\/05\/Smaat-Techniques-Brochure.pdf\" target=\"_blank\" rel=\"noopener\">Smaat-Techniques-Brochure.pdf<\/a><\/p>\n\n<\/div>\n<\/div>\n<\/section>\n\n<\/div><\/div>","protected":false},"excerpt":{"rendered":"","protected":false},"author":1,"featured_media":0,"parent":0,"menu_order":0,"comment_status":"closed","ping_status":"closed","template":"","meta":{"footnotes":""},"class_list":["post-1654","page","type-page","status-publish","hentry"],"yoast_head":"<!-- This site is optimized with the Yoast SEO plugin v27.4 - https:\/\/yoast.com\/product\/yoast-seo-wordpress\/ -->\n<title>transmetteur de pression PREP300 - Smaat Techniques<\/title>\n<meta name=\"robots\" content=\"index, follow, max-snippet:-1, max-image-preview:large, max-video-preview:-1\" \/>\n<link rel=\"canonical\" href=\"https:\/\/www.smaat-techniques.com\/en\/transmetteur-de-pression-prep300\/\" \/>\n<meta property=\"og:locale\" content=\"en_GB\" \/>\n<meta property=\"og:type\" content=\"article\" \/>\n<meta property=\"og:title\" content=\"transmetteur de pression PREP300 - Smaat Techniques\" \/>\n<meta property=\"og:url\" content=\"https:\/\/www.smaat-techniques.com\/en\/transmetteur-de-pression-prep300\/\" \/>\n<meta property=\"og:site_name\" content=\"Smaat Techniques\" \/>\n<meta property=\"article:modified_time\" content=\"2021-05-28T07:43:46+00:00\" \/>\n<meta name=\"twitter:card\" content=\"summary_large_image\" \/>\n<meta name=\"twitter:label1\" content=\"Estimated reading time\" \/>\n\t<meta name=\"twitter:data1\" content=\"6 minutes\" \/>\n<script type=\"application\/ld+json\" class=\"yoast-schema-graph\">{\"@context\":\"https:\\\/\\\/schema.org\",\"@graph\":[{\"@type\":\"WebPage\",\"@id\":\"https:\\\/\\\/www.smaat-techniques.com\\\/transmetteur-de-pression-prep300\\\/\",\"url\":\"https:\\\/\\\/www.smaat-techniques.com\\\/transmetteur-de-pression-prep300\\\/\",\"name\":\"transmetteur de pression PREP300 - Smaat Techniques\",\"isPartOf\":{\"@id\":\"https:\\\/\\\/www.smaat-techniques.com\\\/#website\"},\"datePublished\":\"2021-05-26T21:18:43+00:00\",\"dateModified\":\"2021-05-28T07:43:46+00:00\",\"breadcrumb\":{\"@id\":\"https:\\\/\\\/www.smaat-techniques.com\\\/transmetteur-de-pression-prep300\\\/#breadcrumb\"},\"inLanguage\":\"en-GB\",\"potentialAction\":[{\"@type\":\"ReadAction\",\"target\":[\"https:\\\/\\\/www.smaat-techniques.com\\\/transmetteur-de-pression-prep300\\\/\"]}]},{\"@type\":\"BreadcrumbList\",\"@id\":\"https:\\\/\\\/www.smaat-techniques.com\\\/transmetteur-de-pression-prep300\\\/#breadcrumb\",\"itemListElement\":[{\"@type\":\"ListItem\",\"position\":1,\"name\":\"Accueil\",\"item\":\"https:\\\/\\\/www.smaat-techniques.com\\\/home\\\/\"},{\"@type\":\"ListItem\",\"position\":2,\"name\":\"transmetteur de pression PREP300\"}]},{\"@type\":\"WebSite\",\"@id\":\"https:\\\/\\\/www.smaat-techniques.com\\\/#website\",\"url\":\"https:\\\/\\\/www.smaat-techniques.com\\\/\",\"name\":\"Smaat Techniques\",\"description\":\"Appareils de mesure et de contr\u00f4le\",\"potentialAction\":[{\"@type\":\"SearchAction\",\"target\":{\"@type\":\"EntryPoint\",\"urlTemplate\":\"https:\\\/\\\/www.smaat-techniques.com\\\/?s={search_term_string}\"},\"query-input\":{\"@type\":\"PropertyValueSpecification\",\"valueRequired\":true,\"valueName\":\"search_term_string\"}}],\"inLanguage\":\"en-GB\"}]}<\/script>\n<!-- \/ Yoast SEO plugin. -->","yoast_head_json":{"title":"transmetteur de pression PREP300 - Smaat Techniques","robots":{"index":"index","follow":"follow","max-snippet":"max-snippet:-1","max-image-preview":"max-image-preview:large","max-video-preview":"max-video-preview:-1"},"canonical":"https:\/\/www.smaat-techniques.com\/en\/transmetteur-de-pression-prep300\/","og_locale":"en_GB","og_type":"article","og_title":"transmetteur de pression PREP300 - Smaat Techniques","og_url":"https:\/\/www.smaat-techniques.com\/en\/transmetteur-de-pression-prep300\/","og_site_name":"Smaat Techniques","article_modified_time":"2021-05-28T07:43:46+00:00","twitter_card":"summary_large_image","twitter_misc":{"Estimated reading time":"6 minutes"},"schema":{"@context":"https:\/\/schema.org","@graph":[{"@type":"WebPage","@id":"https:\/\/www.smaat-techniques.com\/transmetteur-de-pression-prep300\/","url":"https:\/\/www.smaat-techniques.com\/transmetteur-de-pression-prep300\/","name":"transmetteur de pression PREP300 - Smaat Techniques","isPartOf":{"@id":"https:\/\/www.smaat-techniques.com\/#website"},"datePublished":"2021-05-26T21:18:43+00:00","dateModified":"2021-05-28T07:43:46+00:00","breadcrumb":{"@id":"https:\/\/www.smaat-techniques.com\/transmetteur-de-pression-prep300\/#breadcrumb"},"inLanguage":"en-GB","potentialAction":[{"@type":"ReadAction","target":["https:\/\/www.smaat-techniques.com\/transmetteur-de-pression-prep300\/"]}]},{"@type":"BreadcrumbList","@id":"https:\/\/www.smaat-techniques.com\/transmetteur-de-pression-prep300\/#breadcrumb","itemListElement":[{"@type":"ListItem","position":1,"name":"Accueil","item":"https:\/\/www.smaat-techniques.com\/home\/"},{"@type":"ListItem","position":2,"name":"transmetteur de pression PREP300"}]},{"@type":"WebSite","@id":"https:\/\/www.smaat-techniques.com\/#website","url":"https:\/\/www.smaat-techniques.com\/","name":"Smaat Techniques","description":"Appareils de mesure et de contr\u00f4le","potentialAction":[{"@type":"SearchAction","target":{"@type":"EntryPoint","urlTemplate":"https:\/\/www.smaat-techniques.com\/?s={search_term_string}"},"query-input":{"@type":"PropertyValueSpecification","valueRequired":true,"valueName":"search_term_string"}}],"inLanguage":"en-GB"}]}},"_links":{"self":[{"href":"https:\/\/www.smaat-techniques.com\/en\/wp-json\/wp\/v2\/pages\/1654","targetHints":{"allow":["GET"]}}],"collection":[{"href":"https:\/\/www.smaat-techniques.com\/en\/wp-json\/wp\/v2\/pages"}],"about":[{"href":"https:\/\/www.smaat-techniques.com\/en\/wp-json\/wp\/v2\/types\/page"}],"author":[{"embeddable":true,"href":"https:\/\/www.smaat-techniques.com\/en\/wp-json\/wp\/v2\/users\/1"}],"replies":[{"embeddable":true,"href":"https:\/\/www.smaat-techniques.com\/en\/wp-json\/wp\/v2\/comments?post=1654"}],"version-history":[{"count":10,"href":"https:\/\/www.smaat-techniques.com\/en\/wp-json\/wp\/v2\/pages\/1654\/revisions"}],"predecessor-version":[{"id":1825,"href":"https:\/\/www.smaat-techniques.com\/en\/wp-json\/wp\/v2\/pages\/1654\/revisions\/1825"}],"wp:attachment":[{"href":"https:\/\/www.smaat-techniques.com\/en\/wp-json\/wp\/v2\/media?parent=1654"}],"curies":[{"name":"wp","href":"https:\/\/api.w.org\/{rel}","templated":true}]}}