{"id":1558,"date":"2021-05-21T16:43:39","date_gmt":"2021-05-21T14:43:39","guid":{"rendered":"https:\/\/smaat.2n-tech.com\/?page_id=1558"},"modified":"2021-05-28T09:25:10","modified_gmt":"2021-05-28T07:25:10","slug":"transmetteur-de-pression","status":"publish","type":"page","link":"https:\/\/www.smaat-techniques.com\/en\/transmetteur-de-pression\/","title":{"rendered":"Transmetteur de pression"},"content":{"rendered":"<div class=\"flex_column av_one_fourth  flex_column_div av-zero-column-padding first  avia-builder-el-0  el_before_av_one_fourth  avia-builder-el-first\" style='border-radius:0px; '><p><section class=\"av_textblock_section\"  itemscope=\"itemscope\" itemtype=\"https:\/\/schema.org\/CreativeWork\" ><div class='avia_textblock'   itemprop=\"text\" ><p><a href=\"https:\/\/www.smaat-techniques.com\/en\/nos-produits\/\">Tous nos produits<\/a><\/p>\n<\/div><\/section><br \/>\n<section class=\"av_textblock_section\"  itemscope=\"itemscope\" itemtype=\"https:\/\/schema.org\/CreativeWork\" ><div class='avia_textblock'   itemprop=\"text\" ><p><a href=\"https:\/\/www.smaat-techniques.com\/en\/debitmetre-electromagnetique\/\">D\u00e9bitm\u00e8tre \u00e9lectromagn\u00e9tique<\/a><\/p>\n<\/div><\/section><br \/>\n<section class=\"av_textblock_section\"  itemscope=\"itemscope\" itemtype=\"https:\/\/schema.org\/CreativeWork\" ><div class='avia_textblock'   itemprop=\"text\" ><p><a href=\"https:\/\/www.smaat-techniques.com\/en\/transmetteur-de-pression-differentiel\/\">Transmetteur de pression diff\u00e9rentiel<\/a><\/p>\n<\/div><\/section><br \/>\n<section class=\"av_textblock_section\"  itemscope=\"itemscope\" itemtype=\"https:\/\/schema.org\/CreativeWork\" ><div class='avia_textblock'   itemprop=\"text\" ><p><a href=\"https:\/\/www.smaat-techniques.com\/en\/transmetteur-de-pression\/\">Transmetteur de pression<\/a><\/p>\n<\/div><\/section><br \/>\n<section class=\"av_textblock_section\"  itemscope=\"itemscope\" itemtype=\"https:\/\/schema.org\/CreativeWork\" ><div class='avia_textblock'   itemprop=\"text\" ><p><a href=\"https:\/\/www.smaat-techniques.com\/en\/debitmetre-vortex\/\">D\u00e9bitm\u00e8tre vortex<\/a><\/p>\n<\/div><\/section><br \/>\n<section class=\"av_textblock_section\"  itemscope=\"itemscope\" itemtype=\"https:\/\/schema.org\/CreativeWork\" ><div class='avia_textblock'   itemprop=\"text\" ><p><a href=\"https:\/\/www.smaat-techniques.com\/en\/niveau-par-ultrason\/\">Niveau par ultrason<\/a><\/p>\n<\/div><\/section><br \/>\n<section class=\"av_textblock_section\"  itemscope=\"itemscope\" itemtype=\"https:\/\/schema.org\/CreativeWork\" ><div class='avia_textblock'   itemprop=\"text\" ><p><a href=\"https:\/\/www.smaat-techniques.com\/en\/instrument-hydrologique\/\"><span class=\"VIiyi\" lang=\"fr\"><span class=\"JLqJ4b ChMk0b\" data-language-for-alternatives=\"fr\" data-language-to-translate-into=\"zh-CN\" data-phrase-index=\"0\">Instrument hydrologique<\/span><\/span><\/a><\/p>\n<\/div><\/section><\/p><\/div>\n<div class=\"flex_column av_one_fourth  flex_column_div av-zero-column-padding   avia-builder-el-8  el_after_av_one_fourth  el_before_av_one_fourth\" style='border-radius:0px; '><p><div  class='avia-image-container  av-styling-    avia-builder-el-9  el_before_av_textblock  avia-builder-el-first  avia-align-center'  itemprop=\"image\" itemscope=\"itemscope\" itemtype=\"https:\/\/schema.org\/ImageObject\"  ><div class='avia-image-container-inner'><div class='avia-image-overlay-wrap'><a href='https:\/\/www.smaat-techniques.com\/en\/transmetteur-de-pression-prep100\/' class='avia_image'  ><img decoding=\"async\" width=\"281\" height=\"300\" class='wp-image-1504 avia-img-lazy-loading-not-1504 avia_image' src=\"https:\/\/www.smaat-techniques.com\/wp-content\/uploads\/2021\/05\/PREP1001-1-281x300.jpg\" alt='PREP100 SMAAT' title='PREP100 SMAAT'  itemprop=\"thumbnailUrl\" srcset=\"https:\/\/www.smaat-techniques.com\/wp-content\/uploads\/2021\/05\/PREP1001-1-281x300.jpg 281w, https:\/\/www.smaat-techniques.com\/wp-content\/uploads\/2021\/05\/PREP1001-1-965x1030.jpg 965w, https:\/\/www.smaat-techniques.com\/wp-content\/uploads\/2021\/05\/PREP1001-1-768x820.jpg 768w, https:\/\/www.smaat-techniques.com\/wp-content\/uploads\/2021\/05\/PREP1001-1-1439x1536.jpg 1439w, https:\/\/www.smaat-techniques.com\/wp-content\/uploads\/2021\/05\/PREP1001-1-11x12.jpg 11w, https:\/\/www.smaat-techniques.com\/wp-content\/uploads\/2021\/05\/PREP1001-1-1405x1500.jpg 1405w, https:\/\/www.smaat-techniques.com\/wp-content\/uploads\/2021\/05\/PREP1001-1-660x705.jpg 660w, https:\/\/www.smaat-techniques.com\/wp-content\/uploads\/2021\/05\/PREP1001-1.jpg 1600w\" sizes=\"(max-width: 281px) 100vw, 281px\" \/><\/a><\/div><\/div><\/div><br \/>\n<section class=\"av_textblock_section\"  itemscope=\"itemscope\" itemtype=\"https:\/\/schema.org\/CreativeWork\" ><div class='avia_textblock'   itemprop=\"text\" ><p style=\"text-align: center;\"><a href=\"https:\/\/www.smaat-techniques.com\/en\/transmetteur-de-pression-prep100\/\">Transmetteur de pression PREP100<\/a><\/p>\n<p style=\"text-align: center;\">\n<\/div><\/section><br \/>\n<div  class='avia-image-container  av-styling-    avia-builder-el-11  el_after_av_textblock  el_before_av_textblock  avia-align-center'  itemprop=\"image\" itemscope=\"itemscope\" itemtype=\"https:\/\/schema.org\/ImageObject\"  ><div class='avia-image-container-inner'><div class='avia-image-overlay-wrap'><a href='https:\/\/www.smaat-techniques.com\/en\/transmetteur-de-pression-nih100\/' class='avia_image'  ><img decoding=\"async\" width=\"300\" height=\"274\" class='wp-image-1634 avia-img-lazy-loading-not-1634 avia_image' src=\"https:\/\/www.smaat-techniques.com\/wp-content\/uploads\/2021\/05\/NIH100-300x274.jpg\" alt='NIH100 SMAAT' title='NIH100 SMAAT'  itemprop=\"thumbnailUrl\" srcset=\"https:\/\/www.smaat-techniques.com\/wp-content\/uploads\/2021\/05\/NIH100-300x274.jpg 300w, https:\/\/www.smaat-techniques.com\/wp-content\/uploads\/2021\/05\/NIH100-1030x942.jpg 1030w, https:\/\/www.smaat-techniques.com\/wp-content\/uploads\/2021\/05\/NIH100-768x702.jpg 768w, https:\/\/www.smaat-techniques.com\/wp-content\/uploads\/2021\/05\/NIH100-1536x1404.jpg 1536w, https:\/\/www.smaat-techniques.com\/wp-content\/uploads\/2021\/05\/NIH100-2048x1872.jpg 2048w, https:\/\/www.smaat-techniques.com\/wp-content\/uploads\/2021\/05\/NIH100-13x12.jpg 13w, https:\/\/www.smaat-techniques.com\/wp-content\/uploads\/2021\/05\/NIH100-1500x1371.jpg 1500w, https:\/\/www.smaat-techniques.com\/wp-content\/uploads\/2021\/05\/NIH100-705x645.jpg 705w\" sizes=\"(max-width: 300px) 100vw, 300px\" \/><\/a><\/div><\/div><\/div><br \/>\n<section class=\"av_textblock_section\"  itemscope=\"itemscope\" itemtype=\"https:\/\/schema.org\/CreativeWork\" ><div class='avia_textblock'   itemprop=\"text\" ><p style=\"text-align: center;\"><a href=\"https:\/\/www.smaat-techniques.com\/en\/transmetteur-de-pression-nih100\/\">Transmetteur de pression diff\u00e9rentiel NIH100<\/a><\/p>\n<\/div><\/section><\/p><\/div>\n<div class=\"flex_column av_one_fourth  flex_column_div av-zero-column-padding   avia-builder-el-13  el_after_av_one_fourth  el_before_av_one_fourth\" style='border-radius:0px; '><p><div  class='avia-image-container  av-styling-    avia-builder-el-14  el_before_av_textblock  avia-builder-el-first  avia-align-center'  itemprop=\"image\" itemscope=\"itemscope\" itemtype=\"https:\/\/schema.org\/ImageObject\"  ><div class='avia-image-container-inner'><div class='avia-image-overlay-wrap'><a href='https:\/\/www.smaat-techniques.com\/en\/transmetteur-de-pression-prep200\/' class='avia_image'  ><img decoding=\"async\" width=\"282\" height=\"300\" class='wp-image-1632 avia-img-lazy-loading-not-1632 avia_image' src=\"https:\/\/www.smaat-techniques.com\/wp-content\/uploads\/2021\/05\/PREP200\uff081\uff09-2-282x300.jpg\" alt='PREP200 SMAAT' title='PREP200 SMAAT'  itemprop=\"thumbnailUrl\" srcset=\"https:\/\/www.smaat-techniques.com\/wp-content\/uploads\/2021\/05\/PREP200\uff081\uff09-2-282x300.jpg 282w, https:\/\/www.smaat-techniques.com\/wp-content\/uploads\/2021\/05\/PREP200\uff081\uff09-2-969x1030.jpg 969w, https:\/\/www.smaat-techniques.com\/wp-content\/uploads\/2021\/05\/PREP200\uff081\uff09-2-768x817.jpg 768w, https:\/\/www.smaat-techniques.com\/wp-content\/uploads\/2021\/05\/PREP200\uff081\uff09-2-1445x1536.jpg 1445w, https:\/\/www.smaat-techniques.com\/wp-content\/uploads\/2021\/05\/PREP200\uff081\uff09-2-11x12.jpg 11w, https:\/\/www.smaat-techniques.com\/wp-content\/uploads\/2021\/05\/PREP200\uff081\uff09-2-1411x1500.jpg 1411w, https:\/\/www.smaat-techniques.com\/wp-content\/uploads\/2021\/05\/PREP200\uff081\uff09-2-663x705.jpg 663w, https:\/\/www.smaat-techniques.com\/wp-content\/uploads\/2021\/05\/PREP200\uff081\uff09-2.jpg 1772w\" sizes=\"(max-width: 282px) 100vw, 282px\" \/><\/a><\/div><\/div><\/div><br \/>\n<section class=\"av_textblock_section\"  itemscope=\"itemscope\" itemtype=\"https:\/\/schema.org\/CreativeWork\" ><div class='avia_textblock'   itemprop=\"text\" ><p style=\"text-align: center;\"><a href=\"https:\/\/www.smaat-techniques.com\/en\/transmetteur-de-pression-prep200\/\">Transmetteur de pression PREP200<\/a><\/p>\n<\/div><\/section><br \/>\n<div  class='avia-image-container  av-styling-    avia-builder-el-16  el_after_av_textblock  el_before_av_textblock  avia-align-center'  itemprop=\"image\" itemscope=\"itemscope\" itemtype=\"https:\/\/schema.org\/ImageObject\"  ><div class='avia-image-container-inner'><div class='avia-image-overlay-wrap'><a href='https:\/\/www.smaat-techniques.com\/en\/transmetteur-de-pression-nih200\/' class='avia_image'  ><img decoding=\"async\" width=\"300\" height=\"297\" class='wp-image-1636 avia-img-lazy-loading-not-1636 avia_image' src=\"https:\/\/www.smaat-techniques.com\/wp-content\/uploads\/2021\/05\/NIH200-1-300x297.jpg\" alt='NIH200 SMAAT' title='NIH200 SMAAT'  itemprop=\"thumbnailUrl\" srcset=\"https:\/\/www.smaat-techniques.com\/wp-content\/uploads\/2021\/05\/NIH200-1-300x297.jpg 300w, https:\/\/www.smaat-techniques.com\/wp-content\/uploads\/2021\/05\/NIH200-1-1030x1020.jpg 1030w, https:\/\/www.smaat-techniques.com\/wp-content\/uploads\/2021\/05\/NIH200-1-80x80.jpg 80w, https:\/\/www.smaat-techniques.com\/wp-content\/uploads\/2021\/05\/NIH200-1-768x761.jpg 768w, https:\/\/www.smaat-techniques.com\/wp-content\/uploads\/2021\/05\/NIH200-1-1536x1522.jpg 1536w, https:\/\/www.smaat-techniques.com\/wp-content\/uploads\/2021\/05\/NIH200-1-2048x2029.jpg 2048w, https:\/\/www.smaat-techniques.com\/wp-content\/uploads\/2021\/05\/NIH200-1-12x12.jpg 12w, https:\/\/www.smaat-techniques.com\/wp-content\/uploads\/2021\/05\/NIH200-1-36x36.jpg 36w, https:\/\/www.smaat-techniques.com\/wp-content\/uploads\/2021\/05\/NIH200-1-1500x1486.jpg 1500w, https:\/\/www.smaat-techniques.com\/wp-content\/uploads\/2021\/05\/NIH200-1-705x698.jpg 705w\" sizes=\"(max-width: 300px) 100vw, 300px\" \/><\/a><\/div><\/div><\/div><br \/>\n<section class=\"av_textblock_section\"  itemscope=\"itemscope\" itemtype=\"https:\/\/schema.org\/CreativeWork\" ><div class='avia_textblock'   itemprop=\"text\" ><p style=\"text-align: center;\"><a href=\"https:\/\/www.smaat-techniques.com\/en\/transmetteur-de-pression-nih200\/\">Transmetteur de pression diff\u00e9rentiel NIH200<\/a><\/p>\n<\/div><\/section><\/p><\/div>\n<div class=\"flex_column av_one_fourth  flex_column_div av-zero-column-padding   avia-builder-el-18  el_after_av_one_fourth  avia-builder-el-last\" style='border-radius:0px; '><p><div  class='avia-image-container  av-styling-    avia-builder-el-19  el_before_av_textblock  avia-builder-el-first  avia-align-center'  itemprop=\"image\" itemscope=\"itemscope\" itemtype=\"https:\/\/schema.org\/ImageObject\"  ><div class='avia-image-container-inner'><div class='avia-image-overlay-wrap'><a href='https:\/\/www.smaat-techniques.com\/en\/transmetteur-de-pression-prep300\/' class='avia_image'  ><img decoding=\"async\" width=\"300\" height=\"300\" class='wp-image-1816 avia-img-lazy-loading-not-1816 avia_image' src=\"https:\/\/www.smaat-techniques.com\/wp-content\/uploads\/2021\/05\/PREP300-7-300x300.jpg\" alt='PREP300 SMAAT' title='PREP300 SMAAT'  itemprop=\"thumbnailUrl\" srcset=\"https:\/\/www.smaat-techniques.com\/wp-content\/uploads\/2021\/05\/PREP300-7-300x300.jpg 300w, https:\/\/www.smaat-techniques.com\/wp-content\/uploads\/2021\/05\/PREP300-7-1028x1030.jpg 1028w, https:\/\/www.smaat-techniques.com\/wp-content\/uploads\/2021\/05\/PREP300-7-80x80.jpg 80w, https:\/\/www.smaat-techniques.com\/wp-content\/uploads\/2021\/05\/PREP300-7-768x769.jpg 768w, https:\/\/www.smaat-techniques.com\/wp-content\/uploads\/2021\/05\/PREP300-7-12x12.jpg 12w, https:\/\/www.smaat-techniques.com\/wp-content\/uploads\/2021\/05\/PREP300-7-36x36.jpg 36w, https:\/\/www.smaat-techniques.com\/wp-content\/uploads\/2021\/05\/PREP300-7-180x180.jpg 180w, https:\/\/www.smaat-techniques.com\/wp-content\/uploads\/2021\/05\/PREP300-7-705x705.jpg 705w, https:\/\/www.smaat-techniques.com\/wp-content\/uploads\/2021\/05\/PREP300-7.jpg 1236w\" sizes=\"(max-width: 300px) 100vw, 300px\" \/><\/a><\/div><\/div><\/div><br \/>\n<section class=\"av_textblock_section\"  itemscope=\"itemscope\" itemtype=\"https:\/\/schema.org\/CreativeWork\" ><div class='avia_textblock'   itemprop=\"text\" ><p style=\"text-align: center;\"><a href=\"https:\/\/www.smaat-techniques.com\/en\/transmetteur-de-pression-prep300\/\">Transmetteur de pression PREP300<\/a><\/p>\n<\/div><\/section><\/p><\/div>","protected":false},"excerpt":{"rendered":"","protected":false},"author":1,"featured_media":0,"parent":0,"menu_order":0,"comment_status":"closed","ping_status":"closed","template":"","meta":{"footnotes":""},"class_list":["post-1558","page","type-page","status-publish","hentry"],"yoast_head":"<!-- This site is optimized with the Yoast SEO plugin v27.6 - https:\/\/yoast.com\/product\/yoast-seo-wordpress\/ -->\n<title>Transmetteur de pression - Smaat Techniques<\/title>\n<meta name=\"robots\" content=\"index, follow, max-snippet:-1, max-image-preview:large, max-video-preview:-1\" \/>\n<link rel=\"canonical\" href=\"https:\/\/www.smaat-techniques.com\/en\/transmetteur-de-pression\/\" \/>\n<meta property=\"og:locale\" content=\"en_GB\" \/>\n<meta property=\"og:type\" content=\"article\" \/>\n<meta property=\"og:title\" content=\"Transmetteur de pression - Smaat Techniques\" \/>\n<meta property=\"og:url\" content=\"https:\/\/www.smaat-techniques.com\/en\/transmetteur-de-pression\/\" \/>\n<meta property=\"og:site_name\" content=\"Smaat Techniques\" \/>\n<meta property=\"article:modified_time\" content=\"2021-05-28T07:25:10+00:00\" \/>\n<meta name=\"twitter:card\" content=\"summary_large_image\" \/>\n<meta name=\"twitter:label1\" content=\"Estimated reading time\" \/>\n\t<meta name=\"twitter:data1\" content=\"7 minutes\" \/>\n<script type=\"application\/ld+json\" class=\"yoast-schema-graph\">{\"@context\":\"https:\\\/\\\/schema.org\",\"@graph\":[{\"@type\":\"WebPage\",\"@id\":\"https:\\\/\\\/www.smaat-techniques.com\\\/transmetteur-de-pression\\\/\",\"url\":\"https:\\\/\\\/www.smaat-techniques.com\\\/transmetteur-de-pression\\\/\",\"name\":\"Transmetteur de pression - Smaat Techniques\",\"isPartOf\":{\"@id\":\"https:\\\/\\\/www.smaat-techniques.com\\\/#website\"},\"datePublished\":\"2021-05-21T14:43:39+00:00\",\"dateModified\":\"2021-05-28T07:25:10+00:00\",\"breadcrumb\":{\"@id\":\"https:\\\/\\\/www.smaat-techniques.com\\\/transmetteur-de-pression\\\/#breadcrumb\"},\"inLanguage\":\"en-GB\",\"potentialAction\":[{\"@type\":\"ReadAction\",\"target\":[\"https:\\\/\\\/www.smaat-techniques.com\\\/transmetteur-de-pression\\\/\"]}]},{\"@type\":\"BreadcrumbList\",\"@id\":\"https:\\\/\\\/www.smaat-techniques.com\\\/transmetteur-de-pression\\\/#breadcrumb\",\"itemListElement\":[{\"@type\":\"ListItem\",\"position\":1,\"name\":\"Accueil\",\"item\":\"https:\\\/\\\/www.smaat-techniques.com\\\/home\\\/\"},{\"@type\":\"ListItem\",\"position\":2,\"name\":\"Transmetteur de pression\"}]},{\"@type\":\"WebSite\",\"@id\":\"https:\\\/\\\/www.smaat-techniques.com\\\/#website\",\"url\":\"https:\\\/\\\/www.smaat-techniques.com\\\/\",\"name\":\"Smaat Techniques\",\"description\":\"Appareils de mesure et de contr\u00f4le\",\"potentialAction\":[{\"@type\":\"SearchAction\",\"target\":{\"@type\":\"EntryPoint\",\"urlTemplate\":\"https:\\\/\\\/www.smaat-techniques.com\\\/?s={search_term_string}\"},\"query-input\":{\"@type\":\"PropertyValueSpecification\",\"valueRequired\":true,\"valueName\":\"search_term_string\"}}],\"inLanguage\":\"en-GB\"}]}<\/script>\n<!-- \/ Yoast SEO plugin. -->","yoast_head_json":{"title":"Transmetteur de pression - Smaat Techniques","robots":{"index":"index","follow":"follow","max-snippet":"max-snippet:-1","max-image-preview":"max-image-preview:large","max-video-preview":"max-video-preview:-1"},"canonical":"https:\/\/www.smaat-techniques.com\/en\/transmetteur-de-pression\/","og_locale":"en_GB","og_type":"article","og_title":"Transmetteur de pression - Smaat Techniques","og_url":"https:\/\/www.smaat-techniques.com\/en\/transmetteur-de-pression\/","og_site_name":"Smaat Techniques","article_modified_time":"2021-05-28T07:25:10+00:00","twitter_card":"summary_large_image","twitter_misc":{"Estimated reading time":"7 minutes"},"schema":{"@context":"https:\/\/schema.org","@graph":[{"@type":"WebPage","@id":"https:\/\/www.smaat-techniques.com\/transmetteur-de-pression\/","url":"https:\/\/www.smaat-techniques.com\/transmetteur-de-pression\/","name":"Transmetteur de pression - Smaat Techniques","isPartOf":{"@id":"https:\/\/www.smaat-techniques.com\/#website"},"datePublished":"2021-05-21T14:43:39+00:00","dateModified":"2021-05-28T07:25:10+00:00","breadcrumb":{"@id":"https:\/\/www.smaat-techniques.com\/transmetteur-de-pression\/#breadcrumb"},"inLanguage":"en-GB","potentialAction":[{"@type":"ReadAction","target":["https:\/\/www.smaat-techniques.com\/transmetteur-de-pression\/"]}]},{"@type":"BreadcrumbList","@id":"https:\/\/www.smaat-techniques.com\/transmetteur-de-pression\/#breadcrumb","itemListElement":[{"@type":"ListItem","position":1,"name":"Accueil","item":"https:\/\/www.smaat-techniques.com\/home\/"},{"@type":"ListItem","position":2,"name":"Transmetteur de pression"}]},{"@type":"WebSite","@id":"https:\/\/www.smaat-techniques.com\/#website","url":"https:\/\/www.smaat-techniques.com\/","name":"Smaat Techniques","description":"Appareils de mesure et de contr\u00f4le","potentialAction":[{"@type":"SearchAction","target":{"@type":"EntryPoint","urlTemplate":"https:\/\/www.smaat-techniques.com\/?s={search_term_string}"},"query-input":{"@type":"PropertyValueSpecification","valueRequired":true,"valueName":"search_term_string"}}],"inLanguage":"en-GB"}]}},"_links":{"self":[{"href":"https:\/\/www.smaat-techniques.com\/en\/wp-json\/wp\/v2\/pages\/1558","targetHints":{"allow":["GET"]}}],"collection":[{"href":"https:\/\/www.smaat-techniques.com\/en\/wp-json\/wp\/v2\/pages"}],"about":[{"href":"https:\/\/www.smaat-techniques.com\/en\/wp-json\/wp\/v2\/types\/page"}],"author":[{"embeddable":true,"href":"https:\/\/www.smaat-techniques.com\/en\/wp-json\/wp\/v2\/users\/1"}],"replies":[{"embeddable":true,"href":"https:\/\/www.smaat-techniques.com\/en\/wp-json\/wp\/v2\/comments?post=1558"}],"version-history":[{"count":10,"href":"https:\/\/www.smaat-techniques.com\/en\/wp-json\/wp\/v2\/pages\/1558\/revisions"}],"predecessor-version":[{"id":1817,"href":"https:\/\/www.smaat-techniques.com\/en\/wp-json\/wp\/v2\/pages\/1558\/revisions\/1817"}],"wp:attachment":[{"href":"https:\/\/www.smaat-techniques.com\/en\/wp-json\/wp\/v2\/media?parent=1558"}],"curies":[{"name":"wp","href":"https:\/\/api.w.org\/{rel}","templated":true}]}}