{"id":1289,"date":"2021-04-26T17:09:36","date_gmt":"2021-04-26T15:09:36","guid":{"rendered":"https:\/\/smaat.2n-tech.com\/?page_id=1289"},"modified":"2021-05-11T23:50:24","modified_gmt":"2021-05-11T21:50:24","slug":"notre-societe","status":"publish","type":"page","link":"https:\/\/www.smaat-techniques.com\/en\/notre-societe\/","title":{"rendered":"Notre soci\u00e9t\u00e9"},"content":{"rendered":"<div class=\"flex_column av_one_fifth  flex_column_div av-zero-column-padding first  avia-builder-el-0  el_before_av_three_fifth  avia-builder-el-first\" style='border-radius:0px; '><p><section class=\"av_textblock_section\"  itemscope=\"itemscope\" itemtype=\"https:\/\/schema.org\/CreativeWork\" ><div class='avia_textblock'   itemprop=\"text\" ><p><a href=\"https:\/\/www.smaat-techniques.com\/en\/certificats\/\"><strong>Nos certificats<\/strong><\/a><\/p>\n<\/div><\/section><br \/>\n<section class=\"av_textblock_section\"  itemscope=\"itemscope\" itemtype=\"https:\/\/schema.org\/CreativeWork\" ><div class='avia_textblock'   itemprop=\"text\" ><p><strong><a href=\"https:\/\/www.smaat-techniques.com\/en\/contact\/\">Nous contacter<\/a><\/strong><\/p>\n<\/div><\/section><\/p><\/div>\n<div class=\"flex_column av_three_fifth  flex_column_div av-zero-column-padding   avia-builder-el-3  el_after_av_one_fifth  avia-builder-el-last\" style='border-radius:0px; '><section class=\"av_textblock_section\"  itemscope=\"itemscope\" itemtype=\"https:\/\/schema.org\/CreativeWork\" ><div class='avia_textblock'   itemprop=\"text\" ><div class=\"richContent richContent6\">\n<p><img loading=\"lazy\" decoding=\"async\" class=\"size-medium wp-image-1343 aligncenter\" src=\"https:\/\/www.smaat-techniques.com\/wp-content\/uploads\/2021\/04\/smaat-300x92.jpg\" alt=\"SMAAT\" width=\"300\" height=\"92\" srcset=\"https:\/\/www.smaat-techniques.com\/wp-content\/uploads\/2021\/04\/smaat-300x92.jpg 300w, https:\/\/www.smaat-techniques.com\/wp-content\/uploads\/2021\/04\/smaat-768x234.jpg 768w, https:\/\/www.smaat-techniques.com\/wp-content\/uploads\/2021\/04\/smaat-16x5.jpg 16w, https:\/\/www.smaat-techniques.com\/wp-content\/uploads\/2021\/04\/smaat-705x215.jpg 705w, https:\/\/www.smaat-techniques.com\/wp-content\/uploads\/2021\/04\/smaat.jpg 845w\" sizes=\"auto, (max-width: 300px) 100vw, 300px\" \/><\/p>\n<p>Smaat Techniques est un groupement d\u2019industriels poss\u00e9dant plus de 30 ans d\u2019exp\u00e9rience dans le domaine des instruments de mesure et de contr\u00f4le. Nous proposons des produits de haute qualit\u00e9 et efficaces en co\u00fbt dans la mesure du d\u00e9bit, de la pression et du niveau. Nos appareils ont prouv\u00e9 leurs performances dans de nombreux domaines comme l\u2019industrie chimique, la m\u00e9tallurgie, l\u2019industrie p\u00e9troli\u00e8re, l\u2019eau et les eaux us\u00e9es tout en restant \u00e0 un niveau de prix tr\u00e8s comp\u00e9titif.<\/p>\n<p>La fiabilit\u00e9 de nos produits est due \u00e0 la haute qualit\u00e9 des mati\u00e8res premi\u00e8res, \u00e0 un contr\u00f4le strict des lignes de production et tout particuli\u00e8rement \u00e0 notre expertise dans les solutions de d\u00e9bit, pression et niveau.<\/p>\n<p>R\u00e9pondre aux demandes de nos clients en apportant des produits con\u00e7us sur mesure est une de nos sp\u00e9cialit\u00e9s. N\u2019h\u00e9sitez pas \u00e0 nous contacter pour nous faire part de vos besoins sp\u00e9cifiques.<\/p>\n<p>\u00c9quipez-vous bien, \u00e9quipez-vous Smaat !<\/p>\n<\/div>\n<\/div><\/section><\/div>","protected":false},"excerpt":{"rendered":"","protected":false},"author":1,"featured_media":0,"parent":0,"menu_order":0,"comment_status":"closed","ping_status":"closed","template":"","meta":{"footnotes":""},"class_list":["post-1289","page","type-page","status-publish","hentry"],"yoast_head":"<!-- This site is optimized with the Yoast SEO plugin v27.3 - https:\/\/yoast.com\/product\/yoast-seo-wordpress\/ -->\n<title>Notre soci\u00e9t\u00e9 - Smaat Techniques<\/title>\n<meta name=\"robots\" content=\"index, follow, max-snippet:-1, max-image-preview:large, max-video-preview:-1\" \/>\n<link rel=\"canonical\" href=\"https:\/\/www.smaat-techniques.com\/en\/notre-societe\/\" \/>\n<meta property=\"og:locale\" content=\"en_GB\" \/>\n<meta property=\"og:type\" content=\"article\" \/>\n<meta property=\"og:title\" content=\"Notre soci\u00e9t\u00e9 - Smaat Techniques\" \/>\n<meta property=\"og:url\" content=\"https:\/\/www.smaat-techniques.com\/en\/notre-societe\/\" \/>\n<meta property=\"og:site_name\" content=\"Smaat Techniques\" \/>\n<meta property=\"article:modified_time\" content=\"2021-05-11T21:50:24+00:00\" \/>\n<meta property=\"og:image\" content=\"https:\/\/www.smaat-techniques.com\/wp-content\/uploads\/2021\/04\/smaat-300x92.jpg\" \/>\n<meta name=\"twitter:card\" content=\"summary_large_image\" \/>\n<meta name=\"twitter:label1\" content=\"Estimated reading time\" \/>\n\t<meta name=\"twitter:data1\" content=\"3 minutes\" \/>\n<script type=\"application\/ld+json\" class=\"yoast-schema-graph\">{\"@context\":\"https:\\\/\\\/schema.org\",\"@graph\":[{\"@type\":\"WebPage\",\"@id\":\"https:\\\/\\\/www.smaat-techniques.com\\\/notre-societe\\\/\",\"url\":\"https:\\\/\\\/www.smaat-techniques.com\\\/notre-societe\\\/\",\"name\":\"Notre soci\u00e9t\u00e9 - Smaat Techniques\",\"isPartOf\":{\"@id\":\"https:\\\/\\\/www.smaat-techniques.com\\\/#website\"},\"primaryImageOfPage\":{\"@id\":\"https:\\\/\\\/www.smaat-techniques.com\\\/notre-societe\\\/#primaryimage\"},\"image\":{\"@id\":\"https:\\\/\\\/www.smaat-techniques.com\\\/notre-societe\\\/#primaryimage\"},\"thumbnailUrl\":\"https:\\\/\\\/www.smaat-techniques.com\\\/wp-content\\\/uploads\\\/2021\\\/04\\\/smaat-300x92.jpg\",\"datePublished\":\"2021-04-26T15:09:36+00:00\",\"dateModified\":\"2021-05-11T21:50:24+00:00\",\"breadcrumb\":{\"@id\":\"https:\\\/\\\/www.smaat-techniques.com\\\/notre-societe\\\/#breadcrumb\"},\"inLanguage\":\"en-GB\",\"potentialAction\":[{\"@type\":\"ReadAction\",\"target\":[\"https:\\\/\\\/www.smaat-techniques.com\\\/notre-societe\\\/\"]}]},{\"@type\":\"ImageObject\",\"inLanguage\":\"en-GB\",\"@id\":\"https:\\\/\\\/www.smaat-techniques.com\\\/notre-societe\\\/#primaryimage\",\"url\":\"https:\\\/\\\/www.smaat-techniques.com\\\/wp-content\\\/uploads\\\/2021\\\/04\\\/smaat-300x92.jpg\",\"contentUrl\":\"https:\\\/\\\/www.smaat-techniques.com\\\/wp-content\\\/uploads\\\/2021\\\/04\\\/smaat-300x92.jpg\"},{\"@type\":\"BreadcrumbList\",\"@id\":\"https:\\\/\\\/www.smaat-techniques.com\\\/notre-societe\\\/#breadcrumb\",\"itemListElement\":[{\"@type\":\"ListItem\",\"position\":1,\"name\":\"Accueil\",\"item\":\"https:\\\/\\\/www.smaat-techniques.com\\\/home\\\/\"},{\"@type\":\"ListItem\",\"position\":2,\"name\":\"Notre soci\u00e9t\u00e9\"}]},{\"@type\":\"WebSite\",\"@id\":\"https:\\\/\\\/www.smaat-techniques.com\\\/#website\",\"url\":\"https:\\\/\\\/www.smaat-techniques.com\\\/\",\"name\":\"Smaat Techniques\",\"description\":\"Appareils de mesure et de contr\u00f4le\",\"potentialAction\":[{\"@type\":\"SearchAction\",\"target\":{\"@type\":\"EntryPoint\",\"urlTemplate\":\"https:\\\/\\\/www.smaat-techniques.com\\\/?s={search_term_string}\"},\"query-input\":{\"@type\":\"PropertyValueSpecification\",\"valueRequired\":true,\"valueName\":\"search_term_string\"}}],\"inLanguage\":\"en-GB\"}]}<\/script>\n<!-- \/ Yoast SEO plugin. -->","yoast_head_json":{"title":"Notre soci\u00e9t\u00e9 - Smaat Techniques","robots":{"index":"index","follow":"follow","max-snippet":"max-snippet:-1","max-image-preview":"max-image-preview:large","max-video-preview":"max-video-preview:-1"},"canonical":"https:\/\/www.smaat-techniques.com\/en\/notre-societe\/","og_locale":"en_GB","og_type":"article","og_title":"Notre soci\u00e9t\u00e9 - Smaat Techniques","og_url":"https:\/\/www.smaat-techniques.com\/en\/notre-societe\/","og_site_name":"Smaat Techniques","article_modified_time":"2021-05-11T21:50:24+00:00","og_image":[{"url":"https:\/\/www.smaat-techniques.com\/wp-content\/uploads\/2021\/04\/smaat-300x92.jpg","type":"","width":"","height":""}],"twitter_card":"summary_large_image","twitter_misc":{"Estimated reading time":"3 minutes"},"schema":{"@context":"https:\/\/schema.org","@graph":[{"@type":"WebPage","@id":"https:\/\/www.smaat-techniques.com\/notre-societe\/","url":"https:\/\/www.smaat-techniques.com\/notre-societe\/","name":"Notre soci\u00e9t\u00e9 - Smaat Techniques","isPartOf":{"@id":"https:\/\/www.smaat-techniques.com\/#website"},"primaryImageOfPage":{"@id":"https:\/\/www.smaat-techniques.com\/notre-societe\/#primaryimage"},"image":{"@id":"https:\/\/www.smaat-techniques.com\/notre-societe\/#primaryimage"},"thumbnailUrl":"https:\/\/www.smaat-techniques.com\/wp-content\/uploads\/2021\/04\/smaat-300x92.jpg","datePublished":"2021-04-26T15:09:36+00:00","dateModified":"2021-05-11T21:50:24+00:00","breadcrumb":{"@id":"https:\/\/www.smaat-techniques.com\/notre-societe\/#breadcrumb"},"inLanguage":"en-GB","potentialAction":[{"@type":"ReadAction","target":["https:\/\/www.smaat-techniques.com\/notre-societe\/"]}]},{"@type":"ImageObject","inLanguage":"en-GB","@id":"https:\/\/www.smaat-techniques.com\/notre-societe\/#primaryimage","url":"https:\/\/www.smaat-techniques.com\/wp-content\/uploads\/2021\/04\/smaat-300x92.jpg","contentUrl":"https:\/\/www.smaat-techniques.com\/wp-content\/uploads\/2021\/04\/smaat-300x92.jpg"},{"@type":"BreadcrumbList","@id":"https:\/\/www.smaat-techniques.com\/notre-societe\/#breadcrumb","itemListElement":[{"@type":"ListItem","position":1,"name":"Accueil","item":"https:\/\/www.smaat-techniques.com\/home\/"},{"@type":"ListItem","position":2,"name":"Notre soci\u00e9t\u00e9"}]},{"@type":"WebSite","@id":"https:\/\/www.smaat-techniques.com\/#website","url":"https:\/\/www.smaat-techniques.com\/","name":"Smaat Techniques","description":"Appareils de mesure et de contr\u00f4le","potentialAction":[{"@type":"SearchAction","target":{"@type":"EntryPoint","urlTemplate":"https:\/\/www.smaat-techniques.com\/?s={search_term_string}"},"query-input":{"@type":"PropertyValueSpecification","valueRequired":true,"valueName":"search_term_string"}}],"inLanguage":"en-GB"}]}},"_links":{"self":[{"href":"https:\/\/www.smaat-techniques.com\/en\/wp-json\/wp\/v2\/pages\/1289","targetHints":{"allow":["GET"]}}],"collection":[{"href":"https:\/\/www.smaat-techniques.com\/en\/wp-json\/wp\/v2\/pages"}],"about":[{"href":"https:\/\/www.smaat-techniques.com\/en\/wp-json\/wp\/v2\/types\/page"}],"author":[{"embeddable":true,"href":"https:\/\/www.smaat-techniques.com\/en\/wp-json\/wp\/v2\/users\/1"}],"replies":[{"embeddable":true,"href":"https:\/\/www.smaat-techniques.com\/en\/wp-json\/wp\/v2\/comments?post=1289"}],"version-history":[{"count":10,"href":"https:\/\/www.smaat-techniques.com\/en\/wp-json\/wp\/v2\/pages\/1289\/revisions"}],"predecessor-version":[{"id":1496,"href":"https:\/\/www.smaat-techniques.com\/en\/wp-json\/wp\/v2\/pages\/1289\/revisions\/1496"}],"wp:attachment":[{"href":"https:\/\/www.smaat-techniques.com\/en\/wp-json\/wp\/v2\/media?parent=1289"}],"curies":[{"name":"wp","href":"https:\/\/api.w.org\/{rel}","templated":true}]}}