{"id":1265,"date":"2021-04-26T16:50:30","date_gmt":"2021-04-26T14:50:30","guid":{"rendered":"https:\/\/smaat.2n-tech.com\/?page_id=1265"},"modified":"2021-05-26T22:03:40","modified_gmt":"2021-05-26T20:03:40","slug":"nos-produits","status":"publish","type":"page","link":"https:\/\/www.smaat-techniques.com\/en\/nos-produits\/","title":{"rendered":"Nos produits"},"content":{"rendered":"<div class=\"flex_column av_one_fifth  flex_column_div av-zero-column-padding first  avia-builder-el-0  el_before_av_one_fifth  avia-builder-el-first\" style='border-radius:0px; '><\/div>\n<div class=\"flex_column av_one_fifth  flex_column_div av-zero-column-padding   avia-builder-el-1  el_after_av_one_fifth  el_before_av_one_fifth\" style='border-radius:0px; '><p><div  class='avia-image-container  av-styling-    avia-builder-el-2  el_before_av_textblock  avia-builder-el-first  avia-align-center'  itemprop=\"image\" itemscope=\"itemscope\" itemtype=\"https:\/\/schema.org\/ImageObject\"  ><div class='avia-image-container-inner'><div class='avia-image-overlay-wrap'><a href='https:\/\/www.smaat-techniques.com\/en\/debitmetre-electromagnetique\/' class='avia_image'  ><img decoding=\"async\" width=\"268\" height=\"300\" class='wp-image-1483 avia-img-lazy-loading-not-1483 avia_image' src=\"https:\/\/www.smaat-techniques.com\/wp-content\/uploads\/2021\/05\/FLODEM-100-F\u6cd5\u5170\u578b\u7535\u78c1\u6d41\u91cf\u8ba1-1-268x300.jpg\" alt='D\u00e9bitm\u00e8tre \u00e9lectromagn\u00e9tique int\u00e9gr\u00e9 \u00e0 bride SMAAT' title='D\u00e9bitm\u00e8tre \u00e9lectromagn\u00e9tique int\u00e9gr\u00e9 \u00e0 bride SMAAT'  itemprop=\"thumbnailUrl\" srcset=\"https:\/\/www.smaat-techniques.com\/wp-content\/uploads\/2021\/05\/FLODEM-100-F\u6cd5\u5170\u578b\u7535\u78c1\u6d41\u91cf\u8ba1-1-268x300.jpg 268w, https:\/\/www.smaat-techniques.com\/wp-content\/uploads\/2021\/05\/FLODEM-100-F\u6cd5\u5170\u578b\u7535\u78c1\u6d41\u91cf\u8ba1-1-921x1030.jpg 921w, https:\/\/www.smaat-techniques.com\/wp-content\/uploads\/2021\/05\/FLODEM-100-F\u6cd5\u5170\u578b\u7535\u78c1\u6d41\u91cf\u8ba1-1-768x859.jpg 768w, https:\/\/www.smaat-techniques.com\/wp-content\/uploads\/2021\/05\/FLODEM-100-F\u6cd5\u5170\u578b\u7535\u78c1\u6d41\u91cf\u8ba1-1-1373x1536.jpg 1373w, https:\/\/www.smaat-techniques.com\/wp-content\/uploads\/2021\/05\/FLODEM-100-F\u6cd5\u5170\u578b\u7535\u78c1\u6d41\u91cf\u8ba1-1-11x12.jpg 11w, https:\/\/www.smaat-techniques.com\/wp-content\/uploads\/2021\/05\/FLODEM-100-F\u6cd5\u5170\u578b\u7535\u78c1\u6d41\u91cf\u8ba1-1-1341x1500.jpg 1341w, https:\/\/www.smaat-techniques.com\/wp-content\/uploads\/2021\/05\/FLODEM-100-F\u6cd5\u5170\u578b\u7535\u78c1\u6d41\u91cf\u8ba1-1-630x705.jpg 630w, https:\/\/www.smaat-techniques.com\/wp-content\/uploads\/2021\/05\/FLODEM-100-F\u6cd5\u5170\u578b\u7535\u78c1\u6d41\u91cf\u8ba1-1.jpg 1500w\" sizes=\"(max-width: 268px) 100vw, 268px\" \/><\/a><\/div><\/div><\/div><br \/>\n<section class=\"av_textblock_section\"  itemscope=\"itemscope\" itemtype=\"https:\/\/schema.org\/CreativeWork\" ><div class='avia_textblock'   itemprop=\"text\" ><h5 style=\"text-align: center;\"><a href=\"https:\/\/www.smaat-techniques.com\/en\/debitmetre-electromagnetique\/\">D\u00e9bitm\u00e8tre \u00e9lectromagn\u00e9tique<\/a><\/h5>\n<\/div><\/section><\/p><\/div><div class=\"flex_column av_one_fifth  flex_column_div av-zero-column-padding   avia-builder-el-4  el_after_av_one_fifth  el_before_av_one_fifth\" style='border-radius:0px; '><p><div  class='avia-image-container  av-styling-    avia-builder-el-5  el_before_av_textblock  avia-builder-el-first  avia-align-center'  itemprop=\"image\" itemscope=\"itemscope\" itemtype=\"https:\/\/schema.org\/ImageObject\"  ><div class='avia-image-container-inner'><div class='avia-image-overlay-wrap'><a href='https:\/\/www.smaat-techniques.com\/en\/transmetteur-de-pression-differentiel\/' class='avia_image'  ><img decoding=\"async\" width=\"180\" height=\"180\" class='wp-image-1060 avia-img-lazy-loading-not-1060 avia_image' src=\"https:\/\/www.smaat-techniques.com\/wp-content\/uploads\/2021\/04\/PT-PDT2-180x180.jpg\" alt='Transmetteur de pression capacitif' title='Transmetteur de pression capacitif'  itemprop=\"thumbnailUrl\" srcset=\"https:\/\/www.smaat-techniques.com\/wp-content\/uploads\/2021\/04\/PT-PDT2-180x180.jpg 180w, https:\/\/www.smaat-techniques.com\/wp-content\/uploads\/2021\/04\/PT-PDT2-300x300.jpg 300w, https:\/\/www.smaat-techniques.com\/wp-content\/uploads\/2021\/04\/PT-PDT2-80x80.jpg 80w, https:\/\/www.smaat-techniques.com\/wp-content\/uploads\/2021\/04\/PT-PDT2-12x12.jpg 12w, https:\/\/www.smaat-techniques.com\/wp-content\/uploads\/2021\/04\/PT-PDT2-36x36.jpg 36w, https:\/\/www.smaat-techniques.com\/wp-content\/uploads\/2021\/04\/PT-PDT2.jpg 550w\" sizes=\"(max-width: 180px) 100vw, 180px\" \/><\/a><\/div><\/div><\/div><br \/>\n<section class=\"av_textblock_section\"  itemscope=\"itemscope\" itemtype=\"https:\/\/schema.org\/CreativeWork\" ><div class='avia_textblock'   itemprop=\"text\" ><h5 style=\"text-align: center;\"><a href=\"https:\/\/www.smaat-techniques.com\/en\/transmetteur-de-pression-differentiel\/\">Transmetteur de pression diff\u00e9rentiel<\/a><\/h5>\n<\/div><\/section><\/p><\/div><\/p>\n<div class=\"flex_column av_one_fifth  flex_column_div av-zero-column-padding   avia-builder-el-7  el_after_av_one_fifth  el_before_av_one_fifth\" style='border-radius:0px; '><p><div  class='avia-image-container  av-styling-    avia-builder-el-8  el_before_av_textblock  avia-builder-el-first  avia-align-center'  itemprop=\"image\" itemscope=\"itemscope\" itemtype=\"https:\/\/schema.org\/ImageObject\"  ><div class='avia-image-container-inner'><div class='avia-image-overlay-wrap'><a href='https:\/\/www.smaat-techniques.com\/en\/transmetteur-de-pression\/' class='avia_image'  ><img decoding=\"async\" width=\"281\" height=\"300\" class='wp-image-1504 avia-img-lazy-loading-not-1504 avia_image' src=\"https:\/\/www.smaat-techniques.com\/wp-content\/uploads\/2021\/05\/PREP1001-1-281x300.jpg\" alt='PREP100 SMAAT' title='PREP100 SMAAT'  itemprop=\"thumbnailUrl\" srcset=\"https:\/\/www.smaat-techniques.com\/wp-content\/uploads\/2021\/05\/PREP1001-1-281x300.jpg 281w, https:\/\/www.smaat-techniques.com\/wp-content\/uploads\/2021\/05\/PREP1001-1-965x1030.jpg 965w, https:\/\/www.smaat-techniques.com\/wp-content\/uploads\/2021\/05\/PREP1001-1-768x820.jpg 768w, https:\/\/www.smaat-techniques.com\/wp-content\/uploads\/2021\/05\/PREP1001-1-1439x1536.jpg 1439w, https:\/\/www.smaat-techniques.com\/wp-content\/uploads\/2021\/05\/PREP1001-1-11x12.jpg 11w, https:\/\/www.smaat-techniques.com\/wp-content\/uploads\/2021\/05\/PREP1001-1-1405x1500.jpg 1405w, https:\/\/www.smaat-techniques.com\/wp-content\/uploads\/2021\/05\/PREP1001-1-660x705.jpg 660w, https:\/\/www.smaat-techniques.com\/wp-content\/uploads\/2021\/05\/PREP1001-1.jpg 1600w\" sizes=\"(max-width: 281px) 100vw, 281px\" \/><\/a><\/div><\/div><\/div><br \/>\n<section class=\"av_textblock_section\"  itemscope=\"itemscope\" itemtype=\"https:\/\/schema.org\/CreativeWork\" ><div class='avia_textblock'   itemprop=\"text\" ><h5 style=\"text-align: center;\"><a href=\"https:\/\/www.smaat-techniques.com\/en\/transmetteur-de-pression\/\">Transmetteur de pression<\/a><\/h5>\n<\/div><\/section><\/p><\/div>\n<div class=\"flex_column av_one_fifth  flex_column_div av-zero-column-padding   avia-builder-el-10  el_after_av_one_fifth  el_before_av_one_fifth\" style='border-radius:0px; '><\/div>\n<div class=\"flex_column av_one_fifth  flex_column_div av-zero-column-padding first  avia-builder-el-11  el_after_av_one_fifth  el_before_av_one_fifth  column-top-margin\" style='border-radius:0px; '><\/div>\n<div class=\"flex_column av_one_fifth  flex_column_div av-zero-column-padding   avia-builder-el-12  el_after_av_one_fifth  el_before_av_one_fifth  column-top-margin\" style='border-radius:0px; '><p><div  class='avia-image-container  av-styling-    avia-builder-el-13  el_before_av_textblock  avia-builder-el-first  avia-align-center'  itemprop=\"image\" itemscope=\"itemscope\" itemtype=\"https:\/\/schema.org\/ImageObject\"  ><div class='avia-image-container-inner'><div class='avia-image-overlay-wrap'><a href='https:\/\/www.smaat-techniques.com\/en\/debitmetre-vortex\/' class='avia_image'  ><img decoding=\"async\" width=\"180\" height=\"180\" class='wp-image-1276 avia-img-lazy-loading-not-1276 avia_image' src=\"https:\/\/www.smaat-techniques.com\/wp-content\/uploads\/2021\/04\/debitmetre-vortex-4-180x180.jpg\" alt='d\u00e9bitm\u00e8tre vortex' title='d\u00e9bitm\u00e8tre vortex'  itemprop=\"thumbnailUrl\" srcset=\"https:\/\/www.smaat-techniques.com\/wp-content\/uploads\/2021\/04\/debitmetre-vortex-4-180x180.jpg 180w, https:\/\/www.smaat-techniques.com\/wp-content\/uploads\/2021\/04\/debitmetre-vortex-4-80x80.jpg 80w, https:\/\/www.smaat-techniques.com\/wp-content\/uploads\/2021\/04\/debitmetre-vortex-4-36x36.jpg 36w\" sizes=\"(max-width: 180px) 100vw, 180px\" \/><\/a><\/div><\/div><\/div><br \/>\n<section class=\"av_textblock_section\"  itemscope=\"itemscope\" itemtype=\"https:\/\/schema.org\/CreativeWork\" ><div class='avia_textblock'   itemprop=\"text\" ><h5 style=\"text-align: center;\"><a href=\"https:\/\/www.smaat-techniques.com\/en\/debitmetre-vortex\/\">D\u00e9bitm\u00e8tre vortex<\/a><\/h5>\n<\/div><\/section><\/p><\/div>\n<div class=\"flex_column av_one_fifth  flex_column_div av-zero-column-padding   avia-builder-el-15  el_after_av_one_fifth  el_before_av_one_fifth  column-top-margin\" style='border-radius:0px; '><p><div  class='avia-image-container  av-styling-    avia-builder-el-16  el_before_av_textblock  avia-builder-el-first  avia-align-center'  itemprop=\"image\" itemscope=\"itemscope\" itemtype=\"https:\/\/schema.org\/ImageObject\"  ><div class='avia-image-container-inner'><div class='avia-image-overlay-wrap'><a href='https:\/\/www.smaat-techniques.com\/en\/niveau-par-ultrason\/' class='avia_image'  ><img decoding=\"async\" width=\"180\" height=\"180\" class='wp-image-1151 avia-img-lazy-loading-not-1151 avia_image' src=\"https:\/\/www.smaat-techniques.com\/wp-content\/uploads\/2021\/04\/ULC-X-180x180.jpg\" alt='niveau par ultrason ULC' title='niveau par ultrason ULC'  itemprop=\"thumbnailUrl\" srcset=\"https:\/\/www.smaat-techniques.com\/wp-content\/uploads\/2021\/04\/ULC-X-180x180.jpg 180w, https:\/\/www.smaat-techniques.com\/wp-content\/uploads\/2021\/04\/ULC-X-298x300.jpg 298w, https:\/\/www.smaat-techniques.com\/wp-content\/uploads\/2021\/04\/ULC-X-1025x1030.jpg 1025w, https:\/\/www.smaat-techniques.com\/wp-content\/uploads\/2021\/04\/ULC-X-80x80.jpg 80w, https:\/\/www.smaat-techniques.com\/wp-content\/uploads\/2021\/04\/ULC-X-768x772.jpg 768w, https:\/\/www.smaat-techniques.com\/wp-content\/uploads\/2021\/04\/ULC-X-1528x1536.jpg 1528w, https:\/\/www.smaat-techniques.com\/wp-content\/uploads\/2021\/04\/ULC-X-12x12.jpg 12w, https:\/\/www.smaat-techniques.com\/wp-content\/uploads\/2021\/04\/ULC-X-36x36.jpg 36w, https:\/\/www.smaat-techniques.com\/wp-content\/uploads\/2021\/04\/ULC-X-1492x1500.jpg 1492w, https:\/\/www.smaat-techniques.com\/wp-content\/uploads\/2021\/04\/ULC-X-701x705.jpg 701w, https:\/\/www.smaat-techniques.com\/wp-content\/uploads\/2021\/04\/ULC-X.jpg 1890w\" sizes=\"(max-width: 180px) 100vw, 180px\" \/><\/a><\/div><\/div><\/div><br \/>\n<section class=\"av_textblock_section\"  itemscope=\"itemscope\" itemtype=\"https:\/\/schema.org\/CreativeWork\" ><div class='avia_textblock'   itemprop=\"text\" ><h5 style=\"text-align: center;\"><a href=\"https:\/\/www.smaat-techniques.com\/en\/niveau-par-ultrason\/\">Niveau par ultrason<\/a><\/h5>\n<\/div><\/section><\/p><\/div>\n<div class=\"flex_column av_one_fifth  flex_column_div av-zero-column-padding   avia-builder-el-18  el_after_av_one_fifth  avia-builder-el-last  column-top-margin\" style='border-radius:0px; '><p><div  class='avia-image-container  av-styling-    avia-builder-el-19  el_before_av_textblock  avia-builder-el-first  avia-align-center'  itemprop=\"image\" itemscope=\"itemscope\" itemtype=\"https:\/\/schema.org\/ImageObject\"  ><div class='avia-image-container-inner'><div class='avia-image-overlay-wrap'><a href='https:\/\/www.smaat-techniques.com\/en\/instrument-hydrologique\/' class='avia_image'  ><img decoding=\"async\" width=\"180\" height=\"180\" class='wp-image-1233 avia-img-lazy-loading-not-1233 avia_image' src=\"https:\/\/www.smaat-techniques.com\/wp-content\/uploads\/2021\/04\/mesure-de-vitesse-LS1206B-180x180.jpg\" alt='mesure de vitesse LS1206B' title='mesure de vitesse LS1206B'  itemprop=\"thumbnailUrl\" srcset=\"https:\/\/www.smaat-techniques.com\/wp-content\/uploads\/2021\/04\/mesure-de-vitesse-LS1206B-180x180.jpg 180w, https:\/\/www.smaat-techniques.com\/wp-content\/uploads\/2021\/04\/mesure-de-vitesse-LS1206B-300x300.jpg 300w, https:\/\/www.smaat-techniques.com\/wp-content\/uploads\/2021\/04\/mesure-de-vitesse-LS1206B-80x80.jpg 80w, https:\/\/www.smaat-techniques.com\/wp-content\/uploads\/2021\/04\/mesure-de-vitesse-LS1206B-12x12.jpg 12w, https:\/\/www.smaat-techniques.com\/wp-content\/uploads\/2021\/04\/mesure-de-vitesse-LS1206B-36x36.jpg 36w, https:\/\/www.smaat-techniques.com\/wp-content\/uploads\/2021\/04\/mesure-de-vitesse-LS1206B.jpg 600w\" sizes=\"(max-width: 180px) 100vw, 180px\" \/><\/a><\/div><\/div><\/div><br \/>\n<section class=\"av_textblock_section\"  itemscope=\"itemscope\" itemtype=\"https:\/\/schema.org\/CreativeWork\" ><div class='avia_textblock'   itemprop=\"text\" ><h5 style=\"text-align: center;\"><a href=\"https:\/\/www.smaat-techniques.com\/en\/instrument-hydrologique\/\">Instrument hydrologique<\/a><\/h5>\n<\/div><\/section><\/p><\/div>","protected":false},"excerpt":{"rendered":"","protected":false},"author":1,"featured_media":0,"parent":0,"menu_order":0,"comment_status":"closed","ping_status":"closed","template":"","meta":{"footnotes":""},"class_list":["post-1265","page","type-page","status-publish","hentry"],"yoast_head":"<!-- This site is optimized with the Yoast SEO plugin v27.6 - https:\/\/yoast.com\/product\/yoast-seo-wordpress\/ -->\n<title>Nos produits - Smaat Techniques<\/title>\n<meta name=\"robots\" content=\"index, follow, max-snippet:-1, max-image-preview:large, max-video-preview:-1\" \/>\n<link rel=\"canonical\" href=\"https:\/\/www.smaat-techniques.com\/en\/nos-produits\/\" \/>\n<meta property=\"og:locale\" content=\"en_GB\" \/>\n<meta property=\"og:type\" content=\"article\" \/>\n<meta property=\"og:title\" content=\"Nos produits - Smaat Techniques\" \/>\n<meta property=\"og:url\" content=\"https:\/\/www.smaat-techniques.com\/en\/nos-produits\/\" \/>\n<meta property=\"og:site_name\" content=\"Smaat Techniques\" \/>\n<meta property=\"article:modified_time\" content=\"2021-05-26T20:03:40+00:00\" \/>\n<meta name=\"twitter:card\" content=\"summary_large_image\" \/>\n<meta name=\"twitter:label1\" content=\"Estimated reading time\" \/>\n\t<meta name=\"twitter:data1\" content=\"9 minutes\" \/>\n<script type=\"application\/ld+json\" class=\"yoast-schema-graph\">{\"@context\":\"https:\\\/\\\/schema.org\",\"@graph\":[{\"@type\":\"WebPage\",\"@id\":\"https:\\\/\\\/www.smaat-techniques.com\\\/nos-produits\\\/\",\"url\":\"https:\\\/\\\/www.smaat-techniques.com\\\/nos-produits\\\/\",\"name\":\"Nos produits - Smaat Techniques\",\"isPartOf\":{\"@id\":\"https:\\\/\\\/www.smaat-techniques.com\\\/#website\"},\"datePublished\":\"2021-04-26T14:50:30+00:00\",\"dateModified\":\"2021-05-26T20:03:40+00:00\",\"breadcrumb\":{\"@id\":\"https:\\\/\\\/www.smaat-techniques.com\\\/nos-produits\\\/#breadcrumb\"},\"inLanguage\":\"en-GB\",\"potentialAction\":[{\"@type\":\"ReadAction\",\"target\":[\"https:\\\/\\\/www.smaat-techniques.com\\\/nos-produits\\\/\"]}]},{\"@type\":\"BreadcrumbList\",\"@id\":\"https:\\\/\\\/www.smaat-techniques.com\\\/nos-produits\\\/#breadcrumb\",\"itemListElement\":[{\"@type\":\"ListItem\",\"position\":1,\"name\":\"Accueil\",\"item\":\"https:\\\/\\\/www.smaat-techniques.com\\\/home\\\/\"},{\"@type\":\"ListItem\",\"position\":2,\"name\":\"Nos produits\"}]},{\"@type\":\"WebSite\",\"@id\":\"https:\\\/\\\/www.smaat-techniques.com\\\/#website\",\"url\":\"https:\\\/\\\/www.smaat-techniques.com\\\/\",\"name\":\"Smaat Techniques\",\"description\":\"Appareils de mesure et de contr\u00f4le\",\"potentialAction\":[{\"@type\":\"SearchAction\",\"target\":{\"@type\":\"EntryPoint\",\"urlTemplate\":\"https:\\\/\\\/www.smaat-techniques.com\\\/?s={search_term_string}\"},\"query-input\":{\"@type\":\"PropertyValueSpecification\",\"valueRequired\":true,\"valueName\":\"search_term_string\"}}],\"inLanguage\":\"en-GB\"}]}<\/script>\n<!-- \/ Yoast SEO plugin. -->","yoast_head_json":{"title":"Nos produits - Smaat Techniques","robots":{"index":"index","follow":"follow","max-snippet":"max-snippet:-1","max-image-preview":"max-image-preview:large","max-video-preview":"max-video-preview:-1"},"canonical":"https:\/\/www.smaat-techniques.com\/en\/nos-produits\/","og_locale":"en_GB","og_type":"article","og_title":"Nos produits - Smaat Techniques","og_url":"https:\/\/www.smaat-techniques.com\/en\/nos-produits\/","og_site_name":"Smaat Techniques","article_modified_time":"2021-05-26T20:03:40+00:00","twitter_card":"summary_large_image","twitter_misc":{"Estimated reading time":"9 minutes"},"schema":{"@context":"https:\/\/schema.org","@graph":[{"@type":"WebPage","@id":"https:\/\/www.smaat-techniques.com\/nos-produits\/","url":"https:\/\/www.smaat-techniques.com\/nos-produits\/","name":"Nos produits - Smaat Techniques","isPartOf":{"@id":"https:\/\/www.smaat-techniques.com\/#website"},"datePublished":"2021-04-26T14:50:30+00:00","dateModified":"2021-05-26T20:03:40+00:00","breadcrumb":{"@id":"https:\/\/www.smaat-techniques.com\/nos-produits\/#breadcrumb"},"inLanguage":"en-GB","potentialAction":[{"@type":"ReadAction","target":["https:\/\/www.smaat-techniques.com\/nos-produits\/"]}]},{"@type":"BreadcrumbList","@id":"https:\/\/www.smaat-techniques.com\/nos-produits\/#breadcrumb","itemListElement":[{"@type":"ListItem","position":1,"name":"Accueil","item":"https:\/\/www.smaat-techniques.com\/home\/"},{"@type":"ListItem","position":2,"name":"Nos produits"}]},{"@type":"WebSite","@id":"https:\/\/www.smaat-techniques.com\/#website","url":"https:\/\/www.smaat-techniques.com\/","name":"Smaat Techniques","description":"Appareils de mesure et de contr\u00f4le","potentialAction":[{"@type":"SearchAction","target":{"@type":"EntryPoint","urlTemplate":"https:\/\/www.smaat-techniques.com\/?s={search_term_string}"},"query-input":{"@type":"PropertyValueSpecification","valueRequired":true,"valueName":"search_term_string"}}],"inLanguage":"en-GB"}]}},"_links":{"self":[{"href":"https:\/\/www.smaat-techniques.com\/en\/wp-json\/wp\/v2\/pages\/1265","targetHints":{"allow":["GET"]}}],"collection":[{"href":"https:\/\/www.smaat-techniques.com\/en\/wp-json\/wp\/v2\/pages"}],"about":[{"href":"https:\/\/www.smaat-techniques.com\/en\/wp-json\/wp\/v2\/types\/page"}],"author":[{"embeddable":true,"href":"https:\/\/www.smaat-techniques.com\/en\/wp-json\/wp\/v2\/users\/1"}],"replies":[{"embeddable":true,"href":"https:\/\/www.smaat-techniques.com\/en\/wp-json\/wp\/v2\/comments?post=1265"}],"version-history":[{"count":16,"href":"https:\/\/www.smaat-techniques.com\/en\/wp-json\/wp\/v2\/pages\/1265\/revisions"}],"predecessor-version":[{"id":1622,"href":"https:\/\/www.smaat-techniques.com\/en\/wp-json\/wp\/v2\/pages\/1265\/revisions\/1622"}],"wp:attachment":[{"href":"https:\/\/www.smaat-techniques.com\/en\/wp-json\/wp\/v2\/media?parent=1265"}],"curies":[{"name":"wp","href":"https:\/\/api.w.org\/{rel}","templated":true}]}}