{"id":1238,"date":"2021-04-26T16:34:55","date_gmt":"2021-04-26T14:34:55","guid":{"rendered":"https:\/\/smaat.2n-tech.com\/?page_id=1238"},"modified":"2023-07-10T13:42:59","modified_gmt":"2023-07-10T11:42:59","slug":"instrument-hydrologique-mesure-vitesse-ls20b","status":"publish","type":"page","link":"https:\/\/www.smaat-techniques.com\/en\/instrument-hydrologique-mesure-vitesse-ls20b\/","title":{"rendered":"Instrument hydrologique mesure vitesse ls20b"},"content":{"rendered":"<div class=\"flex_column av_one_fourth  flex_column_div av-zero-column-padding first  avia-builder-el-0  el_before_av_one_third  avia-builder-el-first\" style='border-radius:0px; '><p><section class=\"av_textblock_section\"  itemscope=\"itemscope\" itemtype=\"https:\/\/schema.org\/CreativeWork\" ><div class='avia_textblock'   itemprop=\"text\" ><p><a href=\"https:\/\/www.smaat-techniques.com\/en\/nos-produits\/\">Tous nos produits<\/a><\/p>\n<\/div><\/section><br \/>\n<section class=\"av_textblock_section\"  itemscope=\"itemscope\" itemtype=\"https:\/\/schema.org\/CreativeWork\" ><div class='avia_textblock'   itemprop=\"text\" ><p><a href=\"https:\/\/www.smaat-techniques.com\/en\/debitmetre-electromagnetique\/\">D\u00e9bitm\u00e8tre \u00e9lectromagn\u00e9tique<\/a><\/p>\n<\/div><\/section><br \/>\n<section class=\"av_textblock_section\"  itemscope=\"itemscope\" itemtype=\"https:\/\/schema.org\/CreativeWork\" ><div class='avia_textblock'   itemprop=\"text\" ><p><a href=\"https:\/\/www.smaat-techniques.com\/en\/transmetteur-de-pression-differentiel\/\">Transmetteur de pression diff\u00e9rentiel<\/a><\/p>\n<\/div><\/section><br \/>\n<section class=\"av_textblock_section\"  itemscope=\"itemscope\" itemtype=\"https:\/\/schema.org\/CreativeWork\" ><div class='avia_textblock'   itemprop=\"text\" ><p><a href=\"https:\/\/www.smaat-techniques.com\/en\/transmetteur-de-pression\/\">Transmetteur de pression<\/a><\/p>\n<\/div><\/section><br \/>\n<section class=\"av_textblock_section\"  itemscope=\"itemscope\" itemtype=\"https:\/\/schema.org\/CreativeWork\" ><div class='avia_textblock'   itemprop=\"text\" ><p><a href=\"https:\/\/www.smaat-techniques.com\/en\/debitmetre-vortex\/\">D\u00e9bitm\u00e8tre vortex<\/a><\/p>\n<\/div><\/section><br \/>\n<section class=\"av_textblock_section\"  itemscope=\"itemscope\" itemtype=\"https:\/\/schema.org\/CreativeWork\" ><div class='avia_textblock'   itemprop=\"text\" ><p><a href=\"https:\/\/www.smaat-techniques.com\/en\/niveau-par-ultrason\/\">Niveau par ultrason<\/a><\/p>\n<\/div><\/section><br \/>\n<section class=\"av_textblock_section\"  itemscope=\"itemscope\" itemtype=\"https:\/\/schema.org\/CreativeWork\" ><div class='avia_textblock'   itemprop=\"text\" ><p><a href=\"https:\/\/www.smaat-techniques.com\/en\/instrument-hydrologique\/\"><span class=\"VIiyi\" lang=\"fr\"><span class=\"JLqJ4b ChMk0b\" data-language-for-alternatives=\"fr\" data-language-to-translate-into=\"zh-CN\" data-phrase-index=\"0\">Instrument hydrologique<\/span><\/span><\/a><\/p>\n<\/div><\/section><\/p><\/div>\n<div class=\"flex_column av_one_third  flex_column_div av-zero-column-padding   avia-builder-el-8  el_after_av_one_fourth  el_before_av_one_third\" style='border-radius:0px; '><div  class='avia-image-container  av-styling-    avia-builder-el-9  avia-builder-el-no-sibling  avia-align-center'  itemprop=\"image\" itemscope=\"itemscope\" itemtype=\"https:\/\/schema.org\/ImageObject\"  ><div class='avia-image-container-inner'><div class='avia-image-overlay-wrap'><img decoding=\"async\" class='wp-image-1239 avia-img-lazy-loading-not-1239 avia_image' src=\"https:\/\/www.smaat-techniques.com\/wp-content\/uploads\/2021\/04\/mesure-de-vitesse-LS20B-300x173.jpg\" alt='mesure de vitesse LS20B' title='mesure de vitesse LS20B' height=\"173\" width=\"300\"  itemprop=\"thumbnailUrl\" srcset=\"https:\/\/www.smaat-techniques.com\/wp-content\/uploads\/2021\/04\/mesure-de-vitesse-LS20B-300x173.jpg 300w, https:\/\/www.smaat-techniques.com\/wp-content\/uploads\/2021\/04\/mesure-de-vitesse-LS20B-1030x592.jpg 1030w, https:\/\/www.smaat-techniques.com\/wp-content\/uploads\/2021\/04\/mesure-de-vitesse-LS20B-768x442.jpg 768w, https:\/\/www.smaat-techniques.com\/wp-content\/uploads\/2021\/04\/mesure-de-vitesse-LS20B-16x9.jpg 16w, https:\/\/www.smaat-techniques.com\/wp-content\/uploads\/2021\/04\/mesure-de-vitesse-LS20B-705x406.jpg 705w, https:\/\/www.smaat-techniques.com\/wp-content\/uploads\/2021\/04\/mesure-de-vitesse-LS20B.jpg 1330w\" sizes=\"(max-width: 300px) 100vw, 300px\" \/><\/div><\/div><\/div><\/div><div class=\"flex_column av_one_third  flex_column_div av-zero-column-padding   avia-builder-el-10  el_after_av_one_third  el_before_av_one_fourth\" style='border-radius:0px; '><section class=\"av_textblock_section\"  itemscope=\"itemscope\" itemtype=\"https:\/\/schema.org\/CreativeWork\" ><div class='avia_textblock'   itemprop=\"text\" ><h3>Mesure de vitesse de fluide LS20B<\/h3>\n<table class=\"fk-propTable\" cellspacing=\"0\" cellpadding=\"0\">\n<tbody>\n<tr>\n<td class=\"propName g_minor\" title=\"\u7c7b\u578b\" valign=\"top\">Type<\/td>\n<td class=\"propValue g_minor\" valign=\"top\">Portable<\/td>\n<\/tr>\n<\/tbody>\n<\/table>\n<\/div><\/section><\/div><\/p>\n<div class=\"flex_column av_one_fourth  flex_column_div av-zero-column-padding first  avia-builder-el-12  el_after_av_one_third  el_before_av_two_third  column-top-margin\" style='border-radius:0px; '><\/div>\n<div class=\"flex_column av_two_third  flex_column_div av-zero-column-padding   avia-builder-el-13  el_after_av_one_fourth  avia-builder-el-last  column-top-margin\" style='border-radius:0px; '><div  class=\"tabcontainer   top_tab   avia-builder-el-14  avia-builder-el-no-sibling\" role=\"tablist\">\n\n<section class=\"av_tab_section\"  itemscope=\"itemscope\" itemtype=\"https:\/\/schema.org\/CreativeWork\" ><div aria-controls=\"tab-id-1-content\" role=\"tab\" tabindex=\"0\" data-fake-id=\"#tab-id-1\" class=\"tab active_tab\"  itemprop=\"headline\" >Sp\u00e9cification<\/div>\n<div id=\"tab-id-1-content\" class=\"tab_content active_tab_content\" aria-hidden=\"false\">\n<div class=\"tab_inner_content invers-color\"  itemprop=\"text\" >\n<div id=\"centerTopForms\" class=\"column forms mainForms centerTopForms\">\n<div id=\"module14\" class=\"form form14 formStyle44 fk-proDetaliModuleStyle\" title=\"\" data-scrollbar=\"0\" data-animations-id=\"14\">\n<div class=\"formMiddle formMiddle14\">\n<div class=\"formMiddleCenter formMiddleCenter14\">\n<div class=\"formMiddleContent formMiddleContent14 fk-formContentOtherPadding\">\n<div class=\"J_productDetail productDetail fk-pdStyleColor_0 pdStyle5 pd_J\">\n<div class=\"detailInfo\">\n<div id=\"centerTopForms\" class=\"column forms mainForms centerTopForms\">\n<div id=\"module14\" class=\"form form14 formStyle44 fk-proDetaliModuleStyle\" title=\"\" data-scrollbar=\"0\" data-animations-id=\"14\">\n<div class=\"formMiddle formMiddle14\">\n<div class=\"formMiddleCenter formMiddleCenter14\">\n<div class=\"formMiddleContent formMiddleContent14 fk-formContentOtherPadding\">\n<div class=\"J_productDetail productDetail fk-pdStyleColor_0 pdStyle5 pd_J\">\n<div class=\"detailInfo\">\n<div id=\"centerTopForms\" class=\"column forms mainForms centerTopForms\">\n<div id=\"module14\" class=\"form form14 formStyle44 fk-proDetaliModuleStyle\" title=\"\" data-scrollbar=\"0\" data-animations-id=\"14\">\n<div class=\"formMiddle formMiddle14\">\n<div class=\"formMiddleCenter formMiddleCenter14\">\n<div class=\"formMiddleContent formMiddleContent14 fk-formContentOtherPadding\">\n<div class=\"J_productDetail productDetail fk-pdStyleColor_0 pdStyle5 pd_J\">\n<div class=\"detailInfo\"><\/div>\n<\/div>\n<\/div>\n<\/div>\n<\/div>\n<\/div>\n<\/div>\n<div class=\"containerFormsCenterMiddle J_containerFormsCenterMiddle\">\n<div class=\"clearfloat\"><\/div>\n<\/div>\n<\/div>\n<\/div>\n<\/div>\n<\/div>\n<\/div>\n<\/div>\n<\/div>\n<div class=\"containerFormsCenterMiddle J_containerFormsCenterMiddle\">\n<div class=\"clearfloat\"><\/div>\n<\/div>\n<\/div>\n<\/div>\n<\/div>\n<\/div>\n<\/div>\n<\/div>\n<\/div>\n<div class=\"containerFormsCenterMiddle J_containerFormsCenterMiddle\">\n<div class=\"clearfloat\"><\/div>\n<\/div>\n\n<\/div>\n<\/div>\n<\/section>\n\n<section class=\"av_tab_section\"  itemscope=\"itemscope\" itemtype=\"https:\/\/schema.org\/CreativeWork\" ><div aria-controls=\"tab-id-2-content\" role=\"tab\" tabindex=\"0\" data-fake-id=\"#tab-id-2\" class=\"tab\"  itemprop=\"headline\" >Documentation<\/div>\n<div id=\"tab-id-2-content\" class=\"tab_content\" aria-hidden=\"true\">\n<div class=\"tab_inner_content invers-color\"  itemprop=\"text\" >\n<p>Documentation \u00e0 t\u00e9l\u00e9charger<\/p>\n<p><a href=\"https:\/\/www.smaat-techniques.com\/wp-content\/uploads\/2021\/05\/Smaat-Techniques-Brochure.pdf\" target=\"_blank\" rel=\"noopener\">Smaat-Techniques-Brochure.pdf<\/a><\/p>\n\n<\/div>\n<\/div>\n<\/section>\n\n<\/div><\/div>","protected":false},"excerpt":{"rendered":"","protected":false},"author":1,"featured_media":0,"parent":0,"menu_order":0,"comment_status":"closed","ping_status":"closed","template":"","meta":{"footnotes":""},"class_list":["post-1238","page","type-page","status-publish","hentry"],"yoast_head":"<!-- This site is optimized with the Yoast SEO plugin v27.3 - https:\/\/yoast.com\/product\/yoast-seo-wordpress\/ -->\n<title>Instrument hydrologique mesure vitesse ls20b - Smaat Techniques<\/title>\n<meta name=\"robots\" content=\"index, follow, max-snippet:-1, max-image-preview:large, max-video-preview:-1\" \/>\n<link rel=\"canonical\" href=\"https:\/\/www.smaat-techniques.com\/en\/instrument-hydrologique-mesure-vitesse-ls20b\/\" \/>\n<meta property=\"og:locale\" content=\"en_GB\" \/>\n<meta property=\"og:type\" content=\"article\" \/>\n<meta property=\"og:title\" content=\"Instrument hydrologique mesure vitesse ls20b - Smaat Techniques\" \/>\n<meta property=\"og:url\" content=\"https:\/\/www.smaat-techniques.com\/en\/instrument-hydrologique-mesure-vitesse-ls20b\/\" \/>\n<meta property=\"og:site_name\" content=\"Smaat Techniques\" \/>\n<meta property=\"article:modified_time\" content=\"2023-07-10T11:42:59+00:00\" \/>\n<meta name=\"twitter:card\" content=\"summary_large_image\" \/>\n<meta name=\"twitter:label1\" content=\"Estimated reading time\" \/>\n\t<meta name=\"twitter:data1\" content=\"5 minutes\" \/>\n<script type=\"application\/ld+json\" class=\"yoast-schema-graph\">{\"@context\":\"https:\\\/\\\/schema.org\",\"@graph\":[{\"@type\":\"WebPage\",\"@id\":\"https:\\\/\\\/www.smaat-techniques.com\\\/instrument-hydrologique-mesure-vitesse-ls20b\\\/\",\"url\":\"https:\\\/\\\/www.smaat-techniques.com\\\/instrument-hydrologique-mesure-vitesse-ls20b\\\/\",\"name\":\"Instrument hydrologique mesure vitesse ls20b - Smaat Techniques\",\"isPartOf\":{\"@id\":\"https:\\\/\\\/www.smaat-techniques.com\\\/#website\"},\"datePublished\":\"2021-04-26T14:34:55+00:00\",\"dateModified\":\"2023-07-10T11:42:59+00:00\",\"breadcrumb\":{\"@id\":\"https:\\\/\\\/www.smaat-techniques.com\\\/instrument-hydrologique-mesure-vitesse-ls20b\\\/#breadcrumb\"},\"inLanguage\":\"en-GB\",\"potentialAction\":[{\"@type\":\"ReadAction\",\"target\":[\"https:\\\/\\\/www.smaat-techniques.com\\\/instrument-hydrologique-mesure-vitesse-ls20b\\\/\"]}]},{\"@type\":\"BreadcrumbList\",\"@id\":\"https:\\\/\\\/www.smaat-techniques.com\\\/instrument-hydrologique-mesure-vitesse-ls20b\\\/#breadcrumb\",\"itemListElement\":[{\"@type\":\"ListItem\",\"position\":1,\"name\":\"Accueil\",\"item\":\"https:\\\/\\\/www.smaat-techniques.com\\\/home\\\/\"},{\"@type\":\"ListItem\",\"position\":2,\"name\":\"Instrument hydrologique mesure vitesse ls20b\"}]},{\"@type\":\"WebSite\",\"@id\":\"https:\\\/\\\/www.smaat-techniques.com\\\/#website\",\"url\":\"https:\\\/\\\/www.smaat-techniques.com\\\/\",\"name\":\"Smaat Techniques\",\"description\":\"Appareils de mesure et de contr\u00f4le\",\"potentialAction\":[{\"@type\":\"SearchAction\",\"target\":{\"@type\":\"EntryPoint\",\"urlTemplate\":\"https:\\\/\\\/www.smaat-techniques.com\\\/?s={search_term_string}\"},\"query-input\":{\"@type\":\"PropertyValueSpecification\",\"valueRequired\":true,\"valueName\":\"search_term_string\"}}],\"inLanguage\":\"en-GB\"}]}<\/script>\n<!-- \/ Yoast SEO plugin. -->","yoast_head_json":{"title":"Instrument hydrologique mesure vitesse ls20b - Smaat Techniques","robots":{"index":"index","follow":"follow","max-snippet":"max-snippet:-1","max-image-preview":"max-image-preview:large","max-video-preview":"max-video-preview:-1"},"canonical":"https:\/\/www.smaat-techniques.com\/en\/instrument-hydrologique-mesure-vitesse-ls20b\/","og_locale":"en_GB","og_type":"article","og_title":"Instrument hydrologique mesure vitesse ls20b - Smaat Techniques","og_url":"https:\/\/www.smaat-techniques.com\/en\/instrument-hydrologique-mesure-vitesse-ls20b\/","og_site_name":"Smaat Techniques","article_modified_time":"2023-07-10T11:42:59+00:00","twitter_card":"summary_large_image","twitter_misc":{"Estimated reading time":"5 minutes"},"schema":{"@context":"https:\/\/schema.org","@graph":[{"@type":"WebPage","@id":"https:\/\/www.smaat-techniques.com\/instrument-hydrologique-mesure-vitesse-ls20b\/","url":"https:\/\/www.smaat-techniques.com\/instrument-hydrologique-mesure-vitesse-ls20b\/","name":"Instrument hydrologique mesure vitesse ls20b - Smaat Techniques","isPartOf":{"@id":"https:\/\/www.smaat-techniques.com\/#website"},"datePublished":"2021-04-26T14:34:55+00:00","dateModified":"2023-07-10T11:42:59+00:00","breadcrumb":{"@id":"https:\/\/www.smaat-techniques.com\/instrument-hydrologique-mesure-vitesse-ls20b\/#breadcrumb"},"inLanguage":"en-GB","potentialAction":[{"@type":"ReadAction","target":["https:\/\/www.smaat-techniques.com\/instrument-hydrologique-mesure-vitesse-ls20b\/"]}]},{"@type":"BreadcrumbList","@id":"https:\/\/www.smaat-techniques.com\/instrument-hydrologique-mesure-vitesse-ls20b\/#breadcrumb","itemListElement":[{"@type":"ListItem","position":1,"name":"Accueil","item":"https:\/\/www.smaat-techniques.com\/home\/"},{"@type":"ListItem","position":2,"name":"Instrument hydrologique mesure vitesse ls20b"}]},{"@type":"WebSite","@id":"https:\/\/www.smaat-techniques.com\/#website","url":"https:\/\/www.smaat-techniques.com\/","name":"Smaat Techniques","description":"Appareils de mesure et de contr\u00f4le","potentialAction":[{"@type":"SearchAction","target":{"@type":"EntryPoint","urlTemplate":"https:\/\/www.smaat-techniques.com\/?s={search_term_string}"},"query-input":{"@type":"PropertyValueSpecification","valueRequired":true,"valueName":"search_term_string"}}],"inLanguage":"en-GB"}]}},"_links":{"self":[{"href":"https:\/\/www.smaat-techniques.com\/en\/wp-json\/wp\/v2\/pages\/1238","targetHints":{"allow":["GET"]}}],"collection":[{"href":"https:\/\/www.smaat-techniques.com\/en\/wp-json\/wp\/v2\/pages"}],"about":[{"href":"https:\/\/www.smaat-techniques.com\/en\/wp-json\/wp\/v2\/types\/page"}],"author":[{"embeddable":true,"href":"https:\/\/www.smaat-techniques.com\/en\/wp-json\/wp\/v2\/users\/1"}],"replies":[{"embeddable":true,"href":"https:\/\/www.smaat-techniques.com\/en\/wp-json\/wp\/v2\/comments?post=1238"}],"version-history":[{"count":11,"href":"https:\/\/www.smaat-techniques.com\/en\/wp-json\/wp\/v2\/pages\/1238\/revisions"}],"predecessor-version":[{"id":1934,"href":"https:\/\/www.smaat-techniques.com\/en\/wp-json\/wp\/v2\/pages\/1238\/revisions\/1934"}],"wp:attachment":[{"href":"https:\/\/www.smaat-techniques.com\/en\/wp-json\/wp\/v2\/media?parent=1238"}],"curies":[{"name":"wp","href":"https:\/\/api.w.org\/{rel}","templated":true}]}}