{"id":1197,"date":"2021-04-26T16:08:02","date_gmt":"2021-04-26T14:08:02","guid":{"rendered":"https:\/\/smaat.2n-tech.com\/?page_id=1197"},"modified":"2021-05-21T17:04:02","modified_gmt":"2021-05-21T15:04:02","slug":"instrument-hydrologique","status":"publish","type":"page","link":"https:\/\/www.smaat-techniques.com\/en\/instrument-hydrologique\/","title":{"rendered":"Instrument hydrologique"},"content":{"rendered":"<div class=\"flex_column av_one_fourth  flex_column_div av-zero-column-padding first  avia-builder-el-0  el_before_av_one_fourth  avia-builder-el-first\" style='border-radius:0px; '><p><section class=\"av_textblock_section\"  itemscope=\"itemscope\" itemtype=\"https:\/\/schema.org\/CreativeWork\" ><div class='avia_textblock'   itemprop=\"text\" ><p><a href=\"https:\/\/www.smaat-techniques.com\/en\/nos-produits\/\">Tous nos produits<\/a><\/p>\n<\/div><\/section><br \/>\n<section class=\"av_textblock_section\"  itemscope=\"itemscope\" itemtype=\"https:\/\/schema.org\/CreativeWork\" ><div class='avia_textblock'   itemprop=\"text\" ><p><a href=\"https:\/\/www.smaat-techniques.com\/en\/debitmetre-electromagnetique\/\">D\u00e9bitm\u00e8tre \u00e9lectromagn\u00e9tique<\/a><\/p>\n<\/div><\/section><br \/>\n<section class=\"av_textblock_section\"  itemscope=\"itemscope\" itemtype=\"https:\/\/schema.org\/CreativeWork\" ><div class='avia_textblock'   itemprop=\"text\" ><p><a href=\"https:\/\/www.smaat-techniques.com\/en\/transmetteur-de-pression-differentiel\/\">Transmetteur de pression diff\u00e9rentiel<\/a><\/p>\n<\/div><\/section><br \/>\n<section class=\"av_textblock_section\"  itemscope=\"itemscope\" itemtype=\"https:\/\/schema.org\/CreativeWork\" ><div class='avia_textblock'   itemprop=\"text\" ><p><a href=\"https:\/\/www.smaat-techniques.com\/en\/transmetteur-de-pression\/\">Transmetteur de pression<\/a><\/p>\n<\/div><\/section><br \/>\n<section class=\"av_textblock_section\"  itemscope=\"itemscope\" itemtype=\"https:\/\/schema.org\/CreativeWork\" ><div class='avia_textblock'   itemprop=\"text\" ><p><a href=\"https:\/\/www.smaat-techniques.com\/en\/debitmetre-vortex\/\">D\u00e9bitm\u00e8tre vortex<\/a><\/p>\n<\/div><\/section><br \/>\n<section class=\"av_textblock_section\"  itemscope=\"itemscope\" itemtype=\"https:\/\/schema.org\/CreativeWork\" ><div class='avia_textblock'   itemprop=\"text\" ><p><a href=\"https:\/\/www.smaat-techniques.com\/en\/niveau-par-ultrason\/\">Niveau par ultrason<\/a><\/p>\n<\/div><\/section><br \/>\n<section class=\"av_textblock_section\"  itemscope=\"itemscope\" itemtype=\"https:\/\/schema.org\/CreativeWork\" ><div class='avia_textblock'   itemprop=\"text\" ><p><a href=\"https:\/\/www.smaat-techniques.com\/en\/instrument-hydrologique\/\"><span class=\"VIiyi\" lang=\"fr\"><span class=\"JLqJ4b ChMk0b\" data-language-for-alternatives=\"fr\" data-language-to-translate-into=\"zh-CN\" data-phrase-index=\"0\">Instrument hydrologique<\/span><\/span><\/a><\/p>\n<\/div><\/section><\/p><\/div><div class=\"flex_column av_one_fourth  flex_column_div av-zero-column-padding   avia-builder-el-8  el_after_av_one_fourth  el_before_av_one_fourth\" style='border-radius:0px; '><p><div  class='avia-image-container  av-styling-    avia-builder-el-9  el_before_av_textblock  avia-builder-el-first  avia-align-center'  itemprop=\"image\" itemscope=\"itemscope\" itemtype=\"https:\/\/schema.org\/ImageObject\"  ><div class='avia-image-container-inner'><div class='avia-image-overlay-wrap'><a href='https:\/\/www.smaat-techniques.com\/en\/instrument-hydrologique-mesure-vitesse-ls1206b\/' class='avia_image'  ><img decoding=\"async\" width=\"180\" height=\"180\" class='wp-image-1233 avia-img-lazy-loading-not-1233 avia_image' src=\"https:\/\/www.smaat-techniques.com\/wp-content\/uploads\/2021\/04\/mesure-de-vitesse-LS1206B-180x180.jpg\" alt='mesure de vitesse LS1206B' title='mesure de vitesse LS1206B'  itemprop=\"thumbnailUrl\" srcset=\"https:\/\/www.smaat-techniques.com\/wp-content\/uploads\/2021\/04\/mesure-de-vitesse-LS1206B-180x180.jpg 180w, https:\/\/www.smaat-techniques.com\/wp-content\/uploads\/2021\/04\/mesure-de-vitesse-LS1206B-300x300.jpg 300w, https:\/\/www.smaat-techniques.com\/wp-content\/uploads\/2021\/04\/mesure-de-vitesse-LS1206B-80x80.jpg 80w, https:\/\/www.smaat-techniques.com\/wp-content\/uploads\/2021\/04\/mesure-de-vitesse-LS1206B-12x12.jpg 12w, https:\/\/www.smaat-techniques.com\/wp-content\/uploads\/2021\/04\/mesure-de-vitesse-LS1206B-36x36.jpg 36w, https:\/\/www.smaat-techniques.com\/wp-content\/uploads\/2021\/04\/mesure-de-vitesse-LS1206B.jpg 600w\" sizes=\"(max-width: 180px) 100vw, 180px\" \/><\/a><\/div><\/div><\/div><br \/>\n<section class=\"av_textblock_section\"  itemscope=\"itemscope\" itemtype=\"https:\/\/schema.org\/CreativeWork\" ><div class='avia_textblock'   itemprop=\"text\" ><p style=\"text-align: center;\"><a href=\"https:\/\/www.smaat-techniques.com\/en\/instrument-hydrologique-mesure-vitesse-ls1206b\/\">Mesure de vitesse de fluide LS1206B<\/a><\/p>\n<\/div><\/section><\/p><\/div><\/p>\n<div class=\"flex_column av_one_fourth  flex_column_div av-zero-column-padding   avia-builder-el-11  el_after_av_one_fourth  avia-builder-el-last\" style='border-radius:0px; '><p><div  class='avia-image-container  av-styling-    avia-builder-el-12  el_before_av_textblock  avia-builder-el-first  avia-align-center'  itemprop=\"image\" itemscope=\"itemscope\" itemtype=\"https:\/\/schema.org\/ImageObject\"  ><div class='avia-image-container-inner'><div class='avia-image-overlay-wrap'><a href='https:\/\/www.smaat-techniques.com\/en\/instrument-hydrologique-mesure-vitesse-ls20b\/' class='avia_image'  ><img decoding=\"async\" width=\"300\" height=\"173\" class='wp-image-1239 avia-img-lazy-loading-not-1239 avia_image' src=\"https:\/\/www.smaat-techniques.com\/wp-content\/uploads\/2021\/04\/mesure-de-vitesse-LS20B-300x173.jpg\" alt='mesure de vitesse LS20B' title='mesure de vitesse LS20B'  itemprop=\"thumbnailUrl\" srcset=\"https:\/\/www.smaat-techniques.com\/wp-content\/uploads\/2021\/04\/mesure-de-vitesse-LS20B-300x173.jpg 300w, https:\/\/www.smaat-techniques.com\/wp-content\/uploads\/2021\/04\/mesure-de-vitesse-LS20B-1030x592.jpg 1030w, https:\/\/www.smaat-techniques.com\/wp-content\/uploads\/2021\/04\/mesure-de-vitesse-LS20B-768x442.jpg 768w, https:\/\/www.smaat-techniques.com\/wp-content\/uploads\/2021\/04\/mesure-de-vitesse-LS20B-16x9.jpg 16w, https:\/\/www.smaat-techniques.com\/wp-content\/uploads\/2021\/04\/mesure-de-vitesse-LS20B-705x406.jpg 705w, https:\/\/www.smaat-techniques.com\/wp-content\/uploads\/2021\/04\/mesure-de-vitesse-LS20B.jpg 1330w\" sizes=\"(max-width: 300px) 100vw, 300px\" \/><\/a><\/div><\/div><\/div><br \/>\n<section class=\"av_textblock_section\"  itemscope=\"itemscope\" itemtype=\"https:\/\/schema.org\/CreativeWork\" ><div class='avia_textblock'   itemprop=\"text\" ><p style=\"text-align: center;\"><a href=\"https:\/\/www.smaat-techniques.com\/en\/instrument-hydrologique-mesure-vitesse-ls20b\/\">Mesure de vitesse de fluide LS20B<\/a><\/p>\n<\/div><\/section><\/p><\/div>","protected":false},"excerpt":{"rendered":"","protected":false},"author":1,"featured_media":0,"parent":0,"menu_order":0,"comment_status":"closed","ping_status":"closed","template":"","meta":{"footnotes":""},"class_list":["post-1197","page","type-page","status-publish","hentry"],"yoast_head":"<!-- This site is optimized with the Yoast SEO plugin v27.3 - https:\/\/yoast.com\/product\/yoast-seo-wordpress\/ -->\n<title>Instrument hydrologique - Smaat Techniques<\/title>\n<meta name=\"robots\" content=\"index, follow, max-snippet:-1, max-image-preview:large, max-video-preview:-1\" \/>\n<link rel=\"canonical\" href=\"https:\/\/www.smaat-techniques.com\/en\/instrument-hydrologique\/\" \/>\n<meta property=\"og:locale\" content=\"en_GB\" \/>\n<meta property=\"og:type\" content=\"article\" \/>\n<meta property=\"og:title\" content=\"Instrument hydrologique - Smaat Techniques\" \/>\n<meta property=\"og:url\" content=\"https:\/\/www.smaat-techniques.com\/en\/instrument-hydrologique\/\" \/>\n<meta property=\"og:site_name\" content=\"Smaat Techniques\" \/>\n<meta property=\"article:modified_time\" content=\"2021-05-21T15:04:02+00:00\" \/>\n<meta name=\"twitter:card\" content=\"summary_large_image\" \/>\n<meta name=\"twitter:label1\" content=\"Estimated reading time\" \/>\n\t<meta name=\"twitter:data1\" content=\"4 minutes\" \/>\n<script type=\"application\/ld+json\" class=\"yoast-schema-graph\">{\"@context\":\"https:\\\/\\\/schema.org\",\"@graph\":[{\"@type\":\"WebPage\",\"@id\":\"https:\\\/\\\/www.smaat-techniques.com\\\/instrument-hydrologique\\\/\",\"url\":\"https:\\\/\\\/www.smaat-techniques.com\\\/instrument-hydrologique\\\/\",\"name\":\"Instrument hydrologique - Smaat Techniques\",\"isPartOf\":{\"@id\":\"https:\\\/\\\/www.smaat-techniques.com\\\/#website\"},\"datePublished\":\"2021-04-26T14:08:02+00:00\",\"dateModified\":\"2021-05-21T15:04:02+00:00\",\"breadcrumb\":{\"@id\":\"https:\\\/\\\/www.smaat-techniques.com\\\/instrument-hydrologique\\\/#breadcrumb\"},\"inLanguage\":\"en-GB\",\"potentialAction\":[{\"@type\":\"ReadAction\",\"target\":[\"https:\\\/\\\/www.smaat-techniques.com\\\/instrument-hydrologique\\\/\"]}]},{\"@type\":\"BreadcrumbList\",\"@id\":\"https:\\\/\\\/www.smaat-techniques.com\\\/instrument-hydrologique\\\/#breadcrumb\",\"itemListElement\":[{\"@type\":\"ListItem\",\"position\":1,\"name\":\"Accueil\",\"item\":\"https:\\\/\\\/www.smaat-techniques.com\\\/home\\\/\"},{\"@type\":\"ListItem\",\"position\":2,\"name\":\"Instrument hydrologique\"}]},{\"@type\":\"WebSite\",\"@id\":\"https:\\\/\\\/www.smaat-techniques.com\\\/#website\",\"url\":\"https:\\\/\\\/www.smaat-techniques.com\\\/\",\"name\":\"Smaat Techniques\",\"description\":\"Appareils de mesure et de contr\u00f4le\",\"potentialAction\":[{\"@type\":\"SearchAction\",\"target\":{\"@type\":\"EntryPoint\",\"urlTemplate\":\"https:\\\/\\\/www.smaat-techniques.com\\\/?s={search_term_string}\"},\"query-input\":{\"@type\":\"PropertyValueSpecification\",\"valueRequired\":true,\"valueName\":\"search_term_string\"}}],\"inLanguage\":\"en-GB\"}]}<\/script>\n<!-- \/ Yoast SEO plugin. -->","yoast_head_json":{"title":"Instrument hydrologique - Smaat Techniques","robots":{"index":"index","follow":"follow","max-snippet":"max-snippet:-1","max-image-preview":"max-image-preview:large","max-video-preview":"max-video-preview:-1"},"canonical":"https:\/\/www.smaat-techniques.com\/en\/instrument-hydrologique\/","og_locale":"en_GB","og_type":"article","og_title":"Instrument hydrologique - Smaat Techniques","og_url":"https:\/\/www.smaat-techniques.com\/en\/instrument-hydrologique\/","og_site_name":"Smaat Techniques","article_modified_time":"2021-05-21T15:04:02+00:00","twitter_card":"summary_large_image","twitter_misc":{"Estimated reading time":"4 minutes"},"schema":{"@context":"https:\/\/schema.org","@graph":[{"@type":"WebPage","@id":"https:\/\/www.smaat-techniques.com\/instrument-hydrologique\/","url":"https:\/\/www.smaat-techniques.com\/instrument-hydrologique\/","name":"Instrument hydrologique - Smaat Techniques","isPartOf":{"@id":"https:\/\/www.smaat-techniques.com\/#website"},"datePublished":"2021-04-26T14:08:02+00:00","dateModified":"2021-05-21T15:04:02+00:00","breadcrumb":{"@id":"https:\/\/www.smaat-techniques.com\/instrument-hydrologique\/#breadcrumb"},"inLanguage":"en-GB","potentialAction":[{"@type":"ReadAction","target":["https:\/\/www.smaat-techniques.com\/instrument-hydrologique\/"]}]},{"@type":"BreadcrumbList","@id":"https:\/\/www.smaat-techniques.com\/instrument-hydrologique\/#breadcrumb","itemListElement":[{"@type":"ListItem","position":1,"name":"Accueil","item":"https:\/\/www.smaat-techniques.com\/home\/"},{"@type":"ListItem","position":2,"name":"Instrument hydrologique"}]},{"@type":"WebSite","@id":"https:\/\/www.smaat-techniques.com\/#website","url":"https:\/\/www.smaat-techniques.com\/","name":"Smaat Techniques","description":"Appareils de mesure et de contr\u00f4le","potentialAction":[{"@type":"SearchAction","target":{"@type":"EntryPoint","urlTemplate":"https:\/\/www.smaat-techniques.com\/?s={search_term_string}"},"query-input":{"@type":"PropertyValueSpecification","valueRequired":true,"valueName":"search_term_string"}}],"inLanguage":"en-GB"}]}},"_links":{"self":[{"href":"https:\/\/www.smaat-techniques.com\/en\/wp-json\/wp\/v2\/pages\/1197","targetHints":{"allow":["GET"]}}],"collection":[{"href":"https:\/\/www.smaat-techniques.com\/en\/wp-json\/wp\/v2\/pages"}],"about":[{"href":"https:\/\/www.smaat-techniques.com\/en\/wp-json\/wp\/v2\/types\/page"}],"author":[{"embeddable":true,"href":"https:\/\/www.smaat-techniques.com\/en\/wp-json\/wp\/v2\/users\/1"}],"replies":[{"embeddable":true,"href":"https:\/\/www.smaat-techniques.com\/en\/wp-json\/wp\/v2\/comments?post=1197"}],"version-history":[{"count":9,"href":"https:\/\/www.smaat-techniques.com\/en\/wp-json\/wp\/v2\/pages\/1197\/revisions"}],"predecessor-version":[{"id":1587,"href":"https:\/\/www.smaat-techniques.com\/en\/wp-json\/wp\/v2\/pages\/1197\/revisions\/1587"}],"wp:attachment":[{"href":"https:\/\/www.smaat-techniques.com\/en\/wp-json\/wp\/v2\/media?parent=1197"}],"curies":[{"name":"wp","href":"https:\/\/api.w.org\/{rel}","templated":true}]}}