{"id":1194,"date":"2021-04-26T16:05:23","date_gmt":"2021-04-26T14:05:23","guid":{"rendered":"https:\/\/smaat.2n-tech.com\/?page_id=1194"},"modified":"2021-05-27T16:11:57","modified_gmt":"2021-05-27T14:11:57","slug":"niveau-par-ultrason-ulfm","status":"publish","type":"page","link":"https:\/\/www.smaat-techniques.com\/en\/niveau-par-ultrason-ulfm\/","title":{"rendered":"Niveau par ultrason ulfm"},"content":{"rendered":"<div class=\"flex_column av_one_fourth  flex_column_div av-zero-column-padding first  avia-builder-el-0  el_before_av_one_third  avia-builder-el-first\" style='border-radius:0px; '><p><section class=\"av_textblock_section\"  itemscope=\"itemscope\" itemtype=\"https:\/\/schema.org\/CreativeWork\" ><div class='avia_textblock'   itemprop=\"text\" ><p><a href=\"https:\/\/www.smaat-techniques.com\/en\/nos-produits\/\">Tous nos produits<\/a><\/p>\n<\/div><\/section><br \/>\n<section class=\"av_textblock_section\"  itemscope=\"itemscope\" itemtype=\"https:\/\/schema.org\/CreativeWork\" ><div class='avia_textblock'   itemprop=\"text\" ><p><a href=\"https:\/\/www.smaat-techniques.com\/en\/debitmetre-electromagnetique\/\">D\u00e9bitm\u00e8tre \u00e9lectromagn\u00e9tique<\/a><\/p>\n<\/div><\/section><br \/>\n<section class=\"av_textblock_section\"  itemscope=\"itemscope\" itemtype=\"https:\/\/schema.org\/CreativeWork\" ><div class='avia_textblock'   itemprop=\"text\" ><p><a href=\"https:\/\/www.smaat-techniques.com\/en\/transmetteur-de-pression-differentiel\/\">Transmetteur de pression diff\u00e9rentiel<\/a><\/p>\n<\/div><\/section><br \/>\n<section class=\"av_textblock_section\"  itemscope=\"itemscope\" itemtype=\"https:\/\/schema.org\/CreativeWork\" ><div class='avia_textblock'   itemprop=\"text\" ><p><a href=\"https:\/\/www.smaat-techniques.com\/en\/transmetteur-de-pression\/\">Transmetteur de pression<\/a><\/p>\n<\/div><\/section><br \/>\n<section class=\"av_textblock_section\"  itemscope=\"itemscope\" itemtype=\"https:\/\/schema.org\/CreativeWork\" ><div class='avia_textblock'   itemprop=\"text\" ><p><a href=\"https:\/\/www.smaat-techniques.com\/en\/debitmetre-vortex\/\">D\u00e9bitm\u00e8tre vortex<\/a><\/p>\n<\/div><\/section><br \/>\n<section class=\"av_textblock_section\"  itemscope=\"itemscope\" itemtype=\"https:\/\/schema.org\/CreativeWork\" ><div class='avia_textblock'   itemprop=\"text\" ><p><a href=\"https:\/\/www.smaat-techniques.com\/en\/niveau-par-ultrason\/\">Niveau par ultrason<\/a><\/p>\n<\/div><\/section><br \/>\n<section class=\"av_textblock_section\"  itemscope=\"itemscope\" itemtype=\"https:\/\/schema.org\/CreativeWork\" ><div class='avia_textblock'   itemprop=\"text\" ><p><a href=\"https:\/\/www.smaat-techniques.com\/en\/instrument-hydrologique\/\"><span class=\"VIiyi\" lang=\"fr\"><span class=\"JLqJ4b ChMk0b\" data-language-for-alternatives=\"fr\" data-language-to-translate-into=\"zh-CN\" data-phrase-index=\"0\">Instrument hydrologique<\/span><\/span><\/a><\/p>\n<\/div><\/section><\/p><\/div>\n<div class=\"flex_column av_one_third  flex_column_div av-zero-column-padding   avia-builder-el-8  el_after_av_one_fourth  el_before_av_one_third\" style='border-radius:0px; '><div  class='avia-image-container  av-styling-    avia-builder-el-9  avia-builder-el-no-sibling  avia-align-center'  itemprop=\"image\" itemscope=\"itemscope\" itemtype=\"https:\/\/schema.org\/ImageObject\"  ><div class='avia-image-container-inner'><div class='avia-image-overlay-wrap'><img decoding=\"async\" class='wp-image-1188 avia-img-lazy-loading-not-1188 avia_image' src=\"https:\/\/www.smaat-techniques.com\/wp-content\/uploads\/2021\/04\/ULG-X-300x270.jpg\" alt='niveau par ultrason ULFM' title='niveau par ultrason ULFM' height=\"270\" width=\"300\"  itemprop=\"thumbnailUrl\" srcset=\"https:\/\/www.smaat-techniques.com\/wp-content\/uploads\/2021\/04\/ULG-X-300x270.jpg 300w, https:\/\/www.smaat-techniques.com\/wp-content\/uploads\/2021\/04\/ULG-X-1030x928.jpg 1030w, https:\/\/www.smaat-techniques.com\/wp-content\/uploads\/2021\/04\/ULG-X-768x692.jpg 768w, https:\/\/www.smaat-techniques.com\/wp-content\/uploads\/2021\/04\/ULG-X-1536x1385.jpg 1536w, https:\/\/www.smaat-techniques.com\/wp-content\/uploads\/2021\/04\/ULG-X-13x12.jpg 13w, https:\/\/www.smaat-techniques.com\/wp-content\/uploads\/2021\/04\/ULG-X-1500x1352.jpg 1500w, https:\/\/www.smaat-techniques.com\/wp-content\/uploads\/2021\/04\/ULG-X-705x635.jpg 705w, https:\/\/www.smaat-techniques.com\/wp-content\/uploads\/2021\/04\/ULG-X.jpg 1704w\" sizes=\"(max-width: 300px) 100vw, 300px\" \/><\/div><\/div><\/div><\/div>\n<div class=\"flex_column av_one_third  flex_column_div av-zero-column-padding   avia-builder-el-10  el_after_av_one_third  el_before_av_one_fourth\" style='border-radius:0px; '><section class=\"av_textblock_section\"  itemscope=\"itemscope\" itemtype=\"https:\/\/schema.org\/CreativeWork\" ><div class='avia_textblock'   itemprop=\"text\" ><h3>Transmetteur de niveau par ultrason ULFM<\/h3>\n<table class=\"fk-propTable\" cellspacing=\"0\" cellpadding=\"0\">\n<tbody>\n<tr>\n<td class=\"propName g_minor\" title=\"\u7c7b\u578b\" valign=\"top\">Type<\/td>\n<td class=\"propValue g_minor\" valign=\"top\">Transmetteur de niveau par ultrason<\/td>\n<\/tr>\n<tr>\n<td class=\"propName g_minor\" title=\"\u89c4\u683c\" valign=\"top\">Sp\u00e9cification<\/td>\n<td class=\"propValue g_minor\" valign=\"top\">\u00a0D\u00e9bitm\u00e8tre \u00e0 ultrason sur canalisation ouverte<\/td>\n<\/tr>\n<tr>\n<td class=\"propName g_minor\" title=\"\u6750\u8d28\" valign=\"top\">Mat\u00e9riel<\/td>\n<td class=\"propValue g_minor\" valign=\"top\">Bo\u00eetier en fonte d\u2019aluminium, antenne en ABS\/PVC\/PTFE<\/td>\n<\/tr>\n<tr>\n<td class=\"propName g_minor\" title=\"\u989c\u8272\" valign=\"top\">Couleur<\/td>\n<td class=\"propValue g_minor\" valign=\"top\">Personnalisable<\/td>\n<\/tr>\n<tr>\n<td class=\"propName g_minor\" title=\"\u54c1\u724c\" valign=\"top\">Marque<\/td>\n<td class=\"propValue g_minor\" valign=\"top\">Smaat<\/td>\n<\/tr>\n<tr>\n<td class=\"propName g_minor\" title=\"\u578b\u53f7\" valign=\"top\">Mod\u00e8le<\/td>\n<td class=\"propValue g_minor\" valign=\"top\">ULFM<\/td>\n<\/tr>\n<\/tbody>\n<\/table>\n<\/div><\/section><\/div><div class=\"flex_column av_one_fourth  flex_column_div av-zero-column-padding first  avia-builder-el-12  el_after_av_one_third  el_before_av_two_third  column-top-margin\" style='border-radius:0px; '><\/div><\/p>\n<div class=\"flex_column av_two_third  flex_column_div av-zero-column-padding   avia-builder-el-13  el_after_av_one_fourth  avia-builder-el-last  column-top-margin\" style='border-radius:0px; '><div  class=\"tabcontainer   top_tab   avia-builder-el-14  avia-builder-el-no-sibling\" role=\"tablist\">\n\n<section class=\"av_tab_section\"  itemscope=\"itemscope\" itemtype=\"https:\/\/schema.org\/CreativeWork\" ><div aria-controls=\"tab-id-1-content\" role=\"tab\" tabindex=\"0\" data-fake-id=\"#tab-id-1\" class=\"tab active_tab\"  itemprop=\"headline\" >Sp\u00e9cification<\/div>\n<div id=\"tab-id-1-content\" class=\"tab_content active_tab_content\" aria-hidden=\"false\">\n<div class=\"tab_inner_content invers-color\"  itemprop=\"text\" >\n<p>Le d\u00e9bitm\u00e8tre \u00e0 ultrasons \u00e0 canal ouvert est un instrument sans contact, qui utilise le principe de la r\u00e9flexion acoustique pour d\u00e9tecter le changement de niveau de liquide dans le canal afin obtenir le d\u00e9bit de liquide \u00e0 travers dans le canal par conversion.<\/p>\n<p>Le d\u00e9bitm\u00e8tre \u00e0 ultrasons \u00e0 canal ouvert est compos\u00e9 d&rsquo;une sonde de niveau \u00e0 ultrasons et d&rsquo;un h\u00f4te.<\/p>\n<p>Il est principalement utilis\u00e9 sur le mesure de d\u00e9bit de\u00a0:<\/p>\n<ul>\n<li>Irrigation<\/li>\n<li>Les stations d&rsquo;\u00e9puration des eaux us\u00e9es<\/li>\n<li>Les sorties des eaux us\u00e9es des entreprises et des usines<\/li>\n<li>Les canalisation d&rsquo;eau souterrains urbains.<\/li>\n<\/ul>\n<p>Il est \u00e9galement largement utilis\u00e9 dans l\u2019industrie chimique pour la mesure de certains fluides.<\/p>\n\n<\/div>\n<\/div>\n<\/section>\n\n<section class=\"av_tab_section\"  itemscope=\"itemscope\" itemtype=\"https:\/\/schema.org\/CreativeWork\" ><div aria-controls=\"tab-id-2-content\" role=\"tab\" tabindex=\"0\" data-fake-id=\"#tab-id-2\" class=\"tab\"  itemprop=\"headline\" >Documentation<\/div>\n<div id=\"tab-id-2-content\" class=\"tab_content\" aria-hidden=\"true\">\n<div class=\"tab_inner_content invers-color\"  itemprop=\"text\" >\n<p>Documentation \u00e0 t\u00e9l\u00e9charger<\/p>\n<p><a href=\"https:\/\/www.smaat-techniques.com\/wp-content\/uploads\/2021\/05\/Smaat-Techniques-Brochure.pdf\" target=\"_blank\" rel=\"noopener\">Smaat-Techniques-Brochure.pdf<\/a><\/p>\n\n<\/div>\n<\/div>\n<\/section>\n\n<\/div><\/div>","protected":false},"excerpt":{"rendered":"","protected":false},"author":1,"featured_media":0,"parent":0,"menu_order":0,"comment_status":"closed","ping_status":"closed","template":"","meta":{"footnotes":""},"class_list":["post-1194","page","type-page","status-publish","hentry"],"yoast_head":"<!-- This site is optimized with the Yoast SEO plugin v27.6 - https:\/\/yoast.com\/product\/yoast-seo-wordpress\/ -->\n<title>Niveau par ultrason ulfm - Smaat Techniques<\/title>\n<meta name=\"robots\" content=\"index, follow, max-snippet:-1, max-image-preview:large, max-video-preview:-1\" \/>\n<link rel=\"canonical\" href=\"https:\/\/www.smaat-techniques.com\/en\/niveau-par-ultrason-ulfm\/\" \/>\n<meta property=\"og:locale\" content=\"en_GB\" \/>\n<meta property=\"og:type\" content=\"article\" \/>\n<meta property=\"og:title\" content=\"Niveau par ultrason ulfm - Smaat Techniques\" \/>\n<meta property=\"og:url\" content=\"https:\/\/www.smaat-techniques.com\/en\/niveau-par-ultrason-ulfm\/\" \/>\n<meta property=\"og:site_name\" content=\"Smaat Techniques\" \/>\n<meta property=\"article:modified_time\" content=\"2021-05-27T14:11:57+00:00\" \/>\n<meta name=\"twitter:card\" content=\"summary_large_image\" \/>\n<meta name=\"twitter:label1\" content=\"Estimated reading time\" \/>\n\t<meta name=\"twitter:data1\" content=\"6 minutes\" \/>\n<script type=\"application\/ld+json\" class=\"yoast-schema-graph\">{\"@context\":\"https:\\\/\\\/schema.org\",\"@graph\":[{\"@type\":\"WebPage\",\"@id\":\"https:\\\/\\\/www.smaat-techniques.com\\\/niveau-par-ultrason-ulfm\\\/\",\"url\":\"https:\\\/\\\/www.smaat-techniques.com\\\/niveau-par-ultrason-ulfm\\\/\",\"name\":\"Niveau par ultrason ulfm - Smaat Techniques\",\"isPartOf\":{\"@id\":\"https:\\\/\\\/www.smaat-techniques.com\\\/#website\"},\"datePublished\":\"2021-04-26T14:05:23+00:00\",\"dateModified\":\"2021-05-27T14:11:57+00:00\",\"breadcrumb\":{\"@id\":\"https:\\\/\\\/www.smaat-techniques.com\\\/niveau-par-ultrason-ulfm\\\/#breadcrumb\"},\"inLanguage\":\"en-GB\",\"potentialAction\":[{\"@type\":\"ReadAction\",\"target\":[\"https:\\\/\\\/www.smaat-techniques.com\\\/niveau-par-ultrason-ulfm\\\/\"]}]},{\"@type\":\"BreadcrumbList\",\"@id\":\"https:\\\/\\\/www.smaat-techniques.com\\\/niveau-par-ultrason-ulfm\\\/#breadcrumb\",\"itemListElement\":[{\"@type\":\"ListItem\",\"position\":1,\"name\":\"Accueil\",\"item\":\"https:\\\/\\\/www.smaat-techniques.com\\\/home\\\/\"},{\"@type\":\"ListItem\",\"position\":2,\"name\":\"Niveau par ultrason ulfm\"}]},{\"@type\":\"WebSite\",\"@id\":\"https:\\\/\\\/www.smaat-techniques.com\\\/#website\",\"url\":\"https:\\\/\\\/www.smaat-techniques.com\\\/\",\"name\":\"Smaat Techniques\",\"description\":\"Appareils de mesure et de contr\u00f4le\",\"potentialAction\":[{\"@type\":\"SearchAction\",\"target\":{\"@type\":\"EntryPoint\",\"urlTemplate\":\"https:\\\/\\\/www.smaat-techniques.com\\\/?s={search_term_string}\"},\"query-input\":{\"@type\":\"PropertyValueSpecification\",\"valueRequired\":true,\"valueName\":\"search_term_string\"}}],\"inLanguage\":\"en-GB\"}]}<\/script>\n<!-- \/ Yoast SEO plugin. -->","yoast_head_json":{"title":"Niveau par ultrason ulfm - Smaat Techniques","robots":{"index":"index","follow":"follow","max-snippet":"max-snippet:-1","max-image-preview":"max-image-preview:large","max-video-preview":"max-video-preview:-1"},"canonical":"https:\/\/www.smaat-techniques.com\/en\/niveau-par-ultrason-ulfm\/","og_locale":"en_GB","og_type":"article","og_title":"Niveau par ultrason ulfm - Smaat Techniques","og_url":"https:\/\/www.smaat-techniques.com\/en\/niveau-par-ultrason-ulfm\/","og_site_name":"Smaat Techniques","article_modified_time":"2021-05-27T14:11:57+00:00","twitter_card":"summary_large_image","twitter_misc":{"Estimated reading time":"6 minutes"},"schema":{"@context":"https:\/\/schema.org","@graph":[{"@type":"WebPage","@id":"https:\/\/www.smaat-techniques.com\/niveau-par-ultrason-ulfm\/","url":"https:\/\/www.smaat-techniques.com\/niveau-par-ultrason-ulfm\/","name":"Niveau par ultrason ulfm - Smaat Techniques","isPartOf":{"@id":"https:\/\/www.smaat-techniques.com\/#website"},"datePublished":"2021-04-26T14:05:23+00:00","dateModified":"2021-05-27T14:11:57+00:00","breadcrumb":{"@id":"https:\/\/www.smaat-techniques.com\/niveau-par-ultrason-ulfm\/#breadcrumb"},"inLanguage":"en-GB","potentialAction":[{"@type":"ReadAction","target":["https:\/\/www.smaat-techniques.com\/niveau-par-ultrason-ulfm\/"]}]},{"@type":"BreadcrumbList","@id":"https:\/\/www.smaat-techniques.com\/niveau-par-ultrason-ulfm\/#breadcrumb","itemListElement":[{"@type":"ListItem","position":1,"name":"Accueil","item":"https:\/\/www.smaat-techniques.com\/home\/"},{"@type":"ListItem","position":2,"name":"Niveau par ultrason ulfm"}]},{"@type":"WebSite","@id":"https:\/\/www.smaat-techniques.com\/#website","url":"https:\/\/www.smaat-techniques.com\/","name":"Smaat Techniques","description":"Appareils de mesure et de contr\u00f4le","potentialAction":[{"@type":"SearchAction","target":{"@type":"EntryPoint","urlTemplate":"https:\/\/www.smaat-techniques.com\/?s={search_term_string}"},"query-input":{"@type":"PropertyValueSpecification","valueRequired":true,"valueName":"search_term_string"}}],"inLanguage":"en-GB"}]}},"_links":{"self":[{"href":"https:\/\/www.smaat-techniques.com\/en\/wp-json\/wp\/v2\/pages\/1194","targetHints":{"allow":["GET"]}}],"collection":[{"href":"https:\/\/www.smaat-techniques.com\/en\/wp-json\/wp\/v2\/pages"}],"about":[{"href":"https:\/\/www.smaat-techniques.com\/en\/wp-json\/wp\/v2\/types\/page"}],"author":[{"embeddable":true,"href":"https:\/\/www.smaat-techniques.com\/en\/wp-json\/wp\/v2\/users\/1"}],"replies":[{"embeddable":true,"href":"https:\/\/www.smaat-techniques.com\/en\/wp-json\/wp\/v2\/comments?post=1194"}],"version-history":[{"count":9,"href":"https:\/\/www.smaat-techniques.com\/en\/wp-json\/wp\/v2\/pages\/1194\/revisions"}],"predecessor-version":[{"id":1792,"href":"https:\/\/www.smaat-techniques.com\/en\/wp-json\/wp\/v2\/pages\/1194\/revisions\/1792"}],"wp:attachment":[{"href":"https:\/\/www.smaat-techniques.com\/en\/wp-json\/wp\/v2\/media?parent=1194"}],"curies":[{"name":"wp","href":"https:\/\/api.w.org\/{rel}","templated":true}]}}