{"id":1176,"date":"2021-04-26T15:50:18","date_gmt":"2021-04-26T13:50:18","guid":{"rendered":"https:\/\/smaat.2n-tech.com\/?page_id=1176"},"modified":"2021-05-27T16:16:43","modified_gmt":"2021-05-27T14:16:43","slug":"niveau-par-ultrason-ulcx","status":"publish","type":"page","link":"https:\/\/www.smaat-techniques.com\/en\/niveau-par-ultrason-ulcx\/","title":{"rendered":"Niveau par ultrason ulcx"},"content":{"rendered":"<div class=\"flex_column av_one_fourth  flex_column_div av-zero-column-padding first  avia-builder-el-0  el_before_av_one_third  avia-builder-el-first\" style='border-radius:0px; '><p><section class=\"av_textblock_section\"  itemscope=\"itemscope\" itemtype=\"https:\/\/schema.org\/CreativeWork\" ><div class='avia_textblock'   itemprop=\"text\" ><p><a href=\"https:\/\/www.smaat-techniques.com\/en\/nos-produits\/\">Tous nos produits<\/a><\/p>\n<\/div><\/section><br \/>\n<section class=\"av_textblock_section\"  itemscope=\"itemscope\" itemtype=\"https:\/\/schema.org\/CreativeWork\" ><div class='avia_textblock'   itemprop=\"text\" ><p><a href=\"https:\/\/www.smaat-techniques.com\/en\/debitmetre-electromagnetique\/\">D\u00e9bitm\u00e8tre \u00e9lectromagn\u00e9tique<\/a><\/p>\n<\/div><\/section><br \/>\n<section class=\"av_textblock_section\"  itemscope=\"itemscope\" itemtype=\"https:\/\/schema.org\/CreativeWork\" ><div class='avia_textblock'   itemprop=\"text\" ><p><a href=\"https:\/\/www.smaat-techniques.com\/en\/transmetteur-de-pression-differentiel\/\">Transmetteur de pression diff\u00e9rentiel<\/a><\/p>\n<\/div><\/section><br \/>\n<section class=\"av_textblock_section\"  itemscope=\"itemscope\" itemtype=\"https:\/\/schema.org\/CreativeWork\" ><div class='avia_textblock'   itemprop=\"text\" ><p><a href=\"https:\/\/www.smaat-techniques.com\/en\/transmetteur-de-pression\/\">Transmetteur de pression<\/a><\/p>\n<\/div><\/section><br \/>\n<section class=\"av_textblock_section\"  itemscope=\"itemscope\" itemtype=\"https:\/\/schema.org\/CreativeWork\" ><div class='avia_textblock'   itemprop=\"text\" ><p><a href=\"https:\/\/www.smaat-techniques.com\/en\/debitmetre-vortex\/\">D\u00e9bitm\u00e8tre vortex<\/a><\/p>\n<\/div><\/section><br \/>\n<section class=\"av_textblock_section\"  itemscope=\"itemscope\" itemtype=\"https:\/\/schema.org\/CreativeWork\" ><div class='avia_textblock'   itemprop=\"text\" ><p><a href=\"https:\/\/www.smaat-techniques.com\/en\/niveau-par-ultrason\/\">Niveau par ultrason<\/a><\/p>\n<\/div><\/section><br \/>\n<section class=\"av_textblock_section\"  itemscope=\"itemscope\" itemtype=\"https:\/\/schema.org\/CreativeWork\" ><div class='avia_textblock'   itemprop=\"text\" ><p><a href=\"https:\/\/www.smaat-techniques.com\/en\/instrument-hydrologique\/\"><span class=\"VIiyi\" lang=\"fr\"><span class=\"JLqJ4b ChMk0b\" data-language-for-alternatives=\"fr\" data-language-to-translate-into=\"zh-CN\" data-phrase-index=\"0\">Instrument hydrologique<\/span><\/span><\/a><\/p>\n<\/div><\/section><\/p><\/div>\n<div class=\"flex_column av_one_third  flex_column_div av-zero-column-padding   avia-builder-el-8  el_after_av_one_fourth  el_before_av_one_third\" style='border-radius:0px; '><div  class='avia-gallery  avia-gallery-1 avia_lazyload avia-gallery-animate avia_animate_when_visible  avia-builder-el-9  avia-builder-el-no-sibling'  itemprop=\"image\" itemscope=\"itemscope\" itemtype=\"https:\/\/schema.org\/ImageObject\" ><a class='avia-gallery-big fakeLightbox lightbox avia-gallery-big-crop-thumb' href='https:\/\/www.smaat-techniques.com\/wp-content\/uploads\/2021\/04\/ULC-X-1-1025x1030.jpg'  data-onclick='1' title='niveau par ultrason ULC-(X)' ><span class='avia-gallery-big-inner'  itemprop=\"thumbnailUrl\" ><img decoding=\"async\" class=\"wp-image-1177 avia-img-lazy-loading-not-1177\"  width=\"701\" height=\"705\" src=\"https:\/\/www.smaat-techniques.com\/wp-content\/uploads\/2021\/04\/ULC-X-1-701x705.jpg\" title='niveau par ultrason ULC-(X)' alt='niveau par ultrason ULC-(X)' srcset=\"https:\/\/www.smaat-techniques.com\/wp-content\/uploads\/2021\/04\/ULC-X-1-701x705.jpg 701w, https:\/\/www.smaat-techniques.com\/wp-content\/uploads\/2021\/04\/ULC-X-1-298x300.jpg 298w, https:\/\/www.smaat-techniques.com\/wp-content\/uploads\/2021\/04\/ULC-X-1-1025x1030.jpg 1025w, https:\/\/www.smaat-techniques.com\/wp-content\/uploads\/2021\/04\/ULC-X-1-80x80.jpg 80w, https:\/\/www.smaat-techniques.com\/wp-content\/uploads\/2021\/04\/ULC-X-1-768x772.jpg 768w, https:\/\/www.smaat-techniques.com\/wp-content\/uploads\/2021\/04\/ULC-X-1-1528x1536.jpg 1528w, https:\/\/www.smaat-techniques.com\/wp-content\/uploads\/2021\/04\/ULC-X-1-12x12.jpg 12w, https:\/\/www.smaat-techniques.com\/wp-content\/uploads\/2021\/04\/ULC-X-1-36x36.jpg 36w, https:\/\/www.smaat-techniques.com\/wp-content\/uploads\/2021\/04\/ULC-X-1-180x180.jpg 180w, https:\/\/www.smaat-techniques.com\/wp-content\/uploads\/2021\/04\/ULC-X-1-1492x1500.jpg 1492w, https:\/\/www.smaat-techniques.com\/wp-content\/uploads\/2021\/04\/ULC-X-1.jpg 1890w\" sizes=\"(max-width: 701px) 100vw, 701px\" \/><\/span><\/a><div class='avia-gallery-thumb'> <a href='https:\/\/www.smaat-techniques.com\/wp-content\/uploads\/2021\/04\/ULC-X-1-1025x1030.jpg' data-rel='gallery-1' data-prev-img='https:\/\/www.smaat-techniques.com\/wp-content\/uploads\/2021\/04\/ULC-X-1-701x705.jpg' class='first_thumb lightbox' data-onclick='1' title='niveau par ultrason ULC-(X)'  itemprop=\"thumbnailUrl\"  ><img decoding=\"async\" class=\"wp-image-1177 avia-img-lazy-loading-not-1177\"   src=\"https:\/\/www.smaat-techniques.com\/wp-content\/uploads\/2021\/04\/ULC-X-1-845x684.jpg\" width=\"845\" height=\"684\"  title='niveau par ultrason ULC-(X)' alt='niveau par ultrason ULC-(X)' srcset=\"https:\/\/www.smaat-techniques.com\/wp-content\/uploads\/2021\/04\/ULC-X-1-845x684.jpg 845w, https:\/\/www.smaat-techniques.com\/wp-content\/uploads\/2021\/04\/ULC-X-1-495x400.jpg 495w\" sizes=\"(max-width: 845px) 100vw, 845px\" \/><\/a> <a href='https:\/\/www.smaat-techniques.com\/wp-content\/uploads\/2021\/04\/ULC-X2-1-1030x1030.jpg' data-rel='gallery-1' data-prev-img='https:\/\/www.smaat-techniques.com\/wp-content\/uploads\/2021\/04\/ULC-X2-1-705x705.jpg' class='lightbox' data-onclick='2' title='niveau par ultrason ULC-(X)'  itemprop=\"thumbnailUrl\"  ><img decoding=\"async\" class=\"wp-image-1178 avia-img-lazy-loading-not-1178\"   src=\"https:\/\/www.smaat-techniques.com\/wp-content\/uploads\/2021\/04\/ULC-X2-1-845x684.jpg\" width=\"845\" height=\"684\"  title='niveau par ultrason ULC-(X)' alt='niveau par ultrason ULC-(X)' srcset=\"https:\/\/www.smaat-techniques.com\/wp-content\/uploads\/2021\/04\/ULC-X2-1-845x684.jpg 845w, https:\/\/www.smaat-techniques.com\/wp-content\/uploads\/2021\/04\/ULC-X2-1-495x400.jpg 495w\" sizes=\"(max-width: 845px) 100vw, 845px\" \/><\/a> <a href='https:\/\/www.smaat-techniques.com\/wp-content\/uploads\/2021\/04\/ULC-X3-1-1030x1030.jpg' data-rel='gallery-1' data-prev-img='https:\/\/www.smaat-techniques.com\/wp-content\/uploads\/2021\/04\/ULC-X3-1-705x705.jpg' class='lightbox' data-onclick='3' title='niveau par ultrason ULC-(X)'  itemprop=\"thumbnailUrl\"  ><img decoding=\"async\" class=\"wp-image-1179 avia-img-lazy-loading-not-1179\"   src=\"https:\/\/www.smaat-techniques.com\/wp-content\/uploads\/2021\/04\/ULC-X3-1-845x684.jpg\" width=\"845\" height=\"684\"  title='niveau par ultrason ULC-(X)' alt='niveau par ultrason ULC-(X)' srcset=\"https:\/\/www.smaat-techniques.com\/wp-content\/uploads\/2021\/04\/ULC-X3-1-845x684.jpg 845w, https:\/\/www.smaat-techniques.com\/wp-content\/uploads\/2021\/04\/ULC-X3-1-495x400.jpg 495w\" sizes=\"(max-width: 845px) 100vw, 845px\" \/><\/a><\/div><\/div><\/div>\n<div class=\"flex_column av_one_third  flex_column_div av-zero-column-padding   avia-builder-el-10  el_after_av_one_third  el_before_av_one_fourth\" style='border-radius:0px; '><section class=\"av_textblock_section\"  itemscope=\"itemscope\" itemtype=\"https:\/\/schema.org\/CreativeWork\" ><div class='avia_textblock'   itemprop=\"text\" ><h3>Transmetteur de niveau par ultrason ULC-(X)<\/h3>\n<table class=\"fk-propTable\" cellspacing=\"0\" cellpadding=\"0\">\n<tbody>\n<tr>\n<td class=\"propName g_minor\" title=\"\u7c7b\u578b\" valign=\"top\">Type<\/td>\n<td class=\"propValue g_minor\" valign=\"top\">Transmetteur de niveau par ultrason<\/td>\n<\/tr>\n<tr>\n<td class=\"propName g_minor\" title=\"\u89c4\u683c\" valign=\"top\">Sp\u00e9cification<\/td>\n<td class=\"propValue g_minor\" valign=\"top\">Transmetteur de niveau int\u00e9gr\u00e9 par ultrason<\/td>\n<\/tr>\n<tr>\n<td class=\"propName g_minor\" title=\"\u6750\u8d28\" valign=\"top\">Mat\u00e9riel<\/td>\n<td class=\"propValue g_minor\" valign=\"top\">Bo\u00eetier en fonte d\u2019aluminium, antenne en ABS\/PVC\/PTFE<\/td>\n<\/tr>\n<tr>\n<td class=\"propName g_minor\" title=\"\u989c\u8272\" valign=\"top\">Couleur<\/td>\n<td class=\"propValue g_minor\" valign=\"top\">Personnalisable<\/td>\n<\/tr>\n<tr>\n<td class=\"propName g_minor\" title=\"\u54c1\u724c\" valign=\"top\">Marque<\/td>\n<td class=\"propValue g_minor\" valign=\"top\">Smaat<\/td>\n<\/tr>\n<tr>\n<td class=\"propName g_minor\" title=\"\u578b\u53f7\" valign=\"top\">Mod\u00e8le<\/td>\n<td class=\"propValue g_minor\" valign=\"top\">ULC-(X)<\/td>\n<\/tr>\n<\/tbody>\n<\/table>\n<\/div><\/section><\/div>\n<div class=\"flex_column av_one_fourth  flex_column_div av-zero-column-padding first  avia-builder-el-12  el_after_av_one_third  el_before_av_two_third  column-top-margin\" style='border-radius:0px; '><\/div>\n<div class=\"flex_column av_two_third  flex_column_div av-zero-column-padding   avia-builder-el-13  el_after_av_one_fourth  avia-builder-el-last  column-top-margin\" style='border-radius:0px; '><div  class=\"tabcontainer   top_tab   avia-builder-el-14  avia-builder-el-no-sibling\" role=\"tablist\">\n\n<section class=\"av_tab_section\"  itemscope=\"itemscope\" itemtype=\"https:\/\/schema.org\/CreativeWork\" ><div aria-controls=\"tab-id-1-content\" role=\"tab\" tabindex=\"0\" data-fake-id=\"#tab-id-1\" class=\"tab active_tab\"  itemprop=\"headline\" >Sp\u00e9cification<\/div>\n<div id=\"tab-id-1-content\" class=\"tab_content active_tab_content\" aria-hidden=\"false\">\n<div class=\"tab_inner_content invers-color\"  itemprop=\"text\" >\n<div id=\"centerTopForms\" class=\"column forms mainForms centerTopForms\">\n<div id=\"module14\" class=\"form form14 formStyle44 fk-proDetaliModuleStyle\" title=\"\" data-scrollbar=\"0\" data-animations-id=\"14\">\n<div class=\"formMiddle formMiddle14\">\n<div class=\"formMiddleCenter formMiddleCenter14\">\n<div class=\"formMiddleContent formMiddleContent14 fk-formContentOtherPadding\">\n<div class=\"J_productDetail productDetail fk-pdStyleColor_0 pdStyle5 pd_J\">\n<div class=\"detailInfo\">\n<div id=\"centerTopForms\" class=\"column forms mainForms centerTopForms\">\n<div id=\"module14\" class=\"form form14 formStyle44 fk-proDetaliModuleStyle\" title=\"\" data-scrollbar=\"0\" data-animations-id=\"14\">\n<div class=\"formMiddle formMiddle14\">\n<div class=\"formMiddleCenter formMiddleCenter14\">\n<div class=\"formMiddleContent formMiddleContent14 fk-formContentOtherPadding\">\n<div class=\"J_productDetail productDetail fk-pdStyleColor_0 pdStyle5 pd_J\">\n<div class=\"detailInfo\">\n<div id=\"centerTopForms\" class=\"column forms mainForms centerTopForms\">\n<div id=\"module14\" class=\"form form14 formStyle44 fk-proDetaliModuleStyle\" title=\"\" data-scrollbar=\"0\" data-animations-id=\"14\">\n<div class=\"formMiddle formMiddle14\">\n<div class=\"formMiddleCenter formMiddleCenter14\">\n<div class=\"formMiddleContent formMiddleContent14 fk-formContentOtherPadding\">\n<div class=\"J_productDetail productDetail fk-pdStyleColor_0 pdStyle5 pd_J\">\n<div class=\"detailInfo\">\n<table width=\"549\">\n<tbody>\n<tr>\n<td colspan=\"2\" width=\"549\">PARAMETRES TECHNIQUES TRANSMETTEUR DE NIVEAU PAR ULTRASON ULC-(X)<\/td>\n<\/tr>\n<tr>\n<td><\/td>\n<td><\/td>\n<\/tr>\n<tr>\n<td>R\u00e9solution<\/td>\n<td>\u22648.0m =1mm<\/td>\n<\/tr>\n<tr>\n<td><\/td>\n<td>\u226430.0m=1cm<\/td>\n<\/tr>\n<tr>\n<td>Pr\u00e9cision<\/td>\n<td>0,2% sur plage de mesure<\/td>\n<\/tr>\n<tr>\n<td>Charge de sortie<\/td>\n<td>0~500 \u03a9<\/td>\n<\/tr>\n<tr>\n<td>Pression<\/td>\n<td>0,1MPa<\/td>\n<\/tr>\n<tr>\n<td>Temp\u00e9rature du process<\/td>\n<td>Sans affichage : -40 \u00e0 75 \u00b0C<\/td>\n<\/tr>\n<tr>\n<td><\/td>\n<td>LCD affichage : -40 \u00e0 70 \u00b0C<\/td>\n<\/tr>\n<tr>\n<td>Comp\u00e9nsation de temp\u00e9rature<\/td>\n<td>Automatique sur la plage de mesure enti\u00e8re<\/td>\n<\/tr>\n<tr>\n<td>Cycle de d\u00e9tection<\/td>\n<td>1,5 seconde<\/td>\n<\/tr>\n<tr>\n<td>Angle de faisceau sonique<\/td>\n<td>8\u00b0\uff083db\uff09<\/td>\n<\/tr>\n<tr>\n<td>Type de montage<\/td>\n<td>A bride, \u00e0 visser, \u00e0 d\u00e9porter<\/td>\n<\/tr>\n<tr>\n<td>Raccordement process<\/td>\n<td>a bride, \u00e0 visser, \u00e0 d\u00e9porter<\/td>\n<\/tr>\n<tr>\n<td>Alimentation \u00e9lectrique<\/td>\n<td>24VDC<\/td>\n<\/tr>\n<tr>\n<td>Signal de sortie<\/td>\n<td>4 &#8211; 20 Ma<\/td>\n<\/tr>\n<tr>\n<td><\/td>\n<td>HART<\/td>\n<\/tr>\n<tr>\n<td><\/td>\n<td>MODBUS\/RS485<\/td>\n<\/tr>\n<tr>\n<td>Protection<\/td>\n<td>IP67<\/td>\n<\/tr>\n<tr>\n<td>ATEX<\/td>\n<td>Exia II CT6<\/td>\n<\/tr>\n<tr>\n<td><\/td>\n<td>Exd II BT4<\/td>\n<\/tr>\n<tr>\n<td>Affichage<\/td>\n<td>LCD si besoin<\/td>\n<\/tr>\n<tr>\n<td>R\u00e9glage des param\u00e8tres<\/td>\n<td>Oui<\/td>\n<\/tr>\n<tr>\n<td>Mat\u00e9riaux<\/td>\n<td>Bo\u00eetier en ABS\/PVC\/PTFE<\/td>\n<\/tr>\n<\/tbody>\n<\/table>\n<\/div>\n<\/div>\n<\/div>\n<\/div>\n<\/div>\n<\/div>\n<\/div>\n<div class=\"containerFormsCenterMiddle J_containerFormsCenterMiddle\">\n<div class=\"clearfloat\"><\/div>\n<\/div>\n<\/div>\n<\/div>\n<\/div>\n<\/div>\n<\/div>\n<\/div>\n<\/div>\n<div class=\"containerFormsCenterMiddle J_containerFormsCenterMiddle\">\n<div class=\"clearfloat\"><\/div>\n<\/div>\n<\/div>\n<\/div>\n<\/div>\n<\/div>\n<\/div>\n<\/div>\n<\/div>\n<div class=\"containerFormsCenterMiddle J_containerFormsCenterMiddle\">\n<div class=\"clearfloat\"><\/div>\n<\/div>\n\n<\/div>\n<\/div>\n<\/section>\n\n<section class=\"av_tab_section\"  itemscope=\"itemscope\" itemtype=\"https:\/\/schema.org\/CreativeWork\" ><div aria-controls=\"tab-id-2-content\" role=\"tab\" tabindex=\"0\" data-fake-id=\"#tab-id-2\" class=\"tab\"  itemprop=\"headline\" >Documentation<\/div>\n<div id=\"tab-id-2-content\" class=\"tab_content\" aria-hidden=\"true\">\n<div class=\"tab_inner_content invers-color\"  itemprop=\"text\" >\n<p>Documentation \u00e0 t\u00e9l\u00e9charger<\/p>\n<p><a href=\"https:\/\/www.smaat-techniques.com\/wp-content\/uploads\/2021\/05\/Smaat-Techniques-Brochure.pdf\" target=\"_blank\" rel=\"noopener\">Smaat-Techniques-Brochure.pdf<\/a><\/p>\n\n<\/div>\n<\/div>\n<\/section>\n\n<\/div><\/div>","protected":false},"excerpt":{"rendered":"","protected":false},"author":1,"featured_media":0,"parent":0,"menu_order":0,"comment_status":"closed","ping_status":"closed","template":"","meta":{"footnotes":""},"class_list":["post-1176","page","type-page","status-publish","hentry"],"yoast_head":"<!-- This site is optimized with the Yoast SEO plugin v27.6 - https:\/\/yoast.com\/product\/yoast-seo-wordpress\/ -->\n<title>Niveau par ultrason ulcx - Smaat Techniques<\/title>\n<meta name=\"robots\" content=\"index, follow, max-snippet:-1, max-image-preview:large, max-video-preview:-1\" \/>\n<link rel=\"canonical\" href=\"https:\/\/www.smaat-techniques.com\/en\/niveau-par-ultrason-ulcx\/\" \/>\n<meta property=\"og:locale\" content=\"en_GB\" \/>\n<meta property=\"og:type\" content=\"article\" \/>\n<meta property=\"og:title\" content=\"Niveau par ultrason ulcx - Smaat Techniques\" \/>\n<meta property=\"og:url\" content=\"https:\/\/www.smaat-techniques.com\/en\/niveau-par-ultrason-ulcx\/\" \/>\n<meta property=\"og:site_name\" content=\"Smaat Techniques\" \/>\n<meta property=\"article:modified_time\" content=\"2021-05-27T14:16:43+00:00\" \/>\n<meta name=\"twitter:card\" content=\"summary_large_image\" \/>\n<meta name=\"twitter:label1\" content=\"Estimated reading time\" \/>\n\t<meta name=\"twitter:data1\" content=\"6 minutes\" \/>\n<script type=\"application\/ld+json\" class=\"yoast-schema-graph\">{\"@context\":\"https:\\\/\\\/schema.org\",\"@graph\":[{\"@type\":\"WebPage\",\"@id\":\"https:\\\/\\\/www.smaat-techniques.com\\\/niveau-par-ultrason-ulcx\\\/\",\"url\":\"https:\\\/\\\/www.smaat-techniques.com\\\/niveau-par-ultrason-ulcx\\\/\",\"name\":\"Niveau par ultrason ulcx - Smaat Techniques\",\"isPartOf\":{\"@id\":\"https:\\\/\\\/www.smaat-techniques.com\\\/#website\"},\"datePublished\":\"2021-04-26T13:50:18+00:00\",\"dateModified\":\"2021-05-27T14:16:43+00:00\",\"breadcrumb\":{\"@id\":\"https:\\\/\\\/www.smaat-techniques.com\\\/niveau-par-ultrason-ulcx\\\/#breadcrumb\"},\"inLanguage\":\"en-GB\",\"potentialAction\":[{\"@type\":\"ReadAction\",\"target\":[\"https:\\\/\\\/www.smaat-techniques.com\\\/niveau-par-ultrason-ulcx\\\/\"]}]},{\"@type\":\"BreadcrumbList\",\"@id\":\"https:\\\/\\\/www.smaat-techniques.com\\\/niveau-par-ultrason-ulcx\\\/#breadcrumb\",\"itemListElement\":[{\"@type\":\"ListItem\",\"position\":1,\"name\":\"Accueil\",\"item\":\"https:\\\/\\\/www.smaat-techniques.com\\\/home\\\/\"},{\"@type\":\"ListItem\",\"position\":2,\"name\":\"Niveau par ultrason ulcx\"}]},{\"@type\":\"WebSite\",\"@id\":\"https:\\\/\\\/www.smaat-techniques.com\\\/#website\",\"url\":\"https:\\\/\\\/www.smaat-techniques.com\\\/\",\"name\":\"Smaat Techniques\",\"description\":\"Appareils de mesure et de contr\u00f4le\",\"potentialAction\":[{\"@type\":\"SearchAction\",\"target\":{\"@type\":\"EntryPoint\",\"urlTemplate\":\"https:\\\/\\\/www.smaat-techniques.com\\\/?s={search_term_string}\"},\"query-input\":{\"@type\":\"PropertyValueSpecification\",\"valueRequired\":true,\"valueName\":\"search_term_string\"}}],\"inLanguage\":\"en-GB\"}]}<\/script>\n<!-- \/ Yoast SEO plugin. -->","yoast_head_json":{"title":"Niveau par ultrason ulcx - Smaat Techniques","robots":{"index":"index","follow":"follow","max-snippet":"max-snippet:-1","max-image-preview":"max-image-preview:large","max-video-preview":"max-video-preview:-1"},"canonical":"https:\/\/www.smaat-techniques.com\/en\/niveau-par-ultrason-ulcx\/","og_locale":"en_GB","og_type":"article","og_title":"Niveau par ultrason ulcx - Smaat Techniques","og_url":"https:\/\/www.smaat-techniques.com\/en\/niveau-par-ultrason-ulcx\/","og_site_name":"Smaat Techniques","article_modified_time":"2021-05-27T14:16:43+00:00","twitter_card":"summary_large_image","twitter_misc":{"Estimated reading time":"6 minutes"},"schema":{"@context":"https:\/\/schema.org","@graph":[{"@type":"WebPage","@id":"https:\/\/www.smaat-techniques.com\/niveau-par-ultrason-ulcx\/","url":"https:\/\/www.smaat-techniques.com\/niveau-par-ultrason-ulcx\/","name":"Niveau par ultrason ulcx - Smaat Techniques","isPartOf":{"@id":"https:\/\/www.smaat-techniques.com\/#website"},"datePublished":"2021-04-26T13:50:18+00:00","dateModified":"2021-05-27T14:16:43+00:00","breadcrumb":{"@id":"https:\/\/www.smaat-techniques.com\/niveau-par-ultrason-ulcx\/#breadcrumb"},"inLanguage":"en-GB","potentialAction":[{"@type":"ReadAction","target":["https:\/\/www.smaat-techniques.com\/niveau-par-ultrason-ulcx\/"]}]},{"@type":"BreadcrumbList","@id":"https:\/\/www.smaat-techniques.com\/niveau-par-ultrason-ulcx\/#breadcrumb","itemListElement":[{"@type":"ListItem","position":1,"name":"Accueil","item":"https:\/\/www.smaat-techniques.com\/home\/"},{"@type":"ListItem","position":2,"name":"Niveau par ultrason ulcx"}]},{"@type":"WebSite","@id":"https:\/\/www.smaat-techniques.com\/#website","url":"https:\/\/www.smaat-techniques.com\/","name":"Smaat Techniques","description":"Appareils de mesure et de contr\u00f4le","potentialAction":[{"@type":"SearchAction","target":{"@type":"EntryPoint","urlTemplate":"https:\/\/www.smaat-techniques.com\/?s={search_term_string}"},"query-input":{"@type":"PropertyValueSpecification","valueRequired":true,"valueName":"search_term_string"}}],"inLanguage":"en-GB"}]}},"_links":{"self":[{"href":"https:\/\/www.smaat-techniques.com\/en\/wp-json\/wp\/v2\/pages\/1176","targetHints":{"allow":["GET"]}}],"collection":[{"href":"https:\/\/www.smaat-techniques.com\/en\/wp-json\/wp\/v2\/pages"}],"about":[{"href":"https:\/\/www.smaat-techniques.com\/en\/wp-json\/wp\/v2\/types\/page"}],"author":[{"embeddable":true,"href":"https:\/\/www.smaat-techniques.com\/en\/wp-json\/wp\/v2\/users\/1"}],"replies":[{"embeddable":true,"href":"https:\/\/www.smaat-techniques.com\/en\/wp-json\/wp\/v2\/comments?post=1176"}],"version-history":[{"count":8,"href":"https:\/\/www.smaat-techniques.com\/en\/wp-json\/wp\/v2\/pages\/1176\/revisions"}],"predecessor-version":[{"id":1777,"href":"https:\/\/www.smaat-techniques.com\/en\/wp-json\/wp\/v2\/pages\/1176\/revisions\/1777"}],"wp:attachment":[{"href":"https:\/\/www.smaat-techniques.com\/en\/wp-json\/wp\/v2\/media?parent=1176"}],"curies":[{"name":"wp","href":"https:\/\/api.w.org\/{rel}","templated":true}]}}