{"id":1112,"date":"2021-04-25T23:19:22","date_gmt":"2021-04-25T21:19:22","guid":{"rendered":"https:\/\/smaat.2n-tech.com\/?page_id=1112"},"modified":"2021-05-27T14:57:39","modified_gmt":"2021-05-27T12:57:39","slug":"debitmetre-vortex","status":"publish","type":"page","link":"https:\/\/www.smaat-techniques.com\/en\/debitmetre-vortex\/","title":{"rendered":"D\u00e9bitm\u00e8tre vortex"},"content":{"rendered":"<div class=\"flex_column av_one_fourth  flex_column_div av-zero-column-padding first  avia-builder-el-0  el_before_av_one_fourth  avia-builder-el-first\" style='border-radius:0px; '><p><section class=\"av_textblock_section\"  itemscope=\"itemscope\" itemtype=\"https:\/\/schema.org\/CreativeWork\" ><div class='avia_textblock'   itemprop=\"text\" ><p><a href=\"https:\/\/www.smaat-techniques.com\/en\/nos-produits\/\">Tous nos produits<\/a><\/p>\n<\/div><\/section><br \/>\n<section class=\"av_textblock_section\"  itemscope=\"itemscope\" itemtype=\"https:\/\/schema.org\/CreativeWork\" ><div class='avia_textblock'   itemprop=\"text\" ><p><a href=\"https:\/\/www.smaat-techniques.com\/en\/debitmetre-electromagnetique\/\">D\u00e9bitm\u00e8tre \u00e9lectromagn\u00e9tique<\/a><\/p>\n<\/div><\/section><br \/>\n<section class=\"av_textblock_section\"  itemscope=\"itemscope\" itemtype=\"https:\/\/schema.org\/CreativeWork\" ><div class='avia_textblock'   itemprop=\"text\" ><p><a href=\"https:\/\/www.smaat-techniques.com\/en\/transmetteur-de-pression-differentiel\/\">Transmetteur de pression diff\u00e9rentiel<\/a><\/p>\n<\/div><\/section><br \/>\n<section class=\"av_textblock_section\"  itemscope=\"itemscope\" itemtype=\"https:\/\/schema.org\/CreativeWork\" ><div class='avia_textblock'   itemprop=\"text\" ><p><a href=\"https:\/\/www.smaat-techniques.com\/en\/transmetteur-de-pression\/\">Transmetteur de pression<\/a><\/p>\n<\/div><\/section><br \/>\n<section class=\"av_textblock_section\"  itemscope=\"itemscope\" itemtype=\"https:\/\/schema.org\/CreativeWork\" ><div class='avia_textblock'   itemprop=\"text\" ><p><a href=\"https:\/\/www.smaat-techniques.com\/en\/debitmetre-vortex\/\">D\u00e9bitm\u00e8tre vortex<\/a><\/p>\n<\/div><\/section><br \/>\n<section class=\"av_textblock_section\"  itemscope=\"itemscope\" itemtype=\"https:\/\/schema.org\/CreativeWork\" ><div class='avia_textblock'   itemprop=\"text\" ><p><a href=\"https:\/\/www.smaat-techniques.com\/en\/niveau-par-ultrason\/\">Niveau par ultrason<\/a><\/p>\n<\/div><\/section><br \/>\n<section class=\"av_textblock_section\"  itemscope=\"itemscope\" itemtype=\"https:\/\/schema.org\/CreativeWork\" ><div class='avia_textblock'   itemprop=\"text\" ><p><a href=\"https:\/\/www.smaat-techniques.com\/en\/instrument-hydrologique\/\"><span class=\"VIiyi\" lang=\"fr\"><span class=\"JLqJ4b ChMk0b\" data-language-for-alternatives=\"fr\" data-language-to-translate-into=\"zh-CN\" data-phrase-index=\"0\">Instrument hydrologique<\/span><\/span><\/a><\/p>\n<\/div><\/section><\/p><\/div>\n<div class=\"flex_column av_one_fourth  flex_column_div av-zero-column-padding   avia-builder-el-8  el_after_av_one_fourth  el_before_av_one_fourth\" style='border-radius:0px; '><p><div  class='avia-image-container  av-styling-    avia-builder-el-9  el_before_av_textblock  avia-builder-el-first  avia-align-center'  itemprop=\"image\" itemscope=\"itemscope\" itemtype=\"https:\/\/schema.org\/ImageObject\"  ><div class='avia-image-container-inner'><div class='avia-image-overlay-wrap'><a href='https:\/\/www.smaat-techniques.com\/en\/debitmetre-vortex-a-bride-dv100-f\/' class='avia_image'  ><img decoding=\"async\" width=\"300\" height=\"300\" class='wp-image-1140 avia-img-lazy-loading-not-1140 avia_image' src=\"https:\/\/www.smaat-techniques.com\/wp-content\/uploads\/2021\/04\/debitmetre-vortex-2-300x300.jpg\" alt='d\u00e9bitm\u00e8tre vortex' title='d\u00e9bitm\u00e8tre vortex'  itemprop=\"thumbnailUrl\" srcset=\"https:\/\/www.smaat-techniques.com\/wp-content\/uploads\/2021\/04\/debitmetre-vortex-2-300x300.jpg 300w, https:\/\/www.smaat-techniques.com\/wp-content\/uploads\/2021\/04\/debitmetre-vortex-2-1030x1025.jpg 1030w, https:\/\/www.smaat-techniques.com\/wp-content\/uploads\/2021\/04\/debitmetre-vortex-2-80x80.jpg 80w, https:\/\/www.smaat-techniques.com\/wp-content\/uploads\/2021\/04\/debitmetre-vortex-2-1536x1529.jpg 1536w, https:\/\/www.smaat-techniques.com\/wp-content\/uploads\/2021\/04\/debitmetre-vortex-2-12x12.jpg 12w, https:\/\/www.smaat-techniques.com\/wp-content\/uploads\/2021\/04\/debitmetre-vortex-2-36x36.jpg 36w, https:\/\/www.smaat-techniques.com\/wp-content\/uploads\/2021\/04\/debitmetre-vortex-2-180x180.jpg 180w, https:\/\/www.smaat-techniques.com\/wp-content\/uploads\/2021\/04\/debitmetre-vortex-2-1500x1493.jpg 1500w, https:\/\/www.smaat-techniques.com\/wp-content\/uploads\/2021\/04\/debitmetre-vortex-2-705x702.jpg 705w, https:\/\/www.smaat-techniques.com\/wp-content\/uploads\/2021\/04\/debitmetre-vortex-2.jpg 1730w\" sizes=\"(max-width: 300px) 100vw, 300px\" \/><\/a><\/div><\/div><\/div><br \/>\n<section class=\"av_textblock_section\"  itemscope=\"itemscope\" itemtype=\"https:\/\/schema.org\/CreativeWork\" ><div class='avia_textblock'   itemprop=\"text\" ><p style=\"text-align: center;\"><a href=\"https:\/\/www.smaat-techniques.com\/en\/debitmetre-vortex-a-bride-dv100-f\/\">D\u00e9bitm\u00e8tre vortex \u00e0 bride DV100-F<\/a><\/p>\n<\/div><\/section><br \/>\n<div  class='avia-image-container  av-styling-    avia-builder-el-11  el_after_av_textblock  el_before_av_textblock  avia-align-center'  itemprop=\"image\" itemscope=\"itemscope\" itemtype=\"https:\/\/schema.org\/ImageObject\"  ><div class='avia-image-container-inner'><div class='avia-image-overlay-wrap'><a href='https:\/\/www.smaat-techniques.com\/en\/debitmetre-vortex-a-bride-dv100-a-inserer\/' class='avia_image'  ><img decoding=\"async\" width=\"300\" height=\"300\" class='wp-image-1747 avia-img-lazy-loading-not-1747 avia_image' src=\"https:\/\/www.smaat-techniques.com\/wp-content\/uploads\/2021\/05\/\u63d2\u5165\u5f0f\u6da1\u8857-300x300.jpg\" alt='DV100-\u00e0 ins\u00e9rer d\u00e9bitm\u00e8tre vortex SMAAT' title='DV100-\u00e0 ins\u00e9rer d\u00e9bitm\u00e8tre vortex SMAAT'  itemprop=\"thumbnailUrl\" srcset=\"https:\/\/www.smaat-techniques.com\/wp-content\/uploads\/2021\/05\/\u63d2\u5165\u5f0f\u6da1\u8857-300x300.jpg 300w, https:\/\/www.smaat-techniques.com\/wp-content\/uploads\/2021\/05\/\u63d2\u5165\u5f0f\u6da1\u8857-1030x1030.jpg 1030w, https:\/\/www.smaat-techniques.com\/wp-content\/uploads\/2021\/05\/\u63d2\u5165\u5f0f\u6da1\u8857-80x80.jpg 80w, https:\/\/www.smaat-techniques.com\/wp-content\/uploads\/2021\/05\/\u63d2\u5165\u5f0f\u6da1\u8857-768x768.jpg 768w, https:\/\/www.smaat-techniques.com\/wp-content\/uploads\/2021\/05\/\u63d2\u5165\u5f0f\u6da1\u8857-1536x1536.jpg 1536w, https:\/\/www.smaat-techniques.com\/wp-content\/uploads\/2021\/05\/\u63d2\u5165\u5f0f\u6da1\u8857-2048x2048.jpg 2048w, https:\/\/www.smaat-techniques.com\/wp-content\/uploads\/2021\/05\/\u63d2\u5165\u5f0f\u6da1\u8857-12x12.jpg 12w, https:\/\/www.smaat-techniques.com\/wp-content\/uploads\/2021\/05\/\u63d2\u5165\u5f0f\u6da1\u8857-36x36.jpg 36w, https:\/\/www.smaat-techniques.com\/wp-content\/uploads\/2021\/05\/\u63d2\u5165\u5f0f\u6da1\u8857-180x180.jpg 180w, https:\/\/www.smaat-techniques.com\/wp-content\/uploads\/2021\/05\/\u63d2\u5165\u5f0f\u6da1\u8857-1500x1500.jpg 1500w, https:\/\/www.smaat-techniques.com\/wp-content\/uploads\/2021\/05\/\u63d2\u5165\u5f0f\u6da1\u8857-705x705.jpg 705w\" sizes=\"(max-width: 300px) 100vw, 300px\" \/><\/a><\/div><\/div><\/div><br \/>\n<section class=\"av_textblock_section\"  itemscope=\"itemscope\" itemtype=\"https:\/\/schema.org\/CreativeWork\" ><div class='avia_textblock'   itemprop=\"text\" ><p style=\"text-align: center;\"><a href=\"https:\/\/www.smaat-techniques.com\/en\/debitmetre-vortex-a-bride-dv100-a-inserer\/\">D\u00e9bitm\u00e8tre vortex \u00e0 bride DV100-\u00e0 ins\u00e9rer<\/a><\/p>\n<\/div><\/section><\/p><\/div>\n<div class=\"flex_column av_one_fourth  flex_column_div av-zero-column-padding   avia-builder-el-13  el_after_av_one_fourth  el_before_av_one_fourth\" style='border-radius:0px; '><p><div  class='avia-image-container  av-styling-    avia-builder-el-14  el_before_av_textblock  avia-builder-el-first  avia-align-center'  itemprop=\"image\" itemscope=\"itemscope\" itemtype=\"https:\/\/schema.org\/ImageObject\"  ><div class='avia-image-container-inner'><div class='avia-image-overlay-wrap'><a href='https:\/\/www.smaat-techniques.com\/en\/debitmetre-vortex-a-bride-dv100-f-ht\/' class='avia_image'  ><img decoding=\"async\" width=\"300\" height=\"300\" class='wp-image-1746 avia-img-lazy-loading-not-1746 avia_image' src=\"https:\/\/www.smaat-techniques.com\/wp-content\/uploads\/2021\/05\/DV100-F-\u6cd5\u5170\u5f0f\u9ad8\u6e29\u9ad8\u538b\u6da1\u8857-300x300.jpg\" alt='DV100-F d\u00e9bitm\u00e8tre vortex SMAAT' title='DV100-F d\u00e9bitm\u00e8tre vortex SMAAT'  itemprop=\"thumbnailUrl\" srcset=\"https:\/\/www.smaat-techniques.com\/wp-content\/uploads\/2021\/05\/DV100-F-\u6cd5\u5170\u5f0f\u9ad8\u6e29\u9ad8\u538b\u6da1\u8857-300x300.jpg 300w, https:\/\/www.smaat-techniques.com\/wp-content\/uploads\/2021\/05\/DV100-F-\u6cd5\u5170\u5f0f\u9ad8\u6e29\u9ad8\u538b\u6da1\u8857-1030x1030.jpg 1030w, https:\/\/www.smaat-techniques.com\/wp-content\/uploads\/2021\/05\/DV100-F-\u6cd5\u5170\u5f0f\u9ad8\u6e29\u9ad8\u538b\u6da1\u8857-80x80.jpg 80w, https:\/\/www.smaat-techniques.com\/wp-content\/uploads\/2021\/05\/DV100-F-\u6cd5\u5170\u5f0f\u9ad8\u6e29\u9ad8\u538b\u6da1\u8857-768x768.jpg 768w, https:\/\/www.smaat-techniques.com\/wp-content\/uploads\/2021\/05\/DV100-F-\u6cd5\u5170\u5f0f\u9ad8\u6e29\u9ad8\u538b\u6da1\u8857-1536x1536.jpg 1536w, https:\/\/www.smaat-techniques.com\/wp-content\/uploads\/2021\/05\/DV100-F-\u6cd5\u5170\u5f0f\u9ad8\u6e29\u9ad8\u538b\u6da1\u8857-2048x2048.jpg 2048w, https:\/\/www.smaat-techniques.com\/wp-content\/uploads\/2021\/05\/DV100-F-\u6cd5\u5170\u5f0f\u9ad8\u6e29\u9ad8\u538b\u6da1\u8857-12x12.jpg 12w, https:\/\/www.smaat-techniques.com\/wp-content\/uploads\/2021\/05\/DV100-F-\u6cd5\u5170\u5f0f\u9ad8\u6e29\u9ad8\u538b\u6da1\u8857-36x36.jpg 36w, https:\/\/www.smaat-techniques.com\/wp-content\/uploads\/2021\/05\/DV100-F-\u6cd5\u5170\u5f0f\u9ad8\u6e29\u9ad8\u538b\u6da1\u8857-180x180.jpg 180w, https:\/\/www.smaat-techniques.com\/wp-content\/uploads\/2021\/05\/DV100-F-\u6cd5\u5170\u5f0f\u9ad8\u6e29\u9ad8\u538b\u6da1\u8857-1500x1500.jpg 1500w, https:\/\/www.smaat-techniques.com\/wp-content\/uploads\/2021\/05\/DV100-F-\u6cd5\u5170\u5f0f\u9ad8\u6e29\u9ad8\u538b\u6da1\u8857-705x705.jpg 705w\" sizes=\"(max-width: 300px) 100vw, 300px\" \/><\/a><\/div><\/div><\/div><br \/>\n<section class=\"av_textblock_section\"  itemscope=\"itemscope\" itemtype=\"https:\/\/schema.org\/CreativeWork\" ><div class='avia_textblock'   itemprop=\"text\" ><p style=\"text-align: center;\"><a href=\"https:\/\/www.smaat-techniques.com\/en\/debitmetre-vortex-a-bride-dv100-f-ht\/\">D\u00e9bitm\u00e8tre vortex \u00e0 bride DV100-F \u00e0 haute temp\u00e9rature<\/a><\/p>\n<\/div><\/section><br \/>\n<div  class='avia-image-container  av-styling-    avia-builder-el-16  el_after_av_textblock  el_before_av_textblock  avia-align-center'  itemprop=\"image\" itemscope=\"itemscope\" itemtype=\"https:\/\/schema.org\/ImageObject\"  ><div class='avia-image-container-inner'><div class='avia-image-overlay-wrap'><a href='https:\/\/www.smaat-techniques.com\/en\/debitmetre-vortex-a-bride-dv100-a-visser\/' class='avia_image'  ><img decoding=\"async\" width=\"300\" height=\"300\" class='wp-image-1748 avia-img-lazy-loading-not-1748 avia_image' src=\"https:\/\/www.smaat-techniques.com\/wp-content\/uploads\/2021\/05\/\u87ba\u7eb9\u5f0f\u6da1\u8857-300x300.jpg\" alt='DV100-\u00e0 visser d\u00e9bitm\u00e8tre vortex SMAAT' title='DV100-\u00e0 visser d\u00e9bitm\u00e8tre vortex SMAAT'  itemprop=\"thumbnailUrl\" srcset=\"https:\/\/www.smaat-techniques.com\/wp-content\/uploads\/2021\/05\/\u87ba\u7eb9\u5f0f\u6da1\u8857-300x300.jpg 300w, https:\/\/www.smaat-techniques.com\/wp-content\/uploads\/2021\/05\/\u87ba\u7eb9\u5f0f\u6da1\u8857-1030x1030.jpg 1030w, https:\/\/www.smaat-techniques.com\/wp-content\/uploads\/2021\/05\/\u87ba\u7eb9\u5f0f\u6da1\u8857-80x80.jpg 80w, https:\/\/www.smaat-techniques.com\/wp-content\/uploads\/2021\/05\/\u87ba\u7eb9\u5f0f\u6da1\u8857-768x768.jpg 768w, https:\/\/www.smaat-techniques.com\/wp-content\/uploads\/2021\/05\/\u87ba\u7eb9\u5f0f\u6da1\u8857-1536x1536.jpg 1536w, https:\/\/www.smaat-techniques.com\/wp-content\/uploads\/2021\/05\/\u87ba\u7eb9\u5f0f\u6da1\u8857-12x12.jpg 12w, https:\/\/www.smaat-techniques.com\/wp-content\/uploads\/2021\/05\/\u87ba\u7eb9\u5f0f\u6da1\u8857-36x36.jpg 36w, https:\/\/www.smaat-techniques.com\/wp-content\/uploads\/2021\/05\/\u87ba\u7eb9\u5f0f\u6da1\u8857-180x180.jpg 180w, https:\/\/www.smaat-techniques.com\/wp-content\/uploads\/2021\/05\/\u87ba\u7eb9\u5f0f\u6da1\u8857-1500x1500.jpg 1500w, https:\/\/www.smaat-techniques.com\/wp-content\/uploads\/2021\/05\/\u87ba\u7eb9\u5f0f\u6da1\u8857-705x705.jpg 705w, https:\/\/www.smaat-techniques.com\/wp-content\/uploads\/2021\/05\/\u87ba\u7eb9\u5f0f\u6da1\u8857.jpg 1772w\" sizes=\"(max-width: 300px) 100vw, 300px\" \/><\/a><\/div><\/div><\/div><br \/>\n<section class=\"av_textblock_section\"  itemscope=\"itemscope\" itemtype=\"https:\/\/schema.org\/CreativeWork\" ><div class='avia_textblock'   itemprop=\"text\" ><p style=\"text-align: center;\"><a href=\"https:\/\/www.smaat-techniques.com\/en\/debitmetre-vortex-a-bride-dv100-a-visser\/\">D\u00e9bitm\u00e8tre vortex \u00e0 bride DV100-\u00e0 visser<\/a><\/p>\n<\/div><\/section><\/p><\/div><div class=\"flex_column av_one_fourth  flex_column_div av-zero-column-padding   avia-builder-el-18  el_after_av_one_fourth  avia-builder-el-last\" style='border-radius:0px; '><p><div  class='avia-image-container  av-styling-    avia-builder-el-19  el_before_av_textblock  avia-builder-el-first  avia-align-center'  itemprop=\"image\" itemscope=\"itemscope\" itemtype=\"https:\/\/schema.org\/ImageObject\"  ><div class='avia-image-container-inner'><div class='avia-image-overlay-wrap'><a href='https:\/\/www.smaat-techniques.com\/en\/debitmetre-vortex-a-bride-dv100-c\/' class='avia_image'  ><img decoding=\"async\" width=\"300\" height=\"300\" class='wp-image-1745 avia-img-lazy-loading-not-1745 avia_image' src=\"https:\/\/www.smaat-techniques.com\/wp-content\/uploads\/2021\/05\/DV100-C-\u5939\u6301\u5f0f\u6da1\u8857-300x300.jpg\" alt='DV100-C d\u00e9bitm\u00e8tre vortex SMAAT' title='DV100-C d\u00e9bitm\u00e8tre vortex SMAAT'  itemprop=\"thumbnailUrl\" srcset=\"https:\/\/www.smaat-techniques.com\/wp-content\/uploads\/2021\/05\/DV100-C-\u5939\u6301\u5f0f\u6da1\u8857-300x300.jpg 300w, https:\/\/www.smaat-techniques.com\/wp-content\/uploads\/2021\/05\/DV100-C-\u5939\u6301\u5f0f\u6da1\u8857-1030x1030.jpg 1030w, https:\/\/www.smaat-techniques.com\/wp-content\/uploads\/2021\/05\/DV100-C-\u5939\u6301\u5f0f\u6da1\u8857-80x80.jpg 80w, https:\/\/www.smaat-techniques.com\/wp-content\/uploads\/2021\/05\/DV100-C-\u5939\u6301\u5f0f\u6da1\u8857-768x768.jpg 768w, https:\/\/www.smaat-techniques.com\/wp-content\/uploads\/2021\/05\/DV100-C-\u5939\u6301\u5f0f\u6da1\u8857-1536x1536.jpg 1536w, https:\/\/www.smaat-techniques.com\/wp-content\/uploads\/2021\/05\/DV100-C-\u5939\u6301\u5f0f\u6da1\u8857-12x12.jpg 12w, https:\/\/www.smaat-techniques.com\/wp-content\/uploads\/2021\/05\/DV100-C-\u5939\u6301\u5f0f\u6da1\u8857-36x36.jpg 36w, https:\/\/www.smaat-techniques.com\/wp-content\/uploads\/2021\/05\/DV100-C-\u5939\u6301\u5f0f\u6da1\u8857-180x180.jpg 180w, https:\/\/www.smaat-techniques.com\/wp-content\/uploads\/2021\/05\/DV100-C-\u5939\u6301\u5f0f\u6da1\u8857-1500x1500.jpg 1500w, https:\/\/www.smaat-techniques.com\/wp-content\/uploads\/2021\/05\/DV100-C-\u5939\u6301\u5f0f\u6da1\u8857-705x705.jpg 705w, https:\/\/www.smaat-techniques.com\/wp-content\/uploads\/2021\/05\/DV100-C-\u5939\u6301\u5f0f\u6da1\u8857.jpg 1772w\" sizes=\"(max-width: 300px) 100vw, 300px\" \/><\/a><\/div><\/div><\/div><br \/>\n<section class=\"av_textblock_section\"  itemscope=\"itemscope\" itemtype=\"https:\/\/schema.org\/CreativeWork\" ><div class='avia_textblock'   itemprop=\"text\" ><p style=\"text-align: center;\"><a href=\"https:\/\/www.smaat-techniques.com\/en\/debitmetre-vortex-a-bride-dv100-c\/\">D\u00e9bitm\u00e8tre vortex \u00e0 ins\u00e9rer entre brides DV100-C<\/a><\/p>\n<\/div><\/section><\/p><\/div><\/p>","protected":false},"excerpt":{"rendered":"","protected":false},"author":1,"featured_media":0,"parent":0,"menu_order":0,"comment_status":"closed","ping_status":"closed","template":"","meta":{"footnotes":""},"class_list":["post-1112","page","type-page","status-publish","hentry"],"yoast_head":"<!-- This site is optimized with the Yoast SEO plugin v27.6 - https:\/\/yoast.com\/product\/yoast-seo-wordpress\/ -->\n<title>D\u00e9bitm\u00e8tre vortex - Smaat Techniques<\/title>\n<meta name=\"robots\" content=\"index, follow, max-snippet:-1, max-image-preview:large, max-video-preview:-1\" \/>\n<link rel=\"canonical\" href=\"https:\/\/www.smaat-techniques.com\/en\/debitmetre-vortex\/\" \/>\n<meta property=\"og:locale\" content=\"en_GB\" \/>\n<meta property=\"og:type\" content=\"article\" \/>\n<meta property=\"og:title\" content=\"D\u00e9bitm\u00e8tre vortex - Smaat Techniques\" \/>\n<meta property=\"og:url\" content=\"https:\/\/www.smaat-techniques.com\/en\/debitmetre-vortex\/\" \/>\n<meta property=\"og:site_name\" content=\"Smaat Techniques\" \/>\n<meta property=\"article:modified_time\" content=\"2021-05-27T12:57:39+00:00\" \/>\n<meta name=\"twitter:card\" content=\"summary_large_image\" \/>\n<meta name=\"twitter:label1\" content=\"Estimated reading time\" \/>\n\t<meta name=\"twitter:data1\" content=\"7 minutes\" \/>\n<script type=\"application\/ld+json\" class=\"yoast-schema-graph\">{\"@context\":\"https:\\\/\\\/schema.org\",\"@graph\":[{\"@type\":\"WebPage\",\"@id\":\"https:\\\/\\\/www.smaat-techniques.com\\\/debitmetre-vortex\\\/\",\"url\":\"https:\\\/\\\/www.smaat-techniques.com\\\/debitmetre-vortex\\\/\",\"name\":\"D\u00e9bitm\u00e8tre vortex - Smaat Techniques\",\"isPartOf\":{\"@id\":\"https:\\\/\\\/www.smaat-techniques.com\\\/#website\"},\"datePublished\":\"2021-04-25T21:19:22+00:00\",\"dateModified\":\"2021-05-27T12:57:39+00:00\",\"breadcrumb\":{\"@id\":\"https:\\\/\\\/www.smaat-techniques.com\\\/debitmetre-vortex\\\/#breadcrumb\"},\"inLanguage\":\"en-GB\",\"potentialAction\":[{\"@type\":\"ReadAction\",\"target\":[\"https:\\\/\\\/www.smaat-techniques.com\\\/debitmetre-vortex\\\/\"]}]},{\"@type\":\"BreadcrumbList\",\"@id\":\"https:\\\/\\\/www.smaat-techniques.com\\\/debitmetre-vortex\\\/#breadcrumb\",\"itemListElement\":[{\"@type\":\"ListItem\",\"position\":1,\"name\":\"Accueil\",\"item\":\"https:\\\/\\\/www.smaat-techniques.com\\\/home\\\/\"},{\"@type\":\"ListItem\",\"position\":2,\"name\":\"D\u00e9bitm\u00e8tre vortex\"}]},{\"@type\":\"WebSite\",\"@id\":\"https:\\\/\\\/www.smaat-techniques.com\\\/#website\",\"url\":\"https:\\\/\\\/www.smaat-techniques.com\\\/\",\"name\":\"Smaat Techniques\",\"description\":\"Appareils de mesure et de contr\u00f4le\",\"potentialAction\":[{\"@type\":\"SearchAction\",\"target\":{\"@type\":\"EntryPoint\",\"urlTemplate\":\"https:\\\/\\\/www.smaat-techniques.com\\\/?s={search_term_string}\"},\"query-input\":{\"@type\":\"PropertyValueSpecification\",\"valueRequired\":true,\"valueName\":\"search_term_string\"}}],\"inLanguage\":\"en-GB\"}]}<\/script>\n<!-- \/ Yoast SEO plugin. -->","yoast_head_json":{"title":"D\u00e9bitm\u00e8tre vortex - Smaat Techniques","robots":{"index":"index","follow":"follow","max-snippet":"max-snippet:-1","max-image-preview":"max-image-preview:large","max-video-preview":"max-video-preview:-1"},"canonical":"https:\/\/www.smaat-techniques.com\/en\/debitmetre-vortex\/","og_locale":"en_GB","og_type":"article","og_title":"D\u00e9bitm\u00e8tre vortex - Smaat Techniques","og_url":"https:\/\/www.smaat-techniques.com\/en\/debitmetre-vortex\/","og_site_name":"Smaat Techniques","article_modified_time":"2021-05-27T12:57:39+00:00","twitter_card":"summary_large_image","twitter_misc":{"Estimated reading time":"7 minutes"},"schema":{"@context":"https:\/\/schema.org","@graph":[{"@type":"WebPage","@id":"https:\/\/www.smaat-techniques.com\/debitmetre-vortex\/","url":"https:\/\/www.smaat-techniques.com\/debitmetre-vortex\/","name":"D\u00e9bitm\u00e8tre vortex - Smaat Techniques","isPartOf":{"@id":"https:\/\/www.smaat-techniques.com\/#website"},"datePublished":"2021-04-25T21:19:22+00:00","dateModified":"2021-05-27T12:57:39+00:00","breadcrumb":{"@id":"https:\/\/www.smaat-techniques.com\/debitmetre-vortex\/#breadcrumb"},"inLanguage":"en-GB","potentialAction":[{"@type":"ReadAction","target":["https:\/\/www.smaat-techniques.com\/debitmetre-vortex\/"]}]},{"@type":"BreadcrumbList","@id":"https:\/\/www.smaat-techniques.com\/debitmetre-vortex\/#breadcrumb","itemListElement":[{"@type":"ListItem","position":1,"name":"Accueil","item":"https:\/\/www.smaat-techniques.com\/home\/"},{"@type":"ListItem","position":2,"name":"D\u00e9bitm\u00e8tre vortex"}]},{"@type":"WebSite","@id":"https:\/\/www.smaat-techniques.com\/#website","url":"https:\/\/www.smaat-techniques.com\/","name":"Smaat Techniques","description":"Appareils de mesure et de contr\u00f4le","potentialAction":[{"@type":"SearchAction","target":{"@type":"EntryPoint","urlTemplate":"https:\/\/www.smaat-techniques.com\/?s={search_term_string}"},"query-input":{"@type":"PropertyValueSpecification","valueRequired":true,"valueName":"search_term_string"}}],"inLanguage":"en-GB"}]}},"_links":{"self":[{"href":"https:\/\/www.smaat-techniques.com\/en\/wp-json\/wp\/v2\/pages\/1112","targetHints":{"allow":["GET"]}}],"collection":[{"href":"https:\/\/www.smaat-techniques.com\/en\/wp-json\/wp\/v2\/pages"}],"about":[{"href":"https:\/\/www.smaat-techniques.com\/en\/wp-json\/wp\/v2\/types\/page"}],"author":[{"embeddable":true,"href":"https:\/\/www.smaat-techniques.com\/en\/wp-json\/wp\/v2\/users\/1"}],"replies":[{"embeddable":true,"href":"https:\/\/www.smaat-techniques.com\/en\/wp-json\/wp\/v2\/comments?post=1112"}],"version-history":[{"count":17,"href":"https:\/\/www.smaat-techniques.com\/en\/wp-json\/wp\/v2\/pages\/1112\/revisions"}],"predecessor-version":[{"id":1774,"href":"https:\/\/www.smaat-techniques.com\/en\/wp-json\/wp\/v2\/pages\/1112\/revisions\/1774"}],"wp:attachment":[{"href":"https:\/\/www.smaat-techniques.com\/en\/wp-json\/wp\/v2\/media?parent=1112"}],"curies":[{"name":"wp","href":"https:\/\/api.w.org\/{rel}","templated":true}]}}